{"id":52807,"date":"2021-03-29T09:35:44","date_gmt":"2021-03-29T09:35:44","guid":{"rendered":"https:\/\/donaulife-new.ogrisdigital.at\/produkt\/raw-parchment-papers-30-cm-x-10-m\/"},"modified":"2025-01-15T07:11:31","modified_gmt":"2025-01-15T07:11:31","slug":"raw-parchment-papers-30-cm-x-10-m","status":"publish","type":"product","link":"https:\/\/donaulife-new.ogrisdigital.at\/sv\/raw-parchment-papers-30-cm-x-10-m\/","title":{"rendered":"RAW Parchment Papers | 30 cm x 10 m"},"content":{"rendered":"<h2>RAW Pergament Paper 30 cm x 10 m<\/h2>\n<div>\n<p>RAW Pergamentpapierrollen 300 mm mit Schneidevorrichtung besteht aus einseitig silikonbeschichtetem Pergamentpapier und ist bei Verbrennung ungiftig &#8211; super beim Backen oder beim Bearbeiten und zum Verpacken von klebrigen Substanzen wie Konzentraten etc.<\/p>\n<p>RAW Pergamentpapier enth\u00e4lt KEIN Quilon, eine Chemikalie, die Chrom enth\u00e4lt und eine g\u00fcnstige Variante f\u00fcr die Versiegelung der Oberfl\u00e4che von Backpapieren ist. Mit Quilon beschichtetes Pergamentpapier aber ist bei Verbrennung umweltsch\u00e4dlich!<\/p>\n<p>Nicht-haftendes Pergamentpapier &#8211; mit dieser Silikonbeschichtung funktioniert das effektiv und umweltfreundlich!<\/p>\n<p>Herstellung aus mit Windkraft gewonnener Energie, ohne genetisch modifizierte Organismen, glutenfrei und ein Veganer-freundliches Produkt.<\/p>\n<\/div>\n<div>30 cm breit<\/div>\n<div>10 m pro Packung<\/div>\n<div>6 Packungen pro Schachtel<\/div>\n<h3>\u00dcber RAW:<\/h3>\n<p>RAW &#8211; Die nat\u00fcrliche Art zu rollen.<\/p>\n<p>Seit dem 1. Tag hat RAW den Auftrag, die F\u00fchrungsrolle in der Papierrollenindustrie zu \u00fcbernehmen. RAW hat die Welt des Rauchens revolutioniert, indem sie Produkte geschaffen hat, die von Natur aus genial gestaltet sind, um das Raucherlebnis zu verbessern.<\/p>\n<p>RAW stellt nur qualitativ hochwertige und umweltfreundliche Produkte her, die Ihr Raucherlebnis verbessern, und wir werden das wof\u00fcr wir stehen niemals \u00e4ndern. Wir genie\u00dfen es, unser unraffiniertes Papier jeden Tag zu rauchen, und wir werden es immer komplett rein also &#8220;RAW&#8221; belassen &#8211; f\u00fcr dich und uns!<\/p>\n","protected":false},"excerpt":{"rendered":"<p>RAW Pergament Paper 30 cm x 10 m RAW Pergamentpapierrollen 300 mm mit Schneidevorrichtung besteht aus einseitig silikonbeschichtetem Pergamentpapier und<\/p>\n","protected":false},"featured_media":30350,"comment_status":"open","ping_status":"open","template":"","meta":{"_acf_changed":false},"product_cat":[2489,2549,3203,2490,2571],"product_tag":[2493],"acf":[],"_links":{"self":[{"href":"https:\/\/donaulife-new.ogrisdigital.at\/sv\/wp-json\/wp\/v2\/product\/52807"}],"collection":[{"href":"https:\/\/donaulife-new.ogrisdigital.at\/sv\/wp-json\/wp\/v2\/product"}],"about":[{"href":"https:\/\/donaulife-new.ogrisdigital.at\/sv\/wp-json\/wp\/v2\/types\/product"}],"replies":[{"embeddable":true,"href":"https:\/\/donaulife-new.ogrisdigital.at\/sv\/wp-json\/wp\/v2\/comments?post=52807"}],"wp:featuredmedia":[{"embeddable":true,"href":"https:\/\/donaulife-new.ogrisdigital.at\/sv\/wp-json\/wp\/v2\/media\/30350"}],"wp:attachment":[{"href":"https:\/\/donaulife-new.ogrisdigital.at\/sv\/wp-json\/wp\/v2\/media?parent=52807"}],"wp:term":[{"taxonomy":"product_cat","embeddable":true,"href":"https:\/\/donaulife-new.ogrisdigital.at\/sv\/wp-json\/wp\/v2\/product_cat?post=52807"},{"taxonomy":"product_tag","embeddable":true,"href":"https:\/\/donaulife-new.ogrisdigital.at\/sv\/wp-json\/wp\/v2\/product_tag?post=52807"}],"curies":[{"name":"wp","href":"https:\/\/api.w.org\/{rel}","templated":true}]}}