{"id":52650,"date":"2021-03-17T15:40:25","date_gmt":"2021-03-17T15:40:25","guid":{"rendered":"https:\/\/donaulife-new.ogrisdigital.at\/produkt\/roor-aktivkohle-lose-20-g\/"},"modified":"2025-01-15T07:11:32","modified_gmt":"2025-01-15T07:11:32","slug":"roor-aktivkohle-lose-20-g","status":"publish","type":"product","link":"https:\/\/donaulife-new.ogrisdigital.at\/sv\/roor-aktivkohle-lose-20-g\/","title":{"rendered":"ROOR Aktivkohle lose | 20 g"},"content":{"rendered":"<h2>Produktinformationen ROOR Aktivkohle \u2013 Coconut 20 g<\/h2>\n<p>ROOR Aktivkohle (20 Gramm, lose im Standbodenbeutel) auf Kokosnuss-Basis. Zum Bef\u00fcllen von Aktivkohle-Adaptern o.\u00c4. Unsere hochwirksame, rein vegane Aktivkohle filtert einen Gro\u00dfteil der Schadstoffe aus dem inhalierten Rauch.<br \/>\nGew\u00fcnschte Wirkstoffe bleiben erhalten, das Rauchen wird sp\u00fcrbar milder! Zudem bleibt Eure Pfeife l\u00e4nger sauber und schlechte Ger\u00fcche werden absorbiert!<\/p>\n<p>Vorteile:<\/p>\n<ul>\n<li>auf Kokosnuss-Basis<\/li>\n<li>f\u00fcr Pfeifen geeignet<\/li>\n<li>preiswert<\/li>\n<\/ul>\n<h3>\u00dcber ROOR:<\/h3>\n<div class=\"elementor-element elementor-element-96e4633 elementor-widget elementor-widget-text-editor\" data-id=\"96e4633\" data-element_type=\"widget\" data-widget_type=\"text-editor.default\">\n<div class=\"elementor-widget-container\">\n<div class=\"elementor-text-editor elementor-clearfix\">\n<p>Bereits Mitte der 1990er Jahre widmete sich der Kunsthandwerker Martin Birzle der Glaspfeifenherstellung. Seine Kompetenz im Glasbl\u00e4serhandwerk verbindet sich mit dem Anspruch, keine Massenware, sondern Kunstwerke zu erschaffen. Seine Philosophie: H\u00f6chste Qualit\u00e4t und beste Funktionalit\u00e4t bei individuellem und ansprechendem Design.<\/p>\n<p>Der Erfolg gibt ihm Recht: Die Marke ist in zahlreichen Headshops im In- und Ausland etabliert und hebt sich mehr als deutlich von minderwertigen Billigprodukten ab.<\/p>\n<p>Als 11-facher Gewinner des High-Times-Cup verstehen wir die Auszeichnungen auf internationalen Messen als Motivation, unserer Philosophie treu zu bleiben. Zu Recht hat RooR im Laufe der Jahre jede Menge prominente Fans und Freunde an sich gebunden: B-Real, System of a Down, Howard Marks und viele mehr.<\/p>\n<\/div>\n<\/div>\n<\/div>\n<div class=\"elementor-element elementor-element-dfbf275 elementor-widget elementor-widget-heading\" data-id=\"dfbf275\" data-element_type=\"widget\" data-widget_type=\"heading.default\">\n<div class=\"elementor-widget-container\"><span class=\"elementor-heading-title elementor-size-default\">DIE STORY GEHT WEITER&#8230;<\/span><\/div>\n<\/div>\n","protected":false},"excerpt":{"rendered":"<p>Produktinformationen ROOR Aktivkohle \u2013 Coconut 20 g ROOR Aktivkohle (20 Gramm, lose im Standbodenbeutel) auf Kokosnuss-Basis. Zum Bef\u00fcllen von Aktivkohle-Adaptern<\/p>\n","protected":false},"featured_media":29893,"comment_status":"open","ping_status":"open","template":"","meta":{"_acf_changed":false},"product_cat":[2785,2459,2499,2451,2917,2460],"product_tag":[3320],"acf":[],"_links":{"self":[{"href":"https:\/\/donaulife-new.ogrisdigital.at\/sv\/wp-json\/wp\/v2\/product\/52650"}],"collection":[{"href":"https:\/\/donaulife-new.ogrisdigital.at\/sv\/wp-json\/wp\/v2\/product"}],"about":[{"href":"https:\/\/donaulife-new.ogrisdigital.at\/sv\/wp-json\/wp\/v2\/types\/product"}],"replies":[{"embeddable":true,"href":"https:\/\/donaulife-new.ogrisdigital.at\/sv\/wp-json\/wp\/v2\/comments?post=52650"}],"wp:featuredmedia":[{"embeddable":true,"href":"https:\/\/donaulife-new.ogrisdigital.at\/sv\/wp-json\/wp\/v2\/media\/29893"}],"wp:attachment":[{"href":"https:\/\/donaulife-new.ogrisdigital.at\/sv\/wp-json\/wp\/v2\/media?parent=52650"}],"wp:term":[{"taxonomy":"product_cat","embeddable":true,"href":"https:\/\/donaulife-new.ogrisdigital.at\/sv\/wp-json\/wp\/v2\/product_cat?post=52650"},{"taxonomy":"product_tag","embeddable":true,"href":"https:\/\/donaulife-new.ogrisdigital.at\/sv\/wp-json\/wp\/v2\/product_tag?post=52650"}],"curies":[{"name":"wp","href":"https:\/\/api.w.org\/{rel}","templated":true}]}}