{"id":52628,"date":"2021-03-16T09:41:31","date_gmt":"2021-03-16T09:41:31","guid":{"rendered":"https:\/\/donaulife-new.ogrisdigital.at\/produkt\/higher-standards-dot-wipes-30-stueck\/"},"modified":"2024-07-01T00:48:01","modified_gmt":"2024-07-01T00:48:01","slug":"higher-standards-dot-wipes-30-stueck","status":"publish","type":"product","link":"https:\/\/donaulife-new.ogrisdigital.at\/sv\/higher-standards-dot-wipes-30-stueck\/","title":{"rendered":"HIGHER STANDARDS Dot Wipes | 30 St\u00fcck"},"content":{"rendered":"<h2>Higher Standards Dot Wipes 30 St\u00fcck<\/h2>\n<p>Eine Schachtel mit 30 einzeln verpackten Dot Wipes von Higher Standards. Diese 70% Isopropylalkohol-T\u00fccher haben zwei unterschiedliche Seiten. Die gepunktete Seite bietet zus\u00e4tzliche Struktur, um starke R\u00fcckst\u00e4nde zu entfernen, w\u00e4hrend die glatte Seite f\u00fcr das Polieren von Glas-, Metall- und Silikonteilen ihres Vaporizers oder ihrer Bong gedacht ist.<\/p>\n<p>https:\/\/www.youtube.com\/watch?v=rlpIgoQJqhQ<\/p>\n<h3>\u00dcber Higher Standards:<\/h3>\n<div>Higher Standards wurde gegr\u00fcndet, um echten Kennern die Werkzeuge zu liefern, die sie f\u00fcr das beste Raucherlebnis ben\u00f6tigen, von Premium-Pflegeprodukten, die den besten Geschmack aus Ihrem Material herausholen, bis hin zu Hochleistungsgl\u00e4sern und begehrten limitierten Editionen.<\/div>\n<div><\/div>\n<div>Unsere Kollektion von handgefertigtem High End Glas, erstklassigen Pflege- und Wartungsprodukten und limitierten Kooperationen wurden alle mit dem Gedanken an den wahren Genie\u00dfer geschaffen, der den Geschmack an erste Stelle setzt.<\/div>\n","protected":false},"excerpt":{"rendered":"<p>Higher Standards Dot Wipes 30 St\u00fcck Eine Schachtel mit 30 einzeln verpackten Dot Wipes von Higher Standards. Diese 70% Isopropylalkohol-T\u00fccher<\/p>\n","protected":false},"featured_media":29827,"comment_status":"open","ping_status":"open","template":"","meta":{"_acf_changed":false},"product_cat":[2459,2719,2718,2734,2460],"product_tag":[],"acf":[],"_links":{"self":[{"href":"https:\/\/donaulife-new.ogrisdigital.at\/sv\/wp-json\/wp\/v2\/product\/52628"}],"collection":[{"href":"https:\/\/donaulife-new.ogrisdigital.at\/sv\/wp-json\/wp\/v2\/product"}],"about":[{"href":"https:\/\/donaulife-new.ogrisdigital.at\/sv\/wp-json\/wp\/v2\/types\/product"}],"replies":[{"embeddable":true,"href":"https:\/\/donaulife-new.ogrisdigital.at\/sv\/wp-json\/wp\/v2\/comments?post=52628"}],"wp:featuredmedia":[{"embeddable":true,"href":"https:\/\/donaulife-new.ogrisdigital.at\/sv\/wp-json\/wp\/v2\/media\/29827"}],"wp:attachment":[{"href":"https:\/\/donaulife-new.ogrisdigital.at\/sv\/wp-json\/wp\/v2\/media?parent=52628"}],"wp:term":[{"taxonomy":"product_cat","embeddable":true,"href":"https:\/\/donaulife-new.ogrisdigital.at\/sv\/wp-json\/wp\/v2\/product_cat?post=52628"},{"taxonomy":"product_tag","embeddable":true,"href":"https:\/\/donaulife-new.ogrisdigital.at\/sv\/wp-json\/wp\/v2\/product_tag?post=52628"}],"curies":[{"name":"wp","href":"https:\/\/api.w.org\/{rel}","templated":true}]}}