{"id":52607,"date":"2021-03-15T10:24:30","date_gmt":"2021-03-15T10:24:30","guid":{"rendered":"https:\/\/donaulife-new.ogrisdigital.at\/produkt\/haze-brothers-kss-papers-tips-33-blatt\/"},"modified":"2024-07-01T00:47:44","modified_gmt":"2024-07-01T00:47:44","slug":"haze-brothers-kss-papers-tips-33-blatt","status":"publish","type":"product","link":"https:\/\/donaulife-new.ogrisdigital.at\/sv\/haze-brothers-kss-papers-tips-33-blatt\/","title":{"rendered":"HAZE BROTHERS KSS Papers + Tips | 33 Blatt"},"content":{"rendered":"<div>\n<h2>Haze Brothers Kingsize Slim Papers + Tips<\/h2>\n<p>Unsere Klassiker in aller h\u00f6chster Qualit\u00e4t ganz neu auf dem Markt! Wer sowohl auf HIGH QUALITY Bl\u00e4ttchen &amp; Filter, als auch auf ein sehr edles Design und eine hochwertige Verarbeitung Wert legt, ist mit den Haze Brothers Classics bestens bedient &#8211; FEEL THE QUALITY!<\/p>\n<p>Pro Heftchen 33 Bl\u00e4ttchen + 33 Tips<\/p>\n<ul>\n<li>Ultrad\u00fcnne Bl\u00e4ttchen: langsam &amp; gleichm\u00e4\u00dfig abbrennend<\/li>\n<li>Bl\u00e4ttchen &amp; Tips: Nat\u00fcrlich, ohne Bleichmittel (daher die braune Farbe)<\/li>\n<li>Klebestreifen: 100% Organic natural Gum (Gummi Arabicum vom Akazienbaum gewonnen, klebt bombenfest)<\/li>\n<li>Verpackung: Sehr stabile Heftchen, \u00fcberzogen mit extra Beschichtung f\u00fcr ein besonders angenehmes Feeling in der Hand. Das matte Design ist ein echter Hingucker!<\/li>\n<li>Heftchen: Schriftzug HAZE BROTHERS durch leichte Erhebung f\u00fchlbar und mit besonderer UV-Spiegelung als &#8220;Special Effekt&#8221;<\/li>\n<\/ul>\n<p style=\"text-align: center;\"><strong>ROLL WITH YOUR BROTHERS!<\/strong><\/p>\n<\/div>\n<h3>\u00dcber Haze Brothers:<\/h3>\n<div>\n<div>Wir, die Gr\u00fcnder, haben die Marke Haze Brothers ins Leben gerufen aus Hingabe zu unserem Lieblingszeitvertreib. Seit vielen Jahren zelebrieren wir schon das entspannte Beisammensein unter Brothers, egal ob im Wohnzimmer, in Restaurants, auf der Stra\u00dfe, in der City oder auf Partys. Ganz egal wo, wichtig ist nur mit wem! Denn f\u00fcr uns gibt es nichts besseres als mit guten Freunden, mit denen man auf der gleichen Wellenl\u00e4nge ist,\u00a0 eine geile Zeit zu verbringen, zu reden, zu chillen, zu entspannen, zu lachen, zu feiern, sich wohl und frei zu f\u00fchlen.<\/div>\n<div><\/div>\n<div>Wir sind der festen \u00dcberzeugung, dass neben Familie nichts wichtiger ist, als gute Freunde zu haben, mit denen man das Leben in vollen Z\u00fcgen genie\u00dfen kann.<\/div>\n<div><\/div>\n<div>Unsere Produkte sollen neben einem verbesserten Konsum, diese Einstellung und diesen Lifestyle verk\u00f6rpern und in die Welt hinaustragen. Denn wahre Brothers teilen nicht nur geile Erinnerungen und h\u00f6chste Freude. Nein, wahre Brothers teilen auch ab und zu mal die ein oder andere saftige Kr\u00e4uterzigarette.<\/div>\n<div><\/div>\n<div>Ihr wisst ja: BROTHERS SMOKE TOGETHER!<\/div>\n<\/div>\n","protected":false},"excerpt":{"rendered":"<p>Haze Brothers Kingsize Slim Papers + Tips Unsere Klassiker in aller h\u00f6chster Qualit\u00e4t ganz neu auf dem Markt! Wer sowohl<\/p>\n","protected":false},"featured_media":29657,"comment_status":"open","ping_status":"open","template":"","meta":{"_acf_changed":false},"product_cat":[2489,3348,2451,2453,2452],"product_tag":[3349],"acf":[],"_links":{"self":[{"href":"https:\/\/donaulife-new.ogrisdigital.at\/sv\/wp-json\/wp\/v2\/product\/52607"}],"collection":[{"href":"https:\/\/donaulife-new.ogrisdigital.at\/sv\/wp-json\/wp\/v2\/product"}],"about":[{"href":"https:\/\/donaulife-new.ogrisdigital.at\/sv\/wp-json\/wp\/v2\/types\/product"}],"replies":[{"embeddable":true,"href":"https:\/\/donaulife-new.ogrisdigital.at\/sv\/wp-json\/wp\/v2\/comments?post=52607"}],"wp:featuredmedia":[{"embeddable":true,"href":"https:\/\/donaulife-new.ogrisdigital.at\/sv\/wp-json\/wp\/v2\/media\/29657"}],"wp:attachment":[{"href":"https:\/\/donaulife-new.ogrisdigital.at\/sv\/wp-json\/wp\/v2\/media?parent=52607"}],"wp:term":[{"taxonomy":"product_cat","embeddable":true,"href":"https:\/\/donaulife-new.ogrisdigital.at\/sv\/wp-json\/wp\/v2\/product_cat?post=52607"},{"taxonomy":"product_tag","embeddable":true,"href":"https:\/\/donaulife-new.ogrisdigital.at\/sv\/wp-json\/wp\/v2\/product_tag?post=52607"}],"curies":[{"name":"wp","href":"https:\/\/api.w.org\/{rel}","templated":true}]}}