{"id":52602,"date":"2021-03-12T11:26:27","date_gmt":"2021-03-12T11:26:27","guid":{"rendered":"https:\/\/donaulife-new.ogrisdigital.at\/produkt\/gizeh-pure-papers-king-size-slim-tips\/"},"modified":"2024-07-01T00:47:38","modified_gmt":"2024-07-01T00:47:38","slug":"gizeh-pure-papers-king-size-slim-tips","status":"publish","type":"product","link":"https:\/\/donaulife-new.ogrisdigital.at\/sv\/gizeh-pure-papers-king-size-slim-tips\/","title":{"rendered":"GIZEH KSS Papers &#8216;Pure&#8217; extra fine | 33 Blatt"},"content":{"rendered":"<h2>GIZEH Pure Papers King Size Slim 33 Blatt<\/h2>\n<p>Gizeh &#8216;Pure&#8217; ist ultra d\u00fcnnes King Size Slim Zigarettenpapier aus zertifiziertem Bio-Hanf mit nat\u00fcrlichem Gummiarabikum. Die Bl\u00e4ttchen brennen sehr langsam ab und gehen aus, sollte l\u00e4nger nicht an der selbstgedrehhten Zigarette gezogen werden. In einer Packung sind 33 Bl\u00e4ttchen enthalten.<\/p>\n<h3>\u00dcber GIZEH:<\/h3>\n<p>Die Gizeh Raucherbedarf GmbH ist ein mittelst\u00e4ndisches Unternehmen mit Hauptsitz in Gummersbach (DE). Seit der Gr\u00fcndung im Jahre 1920 produziert Gizeh Eindrehfilter und Zubeh\u00f6r f\u00fcr das Drehen und Stopfen von Zigaretten.<\/p>\n<p>Seit der Gr\u00fcndung der Gizeh Zigarettenpapier-Verarbeitungs-Gesellschaft im Jahr 1920 hat sich Gizeh vom regionalen Anbieter in K\u00f6ln zu einem international handelnden Unternehmen entwickelt Im Zweiten Weltkrieg wurde der K\u00f6lner Standort zerst\u00f6rt, die Produktion ins Bergische Land ausgelagert. 1955 entstand dort auch der neue Hauptsitz des Unternehmens (Bergneustadt). Gizeh produzierte hier nicht nur Raucherbedarf, sondern auch Verpackungen (heute Gizeh Verpackungen) und Lochkarten. Zu Beginn der 1980er Jahre errichtete Gizeh die Produktionsstandorte in Frankreich (Filterh\u00fclsen) und \u00d6sterreich (Bl\u00e4ttchen).<\/p>\n<p>&nbsp;<\/p>\n","protected":false},"excerpt":{"rendered":"<p>GIZEH Pure Papers King Size Slim 33 Blatt Gizeh &#8216;Pure&#8217; ist ultra d\u00fcnnes King Size Slim Zigarettenpapier aus zertifiziertem Bio-Hanf<\/p>\n","protected":false},"featured_media":46403,"comment_status":"open","ping_status":"open","template":"","meta":{"_acf_changed":false},"product_cat":[2456,2489,2756,2451,2453,2452],"product_tag":[2757],"acf":[],"_links":{"self":[{"href":"https:\/\/donaulife-new.ogrisdigital.at\/sv\/wp-json\/wp\/v2\/product\/52602"}],"collection":[{"href":"https:\/\/donaulife-new.ogrisdigital.at\/sv\/wp-json\/wp\/v2\/product"}],"about":[{"href":"https:\/\/donaulife-new.ogrisdigital.at\/sv\/wp-json\/wp\/v2\/types\/product"}],"replies":[{"embeddable":true,"href":"https:\/\/donaulife-new.ogrisdigital.at\/sv\/wp-json\/wp\/v2\/comments?post=52602"}],"wp:featuredmedia":[{"embeddable":true,"href":"https:\/\/donaulife-new.ogrisdigital.at\/sv\/wp-json\/wp\/v2\/media\/46403"}],"wp:attachment":[{"href":"https:\/\/donaulife-new.ogrisdigital.at\/sv\/wp-json\/wp\/v2\/media?parent=52602"}],"wp:term":[{"taxonomy":"product_cat","embeddable":true,"href":"https:\/\/donaulife-new.ogrisdigital.at\/sv\/wp-json\/wp\/v2\/product_cat?post=52602"},{"taxonomy":"product_tag","embeddable":true,"href":"https:\/\/donaulife-new.ogrisdigital.at\/sv\/wp-json\/wp\/v2\/product_tag?post=52602"}],"curies":[{"name":"wp","href":"https:\/\/api.w.org\/{rel}","templated":true}]}}