{"id":52581,"date":"2021-03-10T09:56:14","date_gmt":"2021-03-10T09:56:14","guid":{"rendered":"https:\/\/donaulife-new.ogrisdigital.at\/produkt\/ziggi-classic-kingsize-slim-papers-tips-earthwide-ll-32-blatt\/"},"modified":"2024-07-01T00:47:17","modified_gmt":"2024-07-01T00:47:17","slug":"ziggi-classic-kingsize-slim-papers-tips-earthwide-ll-32-blatt","status":"publish","type":"product","link":"https:\/\/donaulife-new.ogrisdigital.at\/sv\/ziggi-classic-kingsize-slim-papers-tips-earthwide-ll-32-blatt\/","title":{"rendered":"ZIGGI Classic KSS + Tips &#8216;Earthwide ll&#8217; | 32 Blatt"},"content":{"rendered":"<h2>ZIGGI Classic Kingsize Slim Papers + Tips Earthwide ll<\/h2>\n<p>Mit diesen limitierten Papers war es unser Ziel, dem Planeten Erde Tribut zu zollen. Die Grundlage f\u00fcr diese Serie war das Wort &#8220;earthwide&#8221; und das Hauptmuster stammt vom Bambus, der unsere zweitliebste Pflanze ist. \ud83d\ude09<\/p>\n<p>Im CLASSIC Design habt ihr 32 Papers &amp; 32 Tips vereint.<\/p>\n<h3>\u00dcber Ziggi Papers:<\/h3>\n<div>Die Marke Ziggi \u2122 hat ihre Nutzer durch jahrelanges Lernen, Sammeln von Erfahrungen und aktive Entwicklung auf verschiedene Weise verbessert. Der einfachste Weg sind hochwertige Produkte, die beweisen, dass die Menschen immer noch eine Kombination aus gutem Material, modernem Design und einem erschwinglichen Preis sch\u00e4tzen.<\/div>\n<div>Ziggi-Benutzer bekommen immer das, was sie erwarten. Dies wird durch ihre positiven Reaktionen und Kommentare in sozialen Netzwerken sowie durch die traditionelle Mundpropaganda bei Veranstaltungen bewiesen, bei denen Vertreter von Ziggi anwesend sind.<\/div>\n<div><\/div>\n<div>Ziggi Custom Edition-Papiere haben viele Festivalbesucher auf der ganzen Welt gl\u00fccklich gemacht, von denen einige noch zu kaufen sind. Ziggi ist stolz darauf, junge K\u00fcnstler, Sportler und Musiker zu unterst\u00fctzen. Kultur ist in unserer Gesellschaft sehr wichtig. Ziggi ist sich dessen bewusst und versucht, es \u00fcber seine Kan\u00e4le Jung und Alt n\u00e4her zu bringen.<\/div>\n<div><\/div>\n<div><\/div>\n","protected":false},"excerpt":{"rendered":"<p>ZIGGI Classic Kingsize Slim Papers + Tips Earthwide ll Mit diesen limitierten Papers war es unser Ziel, dem Planeten Erde<\/p>\n","protected":false},"featured_media":29432,"comment_status":"open","ping_status":"open","template":"","meta":{"_acf_changed":false},"product_cat":[2489,2451,2453,2452,2676],"product_tag":[2677],"acf":[],"_links":{"self":[{"href":"https:\/\/donaulife-new.ogrisdigital.at\/sv\/wp-json\/wp\/v2\/product\/52581"}],"collection":[{"href":"https:\/\/donaulife-new.ogrisdigital.at\/sv\/wp-json\/wp\/v2\/product"}],"about":[{"href":"https:\/\/donaulife-new.ogrisdigital.at\/sv\/wp-json\/wp\/v2\/types\/product"}],"replies":[{"embeddable":true,"href":"https:\/\/donaulife-new.ogrisdigital.at\/sv\/wp-json\/wp\/v2\/comments?post=52581"}],"wp:featuredmedia":[{"embeddable":true,"href":"https:\/\/donaulife-new.ogrisdigital.at\/sv\/wp-json\/wp\/v2\/media\/29432"}],"wp:attachment":[{"href":"https:\/\/donaulife-new.ogrisdigital.at\/sv\/wp-json\/wp\/v2\/media?parent=52581"}],"wp:term":[{"taxonomy":"product_cat","embeddable":true,"href":"https:\/\/donaulife-new.ogrisdigital.at\/sv\/wp-json\/wp\/v2\/product_cat?post=52581"},{"taxonomy":"product_tag","embeddable":true,"href":"https:\/\/donaulife-new.ogrisdigital.at\/sv\/wp-json\/wp\/v2\/product_tag?post=52581"}],"curies":[{"name":"wp","href":"https:\/\/api.w.org\/{rel}","templated":true}]}}