{"id":52559,"date":"2021-03-09T11:10:11","date_gmt":"2021-03-09T11:10:11","guid":{"rendered":"https:\/\/donaulife-new.ogrisdigital.at\/produkt\/nv-grinder-geruchsneutrales-case-hartschale-l\/"},"modified":"2024-07-01T00:47:02","modified_gmt":"2024-07-01T00:47:02","slug":"nv-grinder-geruchsneutrales-case-hartschale-l","status":"publish","type":"product","link":"https:\/\/donaulife-new.ogrisdigital.at\/sv\/nv-grinder-geruchsneutrales-case-hartschale-l\/","title":{"rendered":"NV Grinder Geruchsneutrales Case | Hartschale L"},"content":{"rendered":"<div>\n<h2>NV GRINDER Geruchsneutrales Case<\/h2>\n<p>Die perfekte Hartschalen Aufbewahrungstasche, mit der Sie Ihr Raucherzubeh\u00f6r geruchsfrei \u00fcberallhin mitnehmen k\u00f6nnen! Geruchs- und wasserdichte Schale.<\/p>\n<h3>\u00dcber NV Grinder:<\/h3>\n<p>NVGRINDER arbeitet st\u00e4ndig daran, die beste Qualit\u00e4t f\u00fcr ihre Produkte zu erzielen.<br \/>\nWir haben immer wieder neue Ideen und arbeiten eng mit den besten Herstellern der Welt zusammen.<br \/>\nUnsere Qualit\u00e4tsstandards sind sehr hoch, egal welches Material, und unser Ziel wird es immer sein, die besten und innovativsten Grinder f\u00fcr dich herzustellen!<\/p>\n<h4><strong>Was macht unsere Produkte\u00a0 besonders?<\/strong><\/h4>\n<h4>Jeder Grinder Typ der von uns produziert wird durchl\u00e4uft ein Testverfahren, um sicherzustellen, dass er den hohen Bed\u00fcrfnissen eines Rauchers entspricht, bevor wir ihn offiziell releasen.<\/h4>\n<\/div>\n<div class=\"std\"><\/div>\n","protected":false},"excerpt":{"rendered":"<p>NV GRINDER Geruchsneutrales Case Die perfekte Hartschalen Aufbewahrungstasche, mit der Sie Ihr Raucherzubeh\u00f6r geruchsfrei \u00fcberallhin mitnehmen k\u00f6nnen! Geruchs- und wasserdichte<\/p>\n","protected":false},"featured_media":29375,"comment_status":"open","ping_status":"open","template":"","meta":{"_acf_changed":false},"product_cat":[2607,2969,2566,2451],"product_tag":[],"acf":[],"_links":{"self":[{"href":"https:\/\/donaulife-new.ogrisdigital.at\/sv\/wp-json\/wp\/v2\/product\/52559"}],"collection":[{"href":"https:\/\/donaulife-new.ogrisdigital.at\/sv\/wp-json\/wp\/v2\/product"}],"about":[{"href":"https:\/\/donaulife-new.ogrisdigital.at\/sv\/wp-json\/wp\/v2\/types\/product"}],"replies":[{"embeddable":true,"href":"https:\/\/donaulife-new.ogrisdigital.at\/sv\/wp-json\/wp\/v2\/comments?post=52559"}],"wp:featuredmedia":[{"embeddable":true,"href":"https:\/\/donaulife-new.ogrisdigital.at\/sv\/wp-json\/wp\/v2\/media\/29375"}],"wp:attachment":[{"href":"https:\/\/donaulife-new.ogrisdigital.at\/sv\/wp-json\/wp\/v2\/media?parent=52559"}],"wp:term":[{"taxonomy":"product_cat","embeddable":true,"href":"https:\/\/donaulife-new.ogrisdigital.at\/sv\/wp-json\/wp\/v2\/product_cat?post=52559"},{"taxonomy":"product_tag","embeddable":true,"href":"https:\/\/donaulife-new.ogrisdigital.at\/sv\/wp-json\/wp\/v2\/product_tag?post=52559"}],"curies":[{"name":"wp","href":"https:\/\/api.w.org\/{rel}","templated":true}]}}