{"id":52438,"date":"2021-02-12T09:20:18","date_gmt":"2021-02-12T09:20:18","guid":{"rendered":"https:\/\/donaulife-new.ogrisdigital.at\/produkt\/lungensport-grinder-card-circle-kreditkarten-format\/"},"modified":"2024-07-01T00:45:43","modified_gmt":"2024-07-01T00:45:43","slug":"lungensport-grinder-card-circle-kreditkarten-format","status":"publish","type":"product","link":"https:\/\/donaulife-new.ogrisdigital.at\/sv\/lungensport-grinder-card-circle-kreditkarten-format\/","title":{"rendered":"LUNGENSPORT Grinder Card &#8216;Circle&#8217; | Kreditkarten Format"},"content":{"rendered":"<h2>Lungensport Grinder Karte f\u00fcr unterwegs<\/h2>\n<p>Du bist drau\u00dfen und willst mal schnell Kraut zerkleinern? Grinder sind zu klobig um Sie immer mit zu schleppen. Hier gibt\u00b4s praktische Hilfe:<\/p>\n<p>Die Grinder Card von Lungensport ist immer und \u00fcberall dabei da Sie einfach in der Geldb\u00f6rse verstaubar.<br \/>\nGrinder Cards sind auch ne tolle Geschenkidee! &#8211; nur die bestausger\u00fcsteten Genie\u00dfer haben so ein praktisches Teil dabei.<\/p>\n<p>Alle Karten werden aus rostfreiem Stahl hergestellt.<\/p>\n<h3>\u00dcber Lungensport:<\/h3>\n<p>Lungensport wurde gegr\u00fcndet um schadstoffreduziertes und angnehmes Rauchen zu f\u00f6rdern. Au\u00dferdem stammen alle Papers aus nachhaltiger Forstwirtschaft. Also rauchst du kein schlechtes Gewissen mit. Und nicht vergessen heute noch Sport machen! \ud83d\ude09<\/p>\n","protected":false},"excerpt":{"rendered":"<p>Lungensport Grinder Karte f\u00fcr unterwegs Du bist drau\u00dfen und willst mal schnell Kraut zerkleinern? Grinder sind zu klobig um Sie<\/p>\n","protected":false},"featured_media":28784,"comment_status":"open","ping_status":"open","template":"","meta":{"_acf_changed":false},"product_cat":[2480,2814,2451],"product_tag":[3308],"acf":[],"_links":{"self":[{"href":"https:\/\/donaulife-new.ogrisdigital.at\/sv\/wp-json\/wp\/v2\/product\/52438"}],"collection":[{"href":"https:\/\/donaulife-new.ogrisdigital.at\/sv\/wp-json\/wp\/v2\/product"}],"about":[{"href":"https:\/\/donaulife-new.ogrisdigital.at\/sv\/wp-json\/wp\/v2\/types\/product"}],"replies":[{"embeddable":true,"href":"https:\/\/donaulife-new.ogrisdigital.at\/sv\/wp-json\/wp\/v2\/comments?post=52438"}],"wp:featuredmedia":[{"embeddable":true,"href":"https:\/\/donaulife-new.ogrisdigital.at\/sv\/wp-json\/wp\/v2\/media\/28784"}],"wp:attachment":[{"href":"https:\/\/donaulife-new.ogrisdigital.at\/sv\/wp-json\/wp\/v2\/media?parent=52438"}],"wp:term":[{"taxonomy":"product_cat","embeddable":true,"href":"https:\/\/donaulife-new.ogrisdigital.at\/sv\/wp-json\/wp\/v2\/product_cat?post=52438"},{"taxonomy":"product_tag","embeddable":true,"href":"https:\/\/donaulife-new.ogrisdigital.at\/sv\/wp-json\/wp\/v2\/product_tag?post=52438"}],"curies":[{"name":"wp","href":"https:\/\/api.w.org\/{rel}","templated":true}]}}