{"id":52428,"date":"2021-02-05T09:57:37","date_gmt":"2021-02-05T09:57:37","guid":{"rendered":"https:\/\/donaulife-new.ogrisdigital.at\/produkt\/illex-hand-bubbler-high-tank-49-55-60-cm\/"},"modified":"2024-07-01T00:45:38","modified_gmt":"2024-07-01T00:45:38","slug":"illex-hand-bubbler-high-tank-49-55-60-cm","status":"publish","type":"product","link":"https:\/\/donaulife-new.ogrisdigital.at\/sv\/illex-hand-bubbler-high-tank-49-55-60-cm\/","title":{"rendered":"ILLEX Glasbong &#8216;High Tank&#8217; | 49\/55\/60 cm"},"content":{"rendered":"<h2>Illex Glasbong in verschiedenen Gr\u00f6\u00dfen<\/h2>\n<p>Die Illex Glasbong &#8216;High Tank&#8217; besitzt einen Rundfu\u00df, einen schwarzen Illex Aufdruck und ein langes gebogenes 49 &#8211; 60 cm Rohr. Mit dieser Gr\u00f6\u00dfe ist die Bong unter den mittleren bis gro\u00dfen Modellen einzuordnen. Das Chillum steckt in einem 18,8 mm Schliff und hat den Kopf eingebaut. Ein Kickloch ist ebenso vorhanden.<\/p>\n<h3>\u00dcber Illex:<\/h3>\n<p>Langweilig? Bestimmt nicht mit den Modellen von Illex. Die Glaswaren des Herstellers kommen mit coolen klaren Designs daher, mit oder ohne Eisfach oder in Farbe aber garantiert immer g\u00fcnstig und zuverl\u00e4ssig. Nat\u00fcrlich gibts auch geiles Zubeh\u00f6r zum Spitzenpreis.<\/p>\n","protected":false},"excerpt":{"rendered":"<p>Illex Glasbong in verschiedenen Gr\u00f6\u00dfen Die Illex Glasbong &#8216;High Tank&#8217; besitzt einen Rundfu\u00df, einen schwarzen Illex Aufdruck und ein langes<\/p>\n","protected":false},"featured_media":28669,"comment_status":"open","ping_status":"open","template":"","meta":{"_acf_changed":false},"product_cat":[2514,2459,2510,2507,2464,2515,2506,2463],"product_tag":[2474,2466],"acf":[],"_links":{"self":[{"href":"https:\/\/donaulife-new.ogrisdigital.at\/sv\/wp-json\/wp\/v2\/product\/52428"}],"collection":[{"href":"https:\/\/donaulife-new.ogrisdigital.at\/sv\/wp-json\/wp\/v2\/product"}],"about":[{"href":"https:\/\/donaulife-new.ogrisdigital.at\/sv\/wp-json\/wp\/v2\/types\/product"}],"replies":[{"embeddable":true,"href":"https:\/\/donaulife-new.ogrisdigital.at\/sv\/wp-json\/wp\/v2\/comments?post=52428"}],"wp:featuredmedia":[{"embeddable":true,"href":"https:\/\/donaulife-new.ogrisdigital.at\/sv\/wp-json\/wp\/v2\/media\/28669"}],"wp:attachment":[{"href":"https:\/\/donaulife-new.ogrisdigital.at\/sv\/wp-json\/wp\/v2\/media?parent=52428"}],"wp:term":[{"taxonomy":"product_cat","embeddable":true,"href":"https:\/\/donaulife-new.ogrisdigital.at\/sv\/wp-json\/wp\/v2\/product_cat?post=52428"},{"taxonomy":"product_tag","embeddable":true,"href":"https:\/\/donaulife-new.ogrisdigital.at\/sv\/wp-json\/wp\/v2\/product_tag?post=52428"}],"curies":[{"name":"wp","href":"https:\/\/api.w.org\/{rel}","templated":true}]}}