{"id":52416,"date":"2021-02-03T10:44:57","date_gmt":"2021-02-03T10:44:57","guid":{"rendered":"https:\/\/donaulife-new.ogrisdigital.at\/produkt\/insomnia-glasbong-gold-edition-gold-digger-50-cm\/"},"modified":"2024-07-01T00:45:26","modified_gmt":"2024-07-01T00:45:26","slug":"insomnia-glasbong-gold-edition-gold-digger-50-cm","status":"publish","type":"product","link":"https:\/\/donaulife-new.ogrisdigital.at\/sv\/insomnia-glasbong-gold-edition-gold-digger-50-cm\/","title":{"rendered":"INSOMNIA Glasbong Gold Edition &#8216;Gold Digger&#8217; | 50 cm"},"content":{"rendered":"<h2>Insomnia Gold Edition 50 cm<\/h2>\n<p>Die Glasbong &#8216;Gold Digger&#8217; von Insomnia besitzt wundersch\u00f6ne goldene Akzente, einen f\u00e4rbigen Insomnia Aufdruck und ein handgemachtes Mundst\u00fcck. Als Besonderheit bietet diese Glasbong ein geriffeltes Rohr f\u00fcr besseren halt in der Hand. Zus\u00e4tzlich ist die Bong mit einem dazu passenden H\u00fctchen mit Roll-Stop ausgestattet. Ein Kickloch ist ebenso vorhanden.<\/p>\n<h3>\u00dcber Insomnia:<\/h3>\n<p>Schalflos? Bestimmt nicht mit den Modellen von Insomnia. Die Glaswaren des Herstellers kommen mit coolen Sandgestrahlten Designs daher, mit oder ohne Eisfach aber garantiert immer g\u00fcnstig und zuverl\u00e4ssig.<\/p>\n","protected":false},"excerpt":{"rendered":"<p>Insomnia Gold Edition 50 cm Die Glasbong &#8216;Gold Digger&#8217; von Insomnia besitzt wundersch\u00f6ne goldene Akzente, einen f\u00e4rbigen Insomnia Aufdruck und<\/p>\n","protected":false},"featured_media":28578,"comment_status":"open","ping_status":"open","template":"","meta":{"_acf_changed":false},"product_cat":[2514,2459,2510,2467,2515,2506,2463],"product_tag":[2474,2466],"acf":[],"_links":{"self":[{"href":"https:\/\/donaulife-new.ogrisdigital.at\/sv\/wp-json\/wp\/v2\/product\/52416"}],"collection":[{"href":"https:\/\/donaulife-new.ogrisdigital.at\/sv\/wp-json\/wp\/v2\/product"}],"about":[{"href":"https:\/\/donaulife-new.ogrisdigital.at\/sv\/wp-json\/wp\/v2\/types\/product"}],"replies":[{"embeddable":true,"href":"https:\/\/donaulife-new.ogrisdigital.at\/sv\/wp-json\/wp\/v2\/comments?post=52416"}],"wp:featuredmedia":[{"embeddable":true,"href":"https:\/\/donaulife-new.ogrisdigital.at\/sv\/wp-json\/wp\/v2\/media\/28578"}],"wp:attachment":[{"href":"https:\/\/donaulife-new.ogrisdigital.at\/sv\/wp-json\/wp\/v2\/media?parent=52416"}],"wp:term":[{"taxonomy":"product_cat","embeddable":true,"href":"https:\/\/donaulife-new.ogrisdigital.at\/sv\/wp-json\/wp\/v2\/product_cat?post=52416"},{"taxonomy":"product_tag","embeddable":true,"href":"https:\/\/donaulife-new.ogrisdigital.at\/sv\/wp-json\/wp\/v2\/product_tag?post=52416"}],"curies":[{"name":"wp","href":"https:\/\/api.w.org\/{rel}","templated":true}]}}