{"id":52344,"date":"2020-12-28T14:49:47","date_gmt":"2020-12-28T14:49:47","guid":{"rendered":"https:\/\/donaulife-new.ogrisdigital.at\/produkt\/marie-rolling-tray-karli-haze\/"},"modified":"2024-07-01T00:44:43","modified_gmt":"2024-07-01T00:44:43","slug":"marie-rolling-tray-karli-haze","status":"publish","type":"product","link":"https:\/\/donaulife-new.ogrisdigital.at\/sv\/marie-rolling-tray-karli-haze\/","title":{"rendered":"MARIE Rolling Tray M | Karli Haze"},"content":{"rendered":"<h2>Marie Mischschale<\/h2>\n<p>MARIE Rolling Tray mit dem Fandungsfoto von Karli Haze. Als Kopfgeld werden 1kg Haze ausgeschrieben \ud83d\ude09 Mit einer Gr\u00f6\u00dfe von 27,5 x 17,5 cm bietet es genug Platz f\u00fcr Papers aus \u00d6sterreich, die passenden Filter und was auch immer du in deine G\u2019wuzelten reinwuzeln m\u00f6chtest. #jessasmarie<\/p>\n<h3>\u00dcber Marie:<\/h3>\n<p>Hinter der Marke MARIE steht ein Unternehmen mit viel Erfahrung und einem gro\u00dfen Netzwerk: CIMA mit Sitz in St. Peter am Wimberg im ober\u00f6sterreichischen M\u00fchlviertel ist seit 1983 nicht nur f\u00fcr die Produktion von Papers der Marke MARIE verantwortlich, sondern auch f\u00fcr die Marken GIZEH und MASCOTTE.<\/p>\n","protected":false},"excerpt":{"rendered":"<p>Marie Mischschale MARIE Rolling Tray mit dem Fandungsfoto von Karli Haze. Als Kopfgeld werden 1kg Haze ausgeschrieben \ud83d\ude09 Mit einer<\/p>\n","protected":false},"featured_media":28221,"comment_status":"open","ping_status":"closed","template":"","meta":{"_acf_changed":false},"product_cat":[2794,2451,2793],"product_tag":[2628],"acf":[],"_links":{"self":[{"href":"https:\/\/donaulife-new.ogrisdigital.at\/sv\/wp-json\/wp\/v2\/product\/52344"}],"collection":[{"href":"https:\/\/donaulife-new.ogrisdigital.at\/sv\/wp-json\/wp\/v2\/product"}],"about":[{"href":"https:\/\/donaulife-new.ogrisdigital.at\/sv\/wp-json\/wp\/v2\/types\/product"}],"replies":[{"embeddable":true,"href":"https:\/\/donaulife-new.ogrisdigital.at\/sv\/wp-json\/wp\/v2\/comments?post=52344"}],"wp:featuredmedia":[{"embeddable":true,"href":"https:\/\/donaulife-new.ogrisdigital.at\/sv\/wp-json\/wp\/v2\/media\/28221"}],"wp:attachment":[{"href":"https:\/\/donaulife-new.ogrisdigital.at\/sv\/wp-json\/wp\/v2\/media?parent=52344"}],"wp:term":[{"taxonomy":"product_cat","embeddable":true,"href":"https:\/\/donaulife-new.ogrisdigital.at\/sv\/wp-json\/wp\/v2\/product_cat?post=52344"},{"taxonomy":"product_tag","embeddable":true,"href":"https:\/\/donaulife-new.ogrisdigital.at\/sv\/wp-json\/wp\/v2\/product_tag?post=52344"}],"curies":[{"name":"wp","href":"https:\/\/api.w.org\/{rel}","templated":true}]}}