{"id":52323,"date":"2020-12-21T14:18:05","date_gmt":"2020-12-21T14:18:05","guid":{"rendered":"https:\/\/donaulife-new.ogrisdigital.at\/produkt\/black-leaf-high-end-edelstahl-schuesselsiebe-20-mm\/"},"modified":"2024-07-01T00:44:32","modified_gmt":"2024-07-01T00:44:32","slug":"black-leaf-high-end-edelstahl-schuesselsiebe-20-mm","status":"publish","type":"product","link":"https:\/\/donaulife-new.ogrisdigital.at\/sv\/black-leaf-high-end-edelstahl-schuesselsiebe-20-mm\/","title":{"rendered":"BLACK LEAF &#8216;High End&#8217; Edelstahl-Sch\u00fcsselsiebe | \u00d8 20 mm"},"content":{"rendered":"<h2>Black Leaf Edelstahl Sch\u00fcsselsiebe mit \u00d8 20 mm Durchmesser<\/h2>\n<p>Dieses &#8216;Black Leaf&#8217; Stahl-sieb mit einer Vertiefung und eingefasstem Rand eignet sich hervorragend f\u00fcr kleine konische Pipes oder auch in so manchem Bongkopf. In der Packung befinden sich 5 St\u00fcck.<\/p>\n<div><span style=\"font-size: 20.16px;\">\u00dcber Black Leaf:<\/span><\/div>\n<div>\n<p>In Weed We Trust ? Smoking\u00a0<em>Paraphernalia<\/em> seit 1988: Bongs, Pfeifen, Vaporizer, Grinder, Dabbing Zubeh\u00f6r, Paper &amp; Filter, Lifestyle Produkte. Es gibt viele Innovative Produkte der Marke die auch die ein oder andere Weltneuheit erschaffen haben. Im Shop bieten wir von allen Produkten die beste Auswahl.<\/p>\n<\/div>\n","protected":false},"excerpt":{"rendered":"<p>Black Leaf Edelstahl Sch\u00fcsselsiebe mit \u00d8 20 mm Durchmesser Dieses &#8216;Black Leaf&#8217; Stahl-sieb mit einer Vertiefung und eingefasstem Rand eignet<\/p>\n","protected":false},"featured_media":20344,"comment_status":"open","ping_status":"open","template":"","meta":{"_acf_changed":false},"product_cat":[2459,2527,2460],"product_tag":[2521],"acf":[],"_links":{"self":[{"href":"https:\/\/donaulife-new.ogrisdigital.at\/sv\/wp-json\/wp\/v2\/product\/52323"}],"collection":[{"href":"https:\/\/donaulife-new.ogrisdigital.at\/sv\/wp-json\/wp\/v2\/product"}],"about":[{"href":"https:\/\/donaulife-new.ogrisdigital.at\/sv\/wp-json\/wp\/v2\/types\/product"}],"replies":[{"embeddable":true,"href":"https:\/\/donaulife-new.ogrisdigital.at\/sv\/wp-json\/wp\/v2\/comments?post=52323"}],"wp:featuredmedia":[{"embeddable":true,"href":"https:\/\/donaulife-new.ogrisdigital.at\/sv\/wp-json\/wp\/v2\/media\/20344"}],"wp:attachment":[{"href":"https:\/\/donaulife-new.ogrisdigital.at\/sv\/wp-json\/wp\/v2\/media?parent=52323"}],"wp:term":[{"taxonomy":"product_cat","embeddable":true,"href":"https:\/\/donaulife-new.ogrisdigital.at\/sv\/wp-json\/wp\/v2\/product_cat?post=52323"},{"taxonomy":"product_tag","embeddable":true,"href":"https:\/\/donaulife-new.ogrisdigital.at\/sv\/wp-json\/wp\/v2\/product_tag?post=52323"}],"curies":[{"name":"wp","href":"https:\/\/api.w.org\/{rel}","templated":true}]}}