{"id":52314,"date":"2020-12-17T10:21:40","date_gmt":"2020-12-17T10:21:40","guid":{"rendered":"https:\/\/donaulife-new.ogrisdigital.at\/produkt\/stuendenglass-gravity-bong-40-cm\/"},"modified":"2024-07-01T00:44:29","modified_gmt":"2024-07-01T00:44:29","slug":"stuendenglass-gravity-bong-40-cm","status":"publish","type":"product","link":"https:\/\/donaulife-new.ogrisdigital.at\/sv\/stuendenglass-gravity-bong-40-cm\/","title":{"rendered":"ST\u00dcNDENGLASS Gravity Bong | 40 cm"},"content":{"rendered":"<h2 class=\"title\">St\u00fcndenglass &#8211; Die Gravity Bong f\u00fcr den anspruchsvollen Smoker!<\/h2>\n<p>Die Gravity Hookah von St\u00fcndenglass ist einzigartig unter den Bongs.<\/p>\n<div style=\"width: 800px;\" class=\"wp-video\"><!--[if lt IE 9]><script>document.createElement('video');<\/script><![endif]-->\n<video class=\"wp-video-shortcode\" id=\"video-52314-1\" width=\"800\" height=\"800\" loop=\"1\" autoplay=\"1\" preload=\"metadata\" controls=\"controls\"><source type=\"video\/mp4\" src=\"https:\/\/www.donaulife.com\/wp-content\/uploads\/2020\/12\/StundenFlip_800x800_O.mp4?_=1\" \/><a href=\"https:\/\/www.donaulife.com\/wp-content\/uploads\/2020\/12\/StundenFlip_800x800_O.mp4\" target=\"_blank\" rel=\"noopener\">https:\/\/www.donaulife.com\/wp-content\/uploads\/2020\/12\/StundenFlip_800x800_O.mp4<\/a><\/video><\/div>\n<p>Die 360\u00b0 rotierende Wasserpfeife aus Glas erzeugt eine kinetische Bewegung durch das Zusammenspiel von Wasserkreislauf, gegenl\u00e4ufigem Luftdurchzug und Schwerkraft.<br \/>\nDies erzeugt konstanten, gek\u00fchltem Rauch. Probieren Sie es aus und lassen Sie sich von der Magie verzaubern. Die St\u00fcndenglass Gravity Hookah Wasserpfeife ist eine Kombination aus Borosilikatglas und eloxiertem Aluminium und ein echter Hingucker.<\/p>\n<p>Diese Wasserpfeife produziert weiche und dichte Dampfwolken.<\/p>\n<p><iframe title=\"Introducing the all new St\u00fcndenglass!\" width=\"500\" height=\"281\" src=\"https:\/\/www.youtube.com\/embed\/jr0YH-7ykz4?feature=oembed\" frameborder=\"0\" allow=\"accelerometer; autoplay; clipboard-write; encrypted-media; gyroscope; picture-in-picture; web-share\" allowfullscreen><\/iframe><\/p>\n<div>\n<p>Die St\u00fcndenglass Gravity Hookah Wasserpfeife wird als komplettes Set geliefert. Im Lieferumfang enthalten sind ein Aluminium Hookah Bowl Set und eine Glas Bowl f\u00fcr herk\u00f6mmliches Rauchen. Das Ger\u00e4t kann au\u00dferdem an jeden Verdampfer mit einem 14-mm-Schliff angeschlossen werden. Die Gravity Hookah Wasserpfeife wird mit einem 90 cm langen Silikonschlauch geliefert. Damit k\u00f6nnen Sie den Rauch in einer komfortablen Position genie\u00dfen. Eine weitere M\u00f6glichkeit ist das kontaktlose Inhalieren durch das 45\u00b0 verstellbare Mundst\u00fcck.<\/p>\n<\/div>\n<h2 class=\"section-title\">Gravity Perfected\u2122<\/h2>\n<p>Funktion, Handwerkskunst und eine zeitlose Design\u00e4sthetik etablieren St\u00fcndenglass\u2122 als die High End Bong schlechthin. mit dem 360\u02daGravity-System ist es die Weltweit erste patentierte Gravity Bong.<\/p>\n<div>\n<p><img decoding=\"async\" src=\"https:\/\/cdn.shopify.com\/s\/files\/1\/1419\/1556\/files\/sg_product_export.jpg?v=1601396505\" alt=\"Glass gravity hookah\" \/><\/p>\n<h2 class=\"section-title\">360\u00b0 drehbar<\/h2>\n<p>Mit kinetischer Bewegungsaktivierung, kaskadierendem Wasser und gegenl\u00e4ufiger Luftstromtechnologie liefert die Stundenglass Gravity Hookah das st\u00e4rkste und einzigartigste Raucherlebnis.<\/p>\n<p><img decoding=\"async\" src=\"https:\/\/cdn.shopify.com\/s\/files\/1\/1419\/1556\/files\/brashed_bg_desktop.png?v=1593539255\" \/><\/p>\n<\/div>\n<h2>Tips &amp; Tricks<\/h2>\n<p>Nutze Vaporizer, Shisha Tabak oder andere Kr\u00e4uter.<\/p>\n<p><iframe title=\"St\u00fcndenglass Tips &amp; Tricks\" width=\"500\" height=\"281\" src=\"https:\/\/www.youtube.com\/embed\/E8mD0AdrRGM?feature=oembed\" frameborder=\"0\" allow=\"accelerometer; autoplay; clipboard-write; encrypted-media; gyroscope; picture-in-picture; web-share\" allowfullscreen><\/iframe><\/p>\n<p><span style=\"font-size: 23.04px; color: #333333;\">Eigenschaften<\/span><\/p>\n<div>\n<ul>\n<li>Kontaktlose Wasserpfeife<\/li>\n<li>360\u00b0 Gravitationssystem<\/li>\n<li>Geeignet als Wasserpfeife oder f\u00fcr den Gebrauch mit getrockneten Kr\u00e4utern und Konzentraten<\/li>\n<li>Warmluftheizung<\/li>\n<li>Eloxierte Metallkonstruktion<\/li>\n<li>Austauschbare Mundst\u00fccke<\/li>\n<li>Abnehmbare, sp\u00fclmaschinenfeste Gl\u00e4ser<\/li>\n<li>Inklusive St\u00e4nder<\/li>\n<\/ul>\n<p>Die St\u00fcndenglass Gravity Hookah Wasserpfeife wird in einer Mehrweg-Box mit Griff zur sicheren Aufbewahrung und f\u00fcr den sicheren Transport geliefert.<\/p>\n<p>10 Jahre erweiterte Garantie.<\/p>\n<h2>How to Use?<\/h2>\n<p>es gibt einige Kniffe die du kennen solltest. Hier erf\u00e4hrst du genau erkl\u00e4rt wie du diese Wasserpfeife nutzen kannst.<\/p>\n<p><iframe title=\"How To Use Your St\u00fcndenglass - Hookah\" width=\"500\" height=\"281\" src=\"https:\/\/www.youtube.com\/embed\/o1EEPBDSObg?feature=oembed\" frameborder=\"0\" allow=\"accelerometer; autoplay; clipboard-write; encrypted-media; gyroscope; picture-in-picture; web-share\" allowfullscreen><\/iframe><\/p>\n<h2>Lieferumfang<\/h2>\n<p>1x eloxiertes Aluminiumgestell<\/p>\n<p>2x Gl\u00e4ser<\/p>\n<p>2x Wasserrohre<\/p>\n<p>1x Mundst\u00fcck<\/p>\n<p>1x Hookah bowl<\/p>\n<p>1x Kohleteller<\/p>\n<p>1x Hookah Schlauch + Schlauch-Adapter<\/p>\n<p>1x Hookah Wand + Schlauchanschluss<\/p>\n<p>1x Kopfadapter (m\u00e4nnlich)<\/p>\n<p><img fetchpriority=\"high\" decoding=\"async\" class=\"alignnone size-medium wp-image-50676\" src=\"https:\/\/www.donaulife.com\/wp-content\/uploads\/2020\/12\/SGv2_LayFlat_Render_WhiteBGcopy_600x-300x300.webp\" alt=\"\" width=\"300\" height=\"300\" \/><img decoding=\"async\" class=\"alignnone size-medium wp-image-50677\" src=\"https:\/\/www.donaulife.com\/wp-content\/uploads\/2020\/12\/web_Tyson_LayFlat_Render_600x-300x300.webp\" alt=\"\" width=\"300\" height=\"300\" \/>\u00a0<img decoding=\"async\" class=\"alignnone size-medium wp-image-50679\" src=\"https:\/\/www.donaulife.com\/wp-content\/uploads\/2020\/12\/DGT_SGv2_LayFlat_Render-UPDATED_600x-300x300.webp\" alt=\"\" width=\"300\" height=\"300\" \/> <img loading=\"lazy\" decoding=\"async\" class=\"alignnone size-medium wp-image-50680\" src=\"https:\/\/www.donaulife.com\/wp-content\/uploads\/2020\/12\/web_Pink_LayFlat_Render_e7d67999-0574-4f4b-97b0-99c15d215068_600x-300x300.webp\" alt=\"\" width=\"300\" height=\"300\" \/> <img loading=\"lazy\" decoding=\"async\" class=\"alignnone size-medium wp-image-50681\" src=\"https:\/\/www.donaulife.com\/wp-content\/uploads\/2020\/12\/stundenglass_silver_render_web_lay-flat_with-cleaning-kit-WHITE_650x-300x257.webp\" alt=\"\" width=\"300\" height=\"257\" \/><img loading=\"lazy\" decoding=\"async\" class=\"alignnone wp-image-52244\" style=\"font-size: 14.4px;\" src=\"https:\/\/www.donaulife.com\/wp-content\/uploads\/2020\/12\/Taylor_Gang_Stundenglass_Layflat_2400x1400_71176f66-e34c-4f8c-9535-15bb86a60414_900x-300x175.webp\" alt=\"\" width=\"439\" height=\"256\" \/><img loading=\"lazy\" decoding=\"async\" class=\"alignnone size-medium wp-image-50683\" style=\"font-size: 14.4px;\" src=\"https:\/\/www.donaulife.com\/wp-content\/uploads\/2020\/12\/Kompact_LayFlat_Render_600x-300x300.webp\" alt=\"\" width=\"300\" height=\"300\" \/><\/p>\n<p>&nbsp;<\/p>\n<h2><strong>St\u00fcndenglass Special Edition\u00b4s<\/strong><\/h2>\n<h3><strong>Dr. Greenthumb&#8217;s x St\u00fcndenglass Gravity Wasserpfeife<\/strong><\/h3>\n<p>Die in Zusammenarbeit mit Cypress Hill-Frontmann und Cannabis-Unternehmer B Real entwickelte limitierte Auflage von Dr. Greenthumb&#8217;s x St\u00fcndenglass tr\u00e4gt das Original-Logo von Dr. Greenthumb und ist von oben bis unten in des Doktors Lieblingsgr\u00fcn gehalten.<\/p>\n<div style=\"width: 606px;\" class=\"wp-video\"><video class=\"wp-video-shortcode\" id=\"video-52314-2\" width=\"606\" height=\"1080\" preload=\"metadata\" controls=\"controls\"><source type=\"video\/mp4\" src=\"https:\/\/www.donaulife.com\/wp-content\/uploads\/2020\/12\/57ad1b0a66c449d6a58541c24a9036c6.HD-1080p-7.2Mbps-8703616.mp4?_=2\" \/><a href=\"https:\/\/www.donaulife.com\/wp-content\/uploads\/2020\/12\/57ad1b0a66c449d6a58541c24a9036c6.HD-1080p-7.2Mbps-8703616.mp4\" target=\"_blank\" rel=\"noopener\">https:\/\/www.donaulife.com\/wp-content\/uploads\/2020\/12\/57ad1b0a66c449d6a58541c24a9036c6.HD-1080p-7.2Mbps-8703616.mp4<\/a><\/video><\/div>\n<\/div>\n<h3><strong>Cookies x St\u00fcndenglass Gravity Wasserpfeife<\/strong><\/h3>\n<p>Die Cookies-Version wurde in Zusammenarbeit mit dem legend\u00e4ren Bay Area-Rapper und Unternehmer Berner entworfen und tr\u00e4gt das Original-Logo und die charakteristische Farbgebung von Cookies. Die Cookies Strain Famile ist so einigen ein Begriff.<\/p>\n<div style=\"width: 1920px;\" class=\"wp-video\"><video class=\"wp-video-shortcode\" id=\"video-52314-3\" width=\"1920\" height=\"1080\" preload=\"metadata\" controls=\"controls\"><source type=\"video\/mp4\" src=\"https:\/\/www.donaulife.com\/wp-content\/uploads\/2020\/12\/Cookies-SG_BlueRoom.mp4?_=3\" \/><a href=\"https:\/\/www.donaulife.com\/wp-content\/uploads\/2020\/12\/Cookies-SG_BlueRoom.mp4\" target=\"_blank\" rel=\"noopener\">https:\/\/www.donaulife.com\/wp-content\/uploads\/2020\/12\/Cookies-SG_BlueRoom.mp4<\/a><\/video><\/div>\n<p>&nbsp;<\/p>\n<h3 class=\"LC20lb MBeuO DKV0Md\"><strong>(Mike) Tyson 2.0 x St\u00fcndenglass Gravity Infuser<\/strong><\/h3>\n<p>In Zusammenarbeit mit dem legend\u00e4ren Boxer, Unternehmer und Verfechter Mike Tyson und seiner neuen Marke Tyson 2.0 hat St\u00fcndenglass die Ehre, diese limitierte Auflage des Tyson 2.0 x St\u00fcndenglass Gravity Infuser (rot und schwarz) vorzustellen.<\/p>\n<div style=\"width: 552px;\" class=\"wp-video\"><video class=\"wp-video-shortcode\" id=\"video-52314-4\" width=\"552\" height=\"1080\" preload=\"metadata\" controls=\"controls\"><source type=\"video\/mp4\" src=\"https:\/\/www.donaulife.com\/wp-content\/uploads\/2020\/12\/TYSON.HD-1080p-7.2Mbps.mp4?_=4\" \/><a href=\"https:\/\/www.donaulife.com\/wp-content\/uploads\/2020\/12\/TYSON.HD-1080p-7.2Mbps.mp4\" target=\"_blank\" rel=\"noopener\">https:\/\/www.donaulife.com\/wp-content\/uploads\/2020\/12\/TYSON.HD-1080p-7.2Mbps.mp4<\/a><\/video><\/div>\n<h3><strong>Taylor Gang Wiz Khalifa x St\u00fcndenglass Gravity Wasserpfeife<\/strong><\/h3>\n<p>In Zusammenarbeit mit dem mehrfach mit Platin ausgezeichneten, GRAMMY\u00ae- und Golden Globe-nominierten K\u00fcnstler Wiz Khalifa hat St\u00fcndenglass die Ehre, diesen schwarz-goldenen Taylor Gang x Stundenglass Gravity Infuser in limitierter Auflage auf den Markt zu bringen. Es handelt sich dabei um einen raffinierten und elegant gestalteten, um 360\u00b0 drehbaren Glastee, der durch kaskadenartige Wasserverdr\u00e4ngung, gegenl\u00e4ufige Luftstr\u00f6mung und die nat\u00fcrliche Schwerkraft kinetische Bewegungen ausl\u00f6st.<\/p>\n<div style=\"width: 1920px;\" class=\"wp-video\"><video class=\"wp-video-shortcode\" id=\"video-52314-5\" width=\"1920\" height=\"1080\" preload=\"metadata\" controls=\"controls\"><source type=\"video\/mp4\" src=\"https:\/\/www.donaulife.com\/wp-content\/uploads\/2020\/12\/TALOR-GANG-1080p-7.2Mbps.mp4?_=5\" \/><a href=\"https:\/\/www.donaulife.com\/wp-content\/uploads\/2020\/12\/TALOR-GANG-1080p-7.2Mbps.mp4\" target=\"_blank\" rel=\"noopener\">https:\/\/www.donaulife.com\/wp-content\/uploads\/2020\/12\/TALOR-GANG-1080p-7.2Mbps.mp4<\/a><\/video><\/div>\n<h3><strong>St\u00fcndenglass Gravity Wasserpfeife in Polished Silver <\/strong><\/h3>\n<p>St\u00fcndenglass\u00ae f\u00fchlt sich geehrt, den Gravity Infuser in limitierter Auflage in poliertem Silber vorzustellen.<\/p>\n<div style=\"width: 1920px;\" class=\"wp-video\"><video class=\"wp-video-shortcode\" id=\"video-52314-6\" width=\"1920\" height=\"1080\" preload=\"metadata\" controls=\"controls\"><source type=\"video\/mp4\" src=\"https:\/\/www.donaulife.com\/wp-content\/uploads\/2020\/12\/POLISHED-SILVER-HD-1080p-7.2Mbps-8703657.mp4?_=6\" \/><a href=\"https:\/\/www.donaulife.com\/wp-content\/uploads\/2020\/12\/POLISHED-SILVER-HD-1080p-7.2Mbps-8703657.mp4\" target=\"_blank\" rel=\"noopener\">https:\/\/www.donaulife.com\/wp-content\/uploads\/2020\/12\/POLISHED-SILVER-HD-1080p-7.2Mbps-8703657.mp4<\/a><\/video><\/div>\n<h3><strong>St\u00fcndenglass Gravity Wasserpfeife in Pink<\/strong><\/h3>\n<div style=\"width: 1920px;\" class=\"wp-video\"><video class=\"wp-video-shortcode\" id=\"video-52314-7\" width=\"1920\" height=\"1080\" preload=\"metadata\" controls=\"controls\"><source type=\"video\/mp4\" src=\"https:\/\/www.donaulife.com\/wp-content\/uploads\/2020\/12\/2fb9139bdb4f45deb776e09a9945874e.HD-1080p-7.2Mbps-15838101.mp4?_=7\" \/><a href=\"https:\/\/www.donaulife.com\/wp-content\/uploads\/2020\/12\/2fb9139bdb4f45deb776e09a9945874e.HD-1080p-7.2Mbps-15838101.mp4\" target=\"_blank\" rel=\"noopener\">https:\/\/www.donaulife.com\/wp-content\/uploads\/2020\/12\/2fb9139bdb4f45deb776e09a9945874e.HD-1080p-7.2Mbps-15838101.mp4<\/a><\/video><\/div>\n<div>\n<h3>Die komplette St\u00fcndenglass Reihe<\/h3>\n<p><img loading=\"lazy\" decoding=\"async\" class=\"alignnone wp-image-36634\" src=\"https:\/\/www.donaulife.com\/wp-content\/uploads\/2020\/12\/Kompact-1.png\" alt=\"\" width=\"243\" height=\"291\" \/><img loading=\"lazy\" decoding=\"async\" class=\"alignnone size-medium wp-image-33102\" style=\"font-size: 14.4px;\" src=\"https:\/\/www.donaulife.com\/wp-content\/uploads\/2020\/12\/Studenglass-Gravity-Hookah-main-300x300.png\" alt=\"\" width=\"300\" height=\"300\" \/><img loading=\"lazy\" decoding=\"async\" class=\"alignnone size-medium wp-image-33100\" style=\"font-size: 14.4px;\" src=\"https:\/\/www.donaulife.com\/wp-content\/uploads\/2020\/12\/Cookies-web-Stundenglass-Front-300x300.png\" alt=\"\" width=\"300\" height=\"300\" \/><img loading=\"lazy\" decoding=\"async\" class=\"alignnone size-medium wp-image-45980\" src=\"https:\/\/www.donaulife.com\/wp-content\/uploads\/2020\/12\/web_Stundenglass_DGT_FrontFacing-300x300.jpg\" alt=\"\" width=\"300\" height=\"300\" \/><img loading=\"lazy\" decoding=\"async\" class=\"alignnone size-medium wp-image-45981\" src=\"https:\/\/www.donaulife.com\/wp-content\/uploads\/2020\/12\/web_Stundenglass_Tyson_FrontFacing-300x300.jpg\" alt=\"\" width=\"300\" height=\"300\" \/><img loading=\"lazy\" decoding=\"async\" class=\"alignnone size-medium wp-image-45982\" src=\"https:\/\/www.donaulife.com\/wp-content\/uploads\/2020\/12\/web_Stundenglass_TaylorGang_FrontFacing-300x300.jpg\" alt=\"\" width=\"300\" height=\"300\" \/><img loading=\"lazy\" decoding=\"async\" class=\"alignnone wp-image-45979\" src=\"https:\/\/www.donaulife.com\/wp-content\/uploads\/2020\/12\/web_Stundenglass_Silver_FrontFacing-300x300.jpg\" alt=\"\" width=\"300\" height=\"300\" \/><img loading=\"lazy\" decoding=\"async\" class=\"alignnone size-medium wp-image-50669\" src=\"https:\/\/www.donaulife.com\/wp-content\/uploads\/2020\/12\/stundenglass_gravity_infuser_360_degrees_bong_vaporizer_pink_1-300x300.jpg\" alt=\"\" width=\"300\" height=\"300\" \/><\/p>\n<div>\n<h3>St\u00fcndenglass Kompakt<\/h3>\n<p>Die St\u00fcndenglass Kompakt ist eine kleinere Version der Gravity Hookah. Sie bietet dieselben gro\u00dfartigen Eigenschaften in einem handlicheren Format. Die Kompakt wird mit einem Reiseetui und einem Reinigungsset geliefert, um sie unterwegs bequem transportieren und reinigen zu k\u00f6nnen.<br \/>\nDie Kompakt ben\u00f6tigt ihre eigenen kleineren Globes und den Upstem im Kleinformat, ist aber ansonsten mit allen anderen St\u00fcndenglass-Zubeh\u00f6rteilen kompatibel.<\/p>\n<p>Die aus Borosilikatglas und eloxiertem Aluminium gefertigte St\u00fcndenglass Gravity Hookah bietet ein spektakul\u00e4res Erlebnis und sorgt f\u00fcr weiche und dichte Wolken.<\/p>\n<p>Drehen Sie die diese Spezialbong und beobachten Sie die Magie.<\/p>\n<\/div>\n<p>St\u00fcndenglass. Gravity Bong neu erfunden.<\/p>\n<\/div>\n<div style=\"position: static !important;\"><\/div>\n","protected":false},"excerpt":{"rendered":"<p>St\u00fcndenglass &#8211; Die Gravity Bong f\u00fcr den anspruchsvollen Smoker! Die Gravity Hookah von St\u00fcndenglass ist einzigartig unter den Bongs. Die<\/p>\n","protected":false},"featured_media":28019,"comment_status":"open","ping_status":"open","template":"","meta":{"_acf_changed":false},"product_cat":[2514,2459,3284,2506,2463,3285],"product_tag":[3286],"acf":[],"_links":{"self":[{"href":"https:\/\/donaulife-new.ogrisdigital.at\/sv\/wp-json\/wp\/v2\/product\/52314"}],"collection":[{"href":"https:\/\/donaulife-new.ogrisdigital.at\/sv\/wp-json\/wp\/v2\/product"}],"about":[{"href":"https:\/\/donaulife-new.ogrisdigital.at\/sv\/wp-json\/wp\/v2\/types\/product"}],"replies":[{"embeddable":true,"href":"https:\/\/donaulife-new.ogrisdigital.at\/sv\/wp-json\/wp\/v2\/comments?post=52314"}],"wp:featuredmedia":[{"embeddable":true,"href":"https:\/\/donaulife-new.ogrisdigital.at\/sv\/wp-json\/wp\/v2\/media\/28019"}],"wp:attachment":[{"href":"https:\/\/donaulife-new.ogrisdigital.at\/sv\/wp-json\/wp\/v2\/media?parent=52314"}],"wp:term":[{"taxonomy":"product_cat","embeddable":true,"href":"https:\/\/donaulife-new.ogrisdigital.at\/sv\/wp-json\/wp\/v2\/product_cat?post=52314"},{"taxonomy":"product_tag","embeddable":true,"href":"https:\/\/donaulife-new.ogrisdigital.at\/sv\/wp-json\/wp\/v2\/product_tag?post=52314"}],"curies":[{"name":"wp","href":"https:\/\/api.w.org\/{rel}","templated":true}]}}