{"id":52301,"date":"2020-12-10T16:56:56","date_gmt":"2020-12-10T16:56:56","guid":{"rendered":"https:\/\/donaulife-new.ogrisdigital.at\/produkt\/black-leaf-kanzlerbong-merkel-edition-38-cm\/"},"modified":"2024-07-01T00:44:19","modified_gmt":"2024-07-01T00:44:19","slug":"black-leaf-kanzlerbong-merkel-edition-38-cm","status":"publish","type":"product","link":"https:\/\/donaulife-new.ogrisdigital.at\/sv\/black-leaf-kanzlerbong-merkel-edition-38-cm\/","title":{"rendered":"BLACK LEAF Kanzlerbong &#8216;Merkel Edition&#8217; | 38 cm"},"content":{"rendered":"<h2>Black Leaf Kanzlerbong mit Merkels Face \ud83d\ude00<\/h2>\n<p>Nachdem die Kanzlerin uns anschaulich demonstriert hat, wie viele Joints man Dank der Raute gleichzeitig halten kann, musste auch eine Kanzler-Bong her!<\/p>\n<p>Und diese kommt \u2013 ganz wie die Chefin von Deutschland \u2013 grundsolide, robust, schn\u00f6rkellos und unersch\u00fctterlich daher. Daf\u00fcr sorgen bei der klassischen Zylinderbong eine stabile F\u00fcnf-Prozent-H\u00fcrde bez\u00fcglich der Wandst\u00e4rke sowie der standfeste Rundfu\u00df.<\/p>\n<p>Der Diffusor-Adapter verursacht Klimawandel mit kr\u00e4ftigen Wirbelst\u00fcrmen f\u00fcr eine ordentliche Abk\u00fchlung des Rauches. Der Kr\u00e4uterkopf hat ein kanzlerw\u00fcrdiges Fassungsverm\u00f6gen und besorgt in Koalition mit dem Kickloch den exekutiven Rest. Kanzler Dir einen mit der Kanzler-Bong!<\/p>\n<div><span style=\"font-size: 20.16px;\">\u00dcber Black Leaf:<\/span><\/div>\n<div>\n<p>In Weed We Trust ? Smoking\u00a0<em>Paraphernalia<\/em> seit 1988: Bongs, Pfeifen, Vaporizer, Grinder, Dabbing Zubeh\u00f6r, Paper &amp; Filter, Lifestyle Produkte. Es gibt viele Innovative Produkte der Marke die auch die ein oder andere Weltneuheit erschaffen haben. Im Shop bieten wir von allen Produkten die beste Auswahl.<\/p>\n<\/div>\n","protected":false},"excerpt":{"rendered":"<p>Black Leaf Kanzlerbong mit Merkels Face \ud83d\ude00 Nachdem die Kanzlerin uns anschaulich demonstriert hat, wie viele Joints man Dank der<\/p>\n","protected":false},"featured_media":27934,"comment_status":"open","ping_status":"open","template":"","meta":{"_acf_changed":false},"product_cat":[2514,2548,2459,2510,2515,2506,2463],"product_tag":[2521],"acf":[],"_links":{"self":[{"href":"https:\/\/donaulife-new.ogrisdigital.at\/sv\/wp-json\/wp\/v2\/product\/52301"}],"collection":[{"href":"https:\/\/donaulife-new.ogrisdigital.at\/sv\/wp-json\/wp\/v2\/product"}],"about":[{"href":"https:\/\/donaulife-new.ogrisdigital.at\/sv\/wp-json\/wp\/v2\/types\/product"}],"replies":[{"embeddable":true,"href":"https:\/\/donaulife-new.ogrisdigital.at\/sv\/wp-json\/wp\/v2\/comments?post=52301"}],"wp:featuredmedia":[{"embeddable":true,"href":"https:\/\/donaulife-new.ogrisdigital.at\/sv\/wp-json\/wp\/v2\/media\/27934"}],"wp:attachment":[{"href":"https:\/\/donaulife-new.ogrisdigital.at\/sv\/wp-json\/wp\/v2\/media?parent=52301"}],"wp:term":[{"taxonomy":"product_cat","embeddable":true,"href":"https:\/\/donaulife-new.ogrisdigital.at\/sv\/wp-json\/wp\/v2\/product_cat?post=52301"},{"taxonomy":"product_tag","embeddable":true,"href":"https:\/\/donaulife-new.ogrisdigital.at\/sv\/wp-json\/wp\/v2\/product_tag?post=52301"}],"curies":[{"name":"wp","href":"https:\/\/api.w.org\/{rel}","templated":true}]}}