{"id":52267,"date":"2020-10-15T11:13:10","date_gmt":"2020-10-15T11:13:10","guid":{"rendered":"https:\/\/donaulife-new.ogrisdigital.at\/produkt\/jcase-baumwolle-q-tipps-fuer-banger-reinigung\/"},"modified":"2024-07-01T00:43:52","modified_gmt":"2024-07-01T00:43:52","slug":"jcase-baumwolle-q-tipps-fuer-banger-reinigung","status":"publish","type":"product","link":"https:\/\/donaulife-new.ogrisdigital.at\/sv\/jcase-baumwolle-q-tipps-fuer-banger-reinigung\/","title":{"rendered":"JCASE Baumwolle Q-Tipps f\u00fcr Banger Reinigung"},"content":{"rendered":"<h3>ZERO WASTE VERPACKUNG<\/h3>\n<p>Durch die Verwendung von rasch nachwachsenden Rohstoffen wie Bambus ist unser Produkt nachhaltig und beeinflusst die Natur minimal.<\/p>\n<h3>HOHES SAUGVERM\u00d6GEN<\/h3>\n<p>Die volumin\u00f6sen Watteb\u00e4usche der St\u00e4bchen k\u00f6nnen mehrere male Schmutz bzw. Restextrakt aufnehmen und reinigen den Banger somit rasch und effizient.<\/p>\n<h3>STARKER BAMBUSSTIEL<\/h3>\n<p>Das biegsame Fertigungsmaterial l\u00e4sst den Benutzer auch mit viel Krafteinwirkung das Glas einfach und ohne Zerbrechen reinigen. Vor allem f\u00fcr eingebrannte Stellen und anderen hartn\u00e4ckigen Schmutz ist dies von Vorteil.<\/p>\n<h3>ROBUSTE BAUMWOLLSPITZEN<\/h3>\n<p>Die stark gepresst und verst\u00e4rkten Spitzen kommen in alle Ecken und kratzen diese effizient aus. Auch Spezialmodelle k\u00f6nnen mit diesen filigranen Spitzen leicht gereinigt werden.<\/p>\n<h3>KOMPOSTIERBAR<\/h3>\n<p>Durch den Aufbau aus Holz k\u00f6nnen diese Q-Tipps komplett kompostiert. Die Watte kann besonders schnell von W\u00fcrmern abgebaut werden und tr\u00e4gt zur Ern\u00e4hrung des Bodenlebens bei.<\/p>\n<p>&nbsp;<\/p>\n<p><img fetchpriority=\"high\" decoding=\"async\" class=\"alignnone size-medium wp-image-26764\" src=\"https:\/\/www.donaulife.com\/wp-content\/uploads\/2020\/10\/3-300x300.jpg\" alt=\"\" width=\"300\" height=\"300\" \/> <img decoding=\"async\" class=\"alignnone size-medium wp-image-26765\" src=\"https:\/\/www.donaulife.com\/wp-content\/uploads\/2020\/10\/4-300x300.jpg\" alt=\"\" width=\"300\" height=\"300\" \/> <img decoding=\"async\" class=\"alignnone size-medium wp-image-26766\" src=\"https:\/\/www.donaulife.com\/wp-content\/uploads\/2020\/10\/1-300x300.jpg\" alt=\"\" width=\"300\" height=\"300\" \/> <img loading=\"lazy\" decoding=\"async\" class=\"alignnone size-medium wp-image-26767\" src=\"https:\/\/www.donaulife.com\/wp-content\/uploads\/2020\/10\/2-300x300.jpg\" alt=\"\" width=\"300\" height=\"300\" \/><\/p>\n","protected":false},"excerpt":{"rendered":"<p>ZERO WASTE VERPACKUNG Durch die Verwendung von rasch nachwachsenden Rohstoffen wie Bambus ist unser Produkt nachhaltig und beeinflusst die Natur<\/p>\n","protected":false},"featured_media":27763,"comment_status":"open","ping_status":"closed","template":"","meta":{"_acf_changed":false},"product_cat":[2489,2459,3255,2718,2460],"product_tag":[3256],"acf":[],"_links":{"self":[{"href":"https:\/\/donaulife-new.ogrisdigital.at\/sv\/wp-json\/wp\/v2\/product\/52267"}],"collection":[{"href":"https:\/\/donaulife-new.ogrisdigital.at\/sv\/wp-json\/wp\/v2\/product"}],"about":[{"href":"https:\/\/donaulife-new.ogrisdigital.at\/sv\/wp-json\/wp\/v2\/types\/product"}],"replies":[{"embeddable":true,"href":"https:\/\/donaulife-new.ogrisdigital.at\/sv\/wp-json\/wp\/v2\/comments?post=52267"}],"wp:featuredmedia":[{"embeddable":true,"href":"https:\/\/donaulife-new.ogrisdigital.at\/sv\/wp-json\/wp\/v2\/media\/27763"}],"wp:attachment":[{"href":"https:\/\/donaulife-new.ogrisdigital.at\/sv\/wp-json\/wp\/v2\/media?parent=52267"}],"wp:term":[{"taxonomy":"product_cat","embeddable":true,"href":"https:\/\/donaulife-new.ogrisdigital.at\/sv\/wp-json\/wp\/v2\/product_cat?post=52267"},{"taxonomy":"product_tag","embeddable":true,"href":"https:\/\/donaulife-new.ogrisdigital.at\/sv\/wp-json\/wp\/v2\/product_tag?post=52267"}],"curies":[{"name":"wp","href":"https:\/\/api.w.org\/{rel}","templated":true}]}}