{"id":52243,"date":"2020-10-13T14:59:55","date_gmt":"2020-10-13T14:59:55","guid":{"rendered":"https:\/\/donaulife-new.ogrisdigital.at\/produkt\/love-mary-like-juana-mary-in-a-bottle-transparent-chalk-edition\/"},"modified":"2024-07-01T00:43:40","modified_gmt":"2024-07-01T00:43:40","slug":"love-mary-like-juana-mary-in-a-bottle-transparent-chalk-edition","status":"publish","type":"product","link":"https:\/\/donaulife-new.ogrisdigital.at\/sv\/love-mary-like-juana-mary-in-a-bottle-transparent-chalk-edition\/","title":{"rendered":"LOVE MARY LIKE JUANA Mary in a Bottle | Mary Chalk (transparent)"},"content":{"rendered":"<h3>Entfalte deine Kreativit\u00e4t<\/h3>\n<p>Jetzt ist es soweit! Mit der Mary Chalk kannst du dein Cannabis-Aufbewahrungsglas individuell gestalten. Ob den Namen der jeweiligen Sorte, des Strains, dein Erntedatum, den THC\/CBD-Gehalt, oder einfach nur ein Hinweis an deine Smoking-Buddies \u2013 deiner Phantasie sind keine Grenzen gesetzt.<\/p>\n<h3>Optimale Konservierung &amp; Kontrolle<\/h3>\n<p>Mit der \u201aMary Visible\u2018 ist dein Gras luftdicht verschlossen und so vor Schimmel und Vertrocknen gesch\u00fctzt. Dank des integrierten Hygrometers und des Boveda Hygro-Packs hast du auch die Luftfeuchtigkeit immer im Griff.<\/p>\n<h3>100% Glas \u2013 100% Geschmack<\/h3>\n<p>Dank des einzigartigen Glasschliff ben\u00f6tigt die Mary in a Bottle keinen Dichtungsring aus Plastik oder Gummi, wie bei herk\u00f6mmlichen Einmachgl\u00e4sern. Plastik und Gummi werden nicht nur mit der Zeit spr\u00f6de, sondern geben auf Dauer auch D\u00e4mpfe ab, die sich negativ auf den Geschmack auswirken.<\/p>\n<h3>Start-Up Unterst\u00fctzen<\/h3>\n<p>Innovative Produkte kaufen und ein junges Start-Up unterst\u00fctzen? Dann bist du bei uns an der richtigen Adresse, denn wir sind ein in 2019 am 420-Day gestartetes Jungunternehmen aus K\u00f6ln.<\/p>\n<p>&nbsp;<\/p>\n<p>Das Fassungsverm\u00f6gen der \u201eMary Visible\u201c in der 250ml Variante betr\u00e4gt bis zu\u00a015 Gramm\u00a0an Bl\u00fcten.<br \/>\nMa\u00dfe: 14cm H\u00f6he, Durchmesser 7,1cm, Gewicht 330g<\/p>\n<p>Das Fassungsverm\u00f6gen der \u201eMary Visible\u201c in der 500ml Variante betr\u00e4gt bis zu 40 Gramm an Bl\u00fcten.<br \/>\nMa\u00dfe: 17,4cm H\u00f6he, Durchmesser 8,5cm, Gewicht 520g<\/p>\n<p>Das Fassungsverm\u00f6gen der \u201eMary Visible\u201c in der 1000ml Variante betr\u00e4gt bis zu 90 Gramm an Bl\u00fcten.<br \/>\nMa\u00dfe: 20cm H\u00f6he, Durchmesser 11cm, Gewicht 800g<\/p>\n<p>Das Fassungsverm\u00f6gen der \u201eMary Visible\u201c in der 2000ml Variante betr\u00e4gt bis zu 200 Gramm an Bl\u00fcten.<br \/>\nMa\u00dfe: 25cm H\u00f6he, Durchmesser 13,3cm, Gewicht 1350g<\/p>\n<p>&nbsp;<\/p>\n<p>Wie lagert man jetzt am besten die hochwertigen Bl\u00fcten? Hier nochmal ein ausf\u00fchrlicher Beitrag vom Hersteller:<\/p>\n<p><a href=\"https:\/\/lovemarylikejuana.eu\/cannabis-richtig-lagern-und-aufbewahren\/\" target=\"_blank\" rel=\"noopener\">Mary richtig lagern<\/a><\/p>\n<p>&nbsp;<\/p>\n<h2>\u00dcber Love Mary like Juana:<\/h2>\n<p><strong>Wo bewahrst du dein Gras auf ?!<br \/>\n<\/strong><br \/>\nMit dieser Frage hat alles begonnen.<\/p>\n<p>W\u00e4hrend Marc, einer der beiden Gr\u00fcnder, vorher eine Blechdose zur Aufbewahrung genutzt hatte, griff Marcus, der Co.-Gr\u00fcnder, auf Opa&#8217;s alte Pfeifenbox zur\u00fcck.<br \/>\nDoch was f\u00fcr Alternativen gab es vor der &#8216;Mary in a Bottle&#8217; ?<br \/>\nWer kennt nicht die Anf\u00e4nge von Alufolie, Plastikt\u00fcte und Co. ?!<br \/>\nAuch alte Einmachgl\u00e4ser, Tupperdosen oder Versteckdosen aus Aluminium werden dieser heiligen Pflanze nicht gerecht.<br \/>\nWarum nicht also ein hochwertiges, auf die Eigenschaften von Cannabisbl\u00fcten angepasstes Aufbewahrungsgef\u00e4\u00df kreieren ?!<br \/>\nDoch das Auge isst bekanntlich mit: Also muss es auch mit einem speziellen Look bestechen. Einem, der an die medizinische Vergangenheit dieser Heilpflanze erinnert &#8211; Funktionalit\u00e4t und Design vereint.<br \/>\nSo entstand die Idee der &#8216;Mary in a Bottle&#8217; im Sommer 2018 und wird bis heute fort gelebt.<\/p>\n","protected":false},"excerpt":{"rendered":"<p>Entfalte deine Kreativit\u00e4t Jetzt ist es soweit! Mit der Mary Chalk kannst du dein Cannabis-Aufbewahrungsglas individuell gestalten. Ob den Namen<\/p>\n","protected":false},"featured_media":27676,"comment_status":"open","ping_status":"closed","template":"","meta":{"_acf_changed":false},"product_cat":[2607,3142,2451],"product_tag":[3271],"acf":[],"_links":{"self":[{"href":"https:\/\/donaulife-new.ogrisdigital.at\/sv\/wp-json\/wp\/v2\/product\/52243"}],"collection":[{"href":"https:\/\/donaulife-new.ogrisdigital.at\/sv\/wp-json\/wp\/v2\/product"}],"about":[{"href":"https:\/\/donaulife-new.ogrisdigital.at\/sv\/wp-json\/wp\/v2\/types\/product"}],"replies":[{"embeddable":true,"href":"https:\/\/donaulife-new.ogrisdigital.at\/sv\/wp-json\/wp\/v2\/comments?post=52243"}],"wp:featuredmedia":[{"embeddable":true,"href":"https:\/\/donaulife-new.ogrisdigital.at\/sv\/wp-json\/wp\/v2\/media\/27676"}],"wp:attachment":[{"href":"https:\/\/donaulife-new.ogrisdigital.at\/sv\/wp-json\/wp\/v2\/media?parent=52243"}],"wp:term":[{"taxonomy":"product_cat","embeddable":true,"href":"https:\/\/donaulife-new.ogrisdigital.at\/sv\/wp-json\/wp\/v2\/product_cat?post=52243"},{"taxonomy":"product_tag","embeddable":true,"href":"https:\/\/donaulife-new.ogrisdigital.at\/sv\/wp-json\/wp\/v2\/product_tag?post=52243"}],"curies":[{"name":"wp","href":"https:\/\/api.w.org\/{rel}","templated":true}]}}