{"id":52199,"date":"2020-10-01T10:43:39","date_gmt":"2020-10-01T10:43:39","guid":{"rendered":"https:\/\/donaulife-new.ogrisdigital.at\/produkt\/qnubu-california-safe-pack-pop-bottle-schwarz-35g\/"},"modified":"2024-07-01T00:43:13","modified_gmt":"2024-07-01T00:43:13","slug":"qnubu-california-safe-pack-pop-bottle-schwarz-35g","status":"publish","type":"product","link":"https:\/\/donaulife-new.ogrisdigital.at\/sv\/qnubu-california-safe-pack-pop-bottle-schwarz-35g\/","title":{"rendered":"QNUBU California Safe Pack Pop Bottle schwarz | 3,5g"},"content":{"rendered":"<p>Qnubu California Pop Bottles bieten die sicherste Option f\u00fcr das verpacken, frisch halten und mitnehmen deiner Bl\u00fcten.<br \/>\nDurch einfaches dr\u00fccken des oberen Teils kannst du die H\u00fclle leicht \u00f6ffnen und wieder verschlie\u00dfen, so dass deine Bl\u00fcten immer frisch bleiben und keine Ger\u00fcche nach au\u00dfen austreten.<\/p>\n<p>Nat\u00fcrlich BPA frei. Der Beh\u00e4lter fasst 70ml oder etwa 3,5g Bl\u00fcten Material.<\/p>\n","protected":false},"excerpt":{"rendered":"<p>Qnubu California Pop Bottles bieten die sicherste Option f\u00fcr das verpacken, frisch halten und mitnehmen deiner Bl\u00fcten. Durch einfaches dr\u00fccken<\/p>\n","protected":false},"featured_media":27481,"comment_status":"open","ping_status":"closed","template":"","meta":{"_acf_changed":false},"product_cat":[2607,2451],"product_tag":[3066],"acf":[],"_links":{"self":[{"href":"https:\/\/donaulife-new.ogrisdigital.at\/sv\/wp-json\/wp\/v2\/product\/52199"}],"collection":[{"href":"https:\/\/donaulife-new.ogrisdigital.at\/sv\/wp-json\/wp\/v2\/product"}],"about":[{"href":"https:\/\/donaulife-new.ogrisdigital.at\/sv\/wp-json\/wp\/v2\/types\/product"}],"replies":[{"embeddable":true,"href":"https:\/\/donaulife-new.ogrisdigital.at\/sv\/wp-json\/wp\/v2\/comments?post=52199"}],"wp:featuredmedia":[{"embeddable":true,"href":"https:\/\/donaulife-new.ogrisdigital.at\/sv\/wp-json\/wp\/v2\/media\/27481"}],"wp:attachment":[{"href":"https:\/\/donaulife-new.ogrisdigital.at\/sv\/wp-json\/wp\/v2\/media?parent=52199"}],"wp:term":[{"taxonomy":"product_cat","embeddable":true,"href":"https:\/\/donaulife-new.ogrisdigital.at\/sv\/wp-json\/wp\/v2\/product_cat?post=52199"},{"taxonomy":"product_tag","embeddable":true,"href":"https:\/\/donaulife-new.ogrisdigital.at\/sv\/wp-json\/wp\/v2\/product_tag?post=52199"}],"curies":[{"name":"wp","href":"https:\/\/api.w.org\/{rel}","templated":true}]}}