{"id":52179,"date":"2020-09-07T11:20:04","date_gmt":"2020-09-07T11:20:04","guid":{"rendered":"https:\/\/donaulife-new.ogrisdigital.at\/produkt\/jcase-rosin-press-extraktions-papier-500x30-cm\/"},"modified":"2024-07-01T00:42:58","modified_gmt":"2024-07-01T00:42:58","slug":"jcase-rosin-press-extraktions-papier-500x30-cm","status":"publish","type":"product","link":"https:\/\/donaulife-new.ogrisdigital.at\/sv\/jcase-rosin-press-extraktions-papier-500x30-cm\/","title":{"rendered":"JCASE Rosin Press Extraktions Papier | 500&#215;30 cm"},"content":{"rendered":"<h2>TEMPERATURBEST\u00c4NDIG<\/h2>\n<p>Kann auch bei Betriebstemperaturen von bis zu 260 \u00b0 C verwendet werden. Ideal f\u00fcr die Hei\u00dfpressungen, selbst bei 5% Verl\u00e4ngerung ist das Material rei\u00dffest , gute mechanische Z\u00e4higkeit selbst bei niedrigen Temperaturen.<\/p>\n<h2>ANTIHAFTBESCHICHTUNG<\/h2>\n<p>Das Papier eignet sich dank seiner Antihaftbeschichtung hervorragend zum Sammeln und Auffangen von \u00d6len und anderen Konzentraten, ist aber auch sehr gut zum trocknen, bearbeiten und Aufbewahren von Extrakten.<\/p>\n<h2>REI\u00dfFESTIGKEIT<\/h2>\n<p>Durch den erh\u00f6hten Materialeinsatz von 80g\/m2 ist das Papier doppelt so dick wie herk\u00f6mmliches Backpapier. Dies tr\u00e4gt signifikant zur Rei\u00dffestigkeit bei. Selbst widerspenstigen Extrakte k\u00f6nnen somit abgekratzt werden ohne Risse zu verursachen.<\/p>\n<h2>FOODGRADE<\/h2>\n<p>Zertifizierte Lebensmittelechtheit durch den Verzicht auf sch\u00e4dliche Chemikalien und eine hohe Resistenz gegen\u00fcber L\u00f6sungsmitteln kann dieses Produkt f\u00fcr jegliche Art von Extrakten verwendet werden. Kein Mikroplastik kann somit in das Produkt \u00fcbertreten.<\/p>\n<h2>DOPPELSEITIGE BESCHICHTUNG<\/h2>\n<p>Beidseitig verwendbar durch gleichm\u00e4\u00dfige Bedampfung mit l\u00f6sungsmittelfreiem Natursilikon. Zudem auch Frei von Chlor.<\/p>\n","protected":false},"excerpt":{"rendered":"<p>TEMPERATURBEST\u00c4NDIG Kann auch bei Betriebstemperaturen von bis zu 260 \u00b0 C verwendet werden. Ideal f\u00fcr die Hei\u00dfpressungen, selbst bei 5%<\/p>\n","protected":false},"featured_media":27356,"comment_status":"open","ping_status":"closed","template":"","meta":{"_acf_changed":false},"product_cat":[2549,3203,2571],"product_tag":[3256],"acf":[],"_links":{"self":[{"href":"https:\/\/donaulife-new.ogrisdigital.at\/sv\/wp-json\/wp\/v2\/product\/52179"}],"collection":[{"href":"https:\/\/donaulife-new.ogrisdigital.at\/sv\/wp-json\/wp\/v2\/product"}],"about":[{"href":"https:\/\/donaulife-new.ogrisdigital.at\/sv\/wp-json\/wp\/v2\/types\/product"}],"replies":[{"embeddable":true,"href":"https:\/\/donaulife-new.ogrisdigital.at\/sv\/wp-json\/wp\/v2\/comments?post=52179"}],"wp:featuredmedia":[{"embeddable":true,"href":"https:\/\/donaulife-new.ogrisdigital.at\/sv\/wp-json\/wp\/v2\/media\/27356"}],"wp:attachment":[{"href":"https:\/\/donaulife-new.ogrisdigital.at\/sv\/wp-json\/wp\/v2\/media?parent=52179"}],"wp:term":[{"taxonomy":"product_cat","embeddable":true,"href":"https:\/\/donaulife-new.ogrisdigital.at\/sv\/wp-json\/wp\/v2\/product_cat?post=52179"},{"taxonomy":"product_tag","embeddable":true,"href":"https:\/\/donaulife-new.ogrisdigital.at\/sv\/wp-json\/wp\/v2\/product_tag?post=52179"}],"curies":[{"name":"wp","href":"https:\/\/api.w.org\/{rel}","templated":true}]}}