{"id":52145,"date":"2020-06-30T19:52:35","date_gmt":"2020-06-30T19:52:35","guid":{"rendered":"https:\/\/donaulife-new.ogrisdigital.at\/produkt\/actitube-pfeife-mit-aktivkohleeinsatz-birnenholz\/"},"modified":"2024-07-01T00:42:33","modified_gmt":"2024-07-01T00:42:33","slug":"actitube-pfeife-mit-aktivkohleeinsatz-birnenholz","status":"publish","type":"product","link":"https:\/\/donaulife-new.ogrisdigital.at\/sv\/actitube-pfeife-mit-aktivkohleeinsatz-birnenholz\/","title":{"rendered":"ACTITUBE Pfeife mit Aktivkohleeinsatz | Birnenholz"},"content":{"rendered":"<h2>Actitube Aktivkohle Pfeife aus Birnenholz<\/h2>\n<p>Diese in Deutschland aus hochwertigem Birnenholz hergestellte Pfeife unterscheidet sich nicht nur durch Ihr zeitloses Design von einer normalen Pfeife. Es l\u00e4sst sich dar\u00fcber hinaus ein Kohleaktivfilter einer beliebigen Marke einsetzten, was den Rauch nicht nur zus\u00e4tzlich k\u00fchlt sondern auch Schadstoffe ausfiltert.<\/p>\n<p>Vorteile der &#8216;ACTITUBE&#8217; gegen\u00fcber normalen Pfeifen:<br \/>\n\u2013 Einsatz f\u00fcr Aktivkohlefilter (Regular)<br \/>\n\u2013 deine Lunge wird weniger mit Schadstoffen belastet<br \/>\n\u2013 in Deutschland mit Liebe gefertigt<\/p>\n<h3>\u00dcber Actitube:<\/h3>\n<p>1998 bekam der actiTube Gr\u00fcnder von einem befreundetem Mediziner den Tipp, den Rauch der Wasserpfeife durch Aktivkohle zu filtern um die Belastung der Atemwege zu reduzieren. Noch am selben Abend wurden erste Versuche mit einer Aktivkohle gefilterten Bong gemacht. Anfangs noch sehr kritisch, da er den Verlust von THC bef\u00fcrchtete, war er zwei Jahre sp\u00e4ter von den Vorz\u00fcgen der Filtration restlos \u00fcberzeugt. So kam die Idee, allen Freunden des Hanfgenusses einen die Schadstoffe verringernden und geschmacksverbessernden Filter anzubieten.<\/p>\n","protected":false},"excerpt":{"rendered":"<p>Actitube Aktivkohle Pfeife aus Birnenholz Diese in Deutschland aus hochwertigem Birnenholz hergestellte Pfeife unterscheidet sich nicht nur durch Ihr zeitloses<\/p>\n","protected":false},"featured_media":27161,"comment_status":"open","ping_status":"open","template":"","meta":{"_acf_changed":false},"product_cat":[2651,2489,2451,2805,2501],"product_tag":[2653],"acf":[],"_links":{"self":[{"href":"https:\/\/donaulife-new.ogrisdigital.at\/sv\/wp-json\/wp\/v2\/product\/52145"}],"collection":[{"href":"https:\/\/donaulife-new.ogrisdigital.at\/sv\/wp-json\/wp\/v2\/product"}],"about":[{"href":"https:\/\/donaulife-new.ogrisdigital.at\/sv\/wp-json\/wp\/v2\/types\/product"}],"replies":[{"embeddable":true,"href":"https:\/\/donaulife-new.ogrisdigital.at\/sv\/wp-json\/wp\/v2\/comments?post=52145"}],"wp:featuredmedia":[{"embeddable":true,"href":"https:\/\/donaulife-new.ogrisdigital.at\/sv\/wp-json\/wp\/v2\/media\/27161"}],"wp:attachment":[{"href":"https:\/\/donaulife-new.ogrisdigital.at\/sv\/wp-json\/wp\/v2\/media?parent=52145"}],"wp:term":[{"taxonomy":"product_cat","embeddable":true,"href":"https:\/\/donaulife-new.ogrisdigital.at\/sv\/wp-json\/wp\/v2\/product_cat?post=52145"},{"taxonomy":"product_tag","embeddable":true,"href":"https:\/\/donaulife-new.ogrisdigital.at\/sv\/wp-json\/wp\/v2\/product_tag?post=52145"}],"curies":[{"name":"wp","href":"https:\/\/api.w.org\/{rel}","templated":true}]}}