{"id":52128,"date":"2020-06-09T14:01:21","date_gmt":"2020-06-09T14:01:21","guid":{"rendered":"https:\/\/donaulife-new.ogrisdigital.at\/produkt\/black-leaf-einfach-gruen-85-cm\/"},"modified":"2025-01-15T07:12:24","modified_gmt":"2025-01-15T07:12:24","slug":"black-leaf-einfach-gruen-85-cm","status":"publish","type":"product","link":"https:\/\/donaulife-new.ogrisdigital.at\/sv\/black-leaf-einfach-gruen-85-cm\/","title":{"rendered":"BLACK LEAF &#8216;Einfach gr\u00fcn&#8217; | 8,5 cm"},"content":{"rendered":"<h2>Black Leaf Glaspfeife<\/h2>\n<p>Handpfeife aus hochwertigem gr\u00fcnem Glas f\u00fcr den puren Rauchgenuss oder Kr\u00e4utermischungen. Mit Kickloch.<\/p>\n","protected":false},"excerpt":{"rendered":"<p>Black Leaf Glaspfeife Handpfeife aus hochwertigem gr\u00fcnem Glas f\u00fcr den puren Rauchgenuss oder Kr\u00e4utermischungen. Mit Kickloch.<\/p>\n","protected":false},"featured_media":14411,"comment_status":"open","ping_status":"open","template":"","meta":{"_acf_changed":false},"product_cat":[2502,2451,2501],"product_tag":[2521],"acf":[],"_links":{"self":[{"href":"https:\/\/donaulife-new.ogrisdigital.at\/sv\/wp-json\/wp\/v2\/product\/52128"}],"collection":[{"href":"https:\/\/donaulife-new.ogrisdigital.at\/sv\/wp-json\/wp\/v2\/product"}],"about":[{"href":"https:\/\/donaulife-new.ogrisdigital.at\/sv\/wp-json\/wp\/v2\/types\/product"}],"replies":[{"embeddable":true,"href":"https:\/\/donaulife-new.ogrisdigital.at\/sv\/wp-json\/wp\/v2\/comments?post=52128"}],"wp:featuredmedia":[{"embeddable":true,"href":"https:\/\/donaulife-new.ogrisdigital.at\/sv\/wp-json\/wp\/v2\/media\/14411"}],"wp:attachment":[{"href":"https:\/\/donaulife-new.ogrisdigital.at\/sv\/wp-json\/wp\/v2\/media?parent=52128"}],"wp:term":[{"taxonomy":"product_cat","embeddable":true,"href":"https:\/\/donaulife-new.ogrisdigital.at\/sv\/wp-json\/wp\/v2\/product_cat?post=52128"},{"taxonomy":"product_tag","embeddable":true,"href":"https:\/\/donaulife-new.ogrisdigital.at\/sv\/wp-json\/wp\/v2\/product_tag?post=52128"}],"curies":[{"name":"wp","href":"https:\/\/api.w.org\/{rel}","templated":true}]}}