{"id":52114,"date":"2020-06-04T14:37:26","date_gmt":"2020-06-04T14:37:26","guid":{"rendered":"https:\/\/donaulife-new.ogrisdigital.at\/produkt\/black-leaf-bubbler-blue-bling-mit-3x-honeycomb-39-cm\/"},"modified":"2025-01-15T07:12:32","modified_gmt":"2025-01-15T07:12:32","slug":"black-leaf-bubbler-blue-bling-mit-3x-honeycomb-39-cm","status":"publish","type":"product","link":"https:\/\/donaulife-new.ogrisdigital.at\/sv\/black-leaf-bubbler-blue-bling-mit-3x-honeycomb-39-cm\/","title":{"rendered":"BLACK LEAF Bubbler &#8216;Blue Bling&#8217; mit 3x Honeycomb | 39 cm"},"content":{"rendered":"<h2>Black Leaf Bubbler mit Honeycomb Scheiben<\/h2>\n<p>Mit den 3 integrierten Diffusorscheiben mit ca. 40 L\u00f6chern sorgt die &#8216;Blue Bling&#8217; von Black Leaf f\u00fcr eine enorme Verwirbelung und sensationelle Filtrierung deines Rauchs. Im Lieferumfang ist ein Glask\u00f6pfchen mit integriertem Glassieb zum rauchen ganzer und gegrindeter Bl\u00fcten enhalten. Der in blau gehaltene Glasgriff erleichtert das herausnehmen aus der Bong und sorgt daf\u00fcr, dass dir dieses K\u00f6pfchen garantiert nicht vom Tisch rollt.<\/p>\n<p>Durch seinen tiefen Schwerpunkt und dem fl\u00e4chig gehaltenen Standfu\u00dfes hat dieser Bubbler einen sehr sicheren stand und passt sich dank des Ringf\u00f6rmigen Mundst\u00fccks perfekt an deine Lippen an. Der NS des Bubblers betr\u00e4gt 18,8 mm und er kommt dank seiner Form ohne extra Chillum aus.<\/p>\n<h3><span style=\"font-size: 20.16px;\">\u00dcber Black Leaf:<\/span><\/h3>\n<div>\n<p>In Weed We Trust ? Smoking\u00a0<em>Paraphernalia<\/em> seit 1988: Bongs, Pfeifen, Vaporizer, Grinder, Dabbing Zubeh\u00f6r, Paper &amp; Filter, Lifestyle Produkte. Es gibt viele Innovative Produkte der Marke die auch die ein oder andere Weltneuheit erschaffen haben. Im Shop bieten wir von allen Produkten die beste Auswahl.<\/p>\n<\/div>\n","protected":false},"excerpt":{"rendered":"<p>Black Leaf Bubbler mit Honeycomb Scheiben Mit den 3 integrierten Diffusorscheiben mit ca. 40 L\u00f6chern sorgt die &#8216;Blue Bling&#8217; von<\/p>\n","protected":false},"featured_media":26965,"comment_status":"open","ping_status":"open","template":"","meta":{"_acf_changed":false},"product_cat":[2514,2548,2459,2513,2507,2737,2577,2506,2463,2520],"product_tag":[2521],"acf":[],"_links":{"self":[{"href":"https:\/\/donaulife-new.ogrisdigital.at\/sv\/wp-json\/wp\/v2\/product\/52114"}],"collection":[{"href":"https:\/\/donaulife-new.ogrisdigital.at\/sv\/wp-json\/wp\/v2\/product"}],"about":[{"href":"https:\/\/donaulife-new.ogrisdigital.at\/sv\/wp-json\/wp\/v2\/types\/product"}],"replies":[{"embeddable":true,"href":"https:\/\/donaulife-new.ogrisdigital.at\/sv\/wp-json\/wp\/v2\/comments?post=52114"}],"wp:featuredmedia":[{"embeddable":true,"href":"https:\/\/donaulife-new.ogrisdigital.at\/sv\/wp-json\/wp\/v2\/media\/26965"}],"wp:attachment":[{"href":"https:\/\/donaulife-new.ogrisdigital.at\/sv\/wp-json\/wp\/v2\/media?parent=52114"}],"wp:term":[{"taxonomy":"product_cat","embeddable":true,"href":"https:\/\/donaulife-new.ogrisdigital.at\/sv\/wp-json\/wp\/v2\/product_cat?post=52114"},{"taxonomy":"product_tag","embeddable":true,"href":"https:\/\/donaulife-new.ogrisdigital.at\/sv\/wp-json\/wp\/v2\/product_tag?post=52114"}],"curies":[{"name":"wp","href":"https:\/\/api.w.org\/{rel}","templated":true}]}}