{"id":52100,"date":"2020-06-03T13:05:46","date_gmt":"2020-06-03T13:05:46","guid":{"rendered":"https:\/\/donaulife-new.ogrisdigital.at\/produkt\/breit-beakerbong-orange-bud-30-cm\/"},"modified":"2025-01-15T07:12:36","modified_gmt":"2025-01-15T07:12:36","slug":"breit-beakerbong-orange-bud-30-cm","status":"publish","type":"product","link":"https:\/\/donaulife-new.ogrisdigital.at\/sv\/breit-beakerbong-orange-bud-30-cm\/","title":{"rendered":"BREIT Beakerbong &#8216;Orange Bud&#8217; | 30 cm"},"content":{"rendered":"<div class=\"std\">\n<h2>Breit Kolbenbong mit 30 cm<\/h2>\n<p>Die handgefertigte Icebong in Kolbenform von \u2018BREIT\u2018 ist mit zahlreichen gr\u00fcnen Leafs bedruckt, w\u00e4hrend die Knallfarbe des Mundst\u00fccks und des Bodens einen interessanten Kontrast dazu bilden. Die Bong hat Eisdornen, ein Diffusoradapter-Stecksystem und einen Kr\u00e4uterkopf.<\/p>\n<p>Diese handliche Wasserpfeife bietet einen guten Durchzug und macht das, was der Markennamen verspricht!<\/p>\n<\/div>\n<h3>\u00dcber Breit:<\/h3>\n<p>Breit, breiter, am breitesten. Breitseite. Einfache Bongs &#8211; Einfach breit. Die Marke Breitseite von Black Leaf steht f\u00fcr basic Glasprodukte ohne Schnick Schnack.<\/p>\n","protected":false},"excerpt":{"rendered":"<p>Breit Kolbenbong mit 30 cm Die handgefertigte Icebong in Kolbenform von \u2018BREIT\u2018 ist mit zahlreichen gr\u00fcnen Leafs bedruckt, w\u00e4hrend die<\/p>\n","protected":false},"featured_media":26889,"comment_status":"open","ping_status":"open","template":"","meta":{"_acf_changed":false},"product_cat":[2514,2459,2993,2510,2507,2523,2635,2506,2463],"product_tag":[],"acf":[],"_links":{"self":[{"href":"https:\/\/donaulife-new.ogrisdigital.at\/sv\/wp-json\/wp\/v2\/product\/52100"}],"collection":[{"href":"https:\/\/donaulife-new.ogrisdigital.at\/sv\/wp-json\/wp\/v2\/product"}],"about":[{"href":"https:\/\/donaulife-new.ogrisdigital.at\/sv\/wp-json\/wp\/v2\/types\/product"}],"replies":[{"embeddable":true,"href":"https:\/\/donaulife-new.ogrisdigital.at\/sv\/wp-json\/wp\/v2\/comments?post=52100"}],"wp:featuredmedia":[{"embeddable":true,"href":"https:\/\/donaulife-new.ogrisdigital.at\/sv\/wp-json\/wp\/v2\/media\/26889"}],"wp:attachment":[{"href":"https:\/\/donaulife-new.ogrisdigital.at\/sv\/wp-json\/wp\/v2\/media?parent=52100"}],"wp:term":[{"taxonomy":"product_cat","embeddable":true,"href":"https:\/\/donaulife-new.ogrisdigital.at\/sv\/wp-json\/wp\/v2\/product_cat?post=52100"},{"taxonomy":"product_tag","embeddable":true,"href":"https:\/\/donaulife-new.ogrisdigital.at\/sv\/wp-json\/wp\/v2\/product_tag?post=52100"}],"curies":[{"name":"wp","href":"https:\/\/api.w.org\/{rel}","templated":true}]}}