{"id":52099,"date":"2020-06-03T12:45:21","date_gmt":"2020-06-03T12:45:21","guid":{"rendered":"https:\/\/donaulife-new.ogrisdigital.at\/produkt\/black-leaf-glas-tips-3er-set-o-8mm\/"},"modified":"2025-01-15T07:12:37","modified_gmt":"2025-01-15T07:12:37","slug":"black-leaf-glas-tips-3er-set-o-8mm","status":"publish","type":"product","link":"https:\/\/donaulife-new.ogrisdigital.at\/sv\/black-leaf-glas-tips-3er-set-o-8mm\/","title":{"rendered":"BLACK LEAF Glas Tips 3er Set | \u00d8 8mm"},"content":{"rendered":"<h2>Black Leaf Glastips 8mm<\/h2>\n<p>Die von Hand gefertigten Glas-Tips von &#8216;Black Leaf&#8217; bestehen aus hochwertigem Borosilikatglas und haben in diesem Pack 3 St\u00fcck mit einem Innen-Durchmesser von 8 mm f\u00fcr selbstgdrehte Zigaretten oder versch. Filter. Nach Wunsch kann man auch vorher einen passenden Aktivkohlefilter oder Tip einsetzten. Durch das geschmacksneutrale Borosilikatglas sorgen diese Glastips f\u00fcr den unverf\u00e4lschten Genu\u00df mit Stil. Nie wieder Papiergeschmack oder aufgeweichte Endst\u00fccke! Aussendurchmesser 11 mm.<\/p>\n<h3>\u00dcber Black Leaf:<\/h3>\n<div>\n<p>In Weed We Trust ? Smoking\u00a0<em>Paraphernalia<\/em>\u00a0seit 1988: Bongs, Pfeifen, Vaporizer, Grinder, Dabbing Zubeh\u00f6r, Paper &amp; Filter, Lifestyle Produkte. Es gibt viele Innovative Produkte der Marke die auch die ein oder andere Weltneuheit erschaffen haben. Im Shop bieten wir von allen Produkten die beste Auswahl.<\/p>\n<\/div>\n","protected":false},"excerpt":{"rendered":"<p>Black Leaf Glastips 8mm Die von Hand gefertigten Glas-Tips von &#8216;Black Leaf&#8217; bestehen aus hochwertigem Borosilikatglas und haben in diesem<\/p>\n","protected":false},"featured_media":26884,"comment_status":"open","ping_status":"open","template":"","meta":{"_acf_changed":false},"product_cat":[2499,2732,2451],"product_tag":[2521],"acf":[],"_links":{"self":[{"href":"https:\/\/donaulife-new.ogrisdigital.at\/sv\/wp-json\/wp\/v2\/product\/52099"}],"collection":[{"href":"https:\/\/donaulife-new.ogrisdigital.at\/sv\/wp-json\/wp\/v2\/product"}],"about":[{"href":"https:\/\/donaulife-new.ogrisdigital.at\/sv\/wp-json\/wp\/v2\/types\/product"}],"replies":[{"embeddable":true,"href":"https:\/\/donaulife-new.ogrisdigital.at\/sv\/wp-json\/wp\/v2\/comments?post=52099"}],"wp:featuredmedia":[{"embeddable":true,"href":"https:\/\/donaulife-new.ogrisdigital.at\/sv\/wp-json\/wp\/v2\/media\/26884"}],"wp:attachment":[{"href":"https:\/\/donaulife-new.ogrisdigital.at\/sv\/wp-json\/wp\/v2\/media?parent=52099"}],"wp:term":[{"taxonomy":"product_cat","embeddable":true,"href":"https:\/\/donaulife-new.ogrisdigital.at\/sv\/wp-json\/wp\/v2\/product_cat?post=52099"},{"taxonomy":"product_tag","embeddable":true,"href":"https:\/\/donaulife-new.ogrisdigital.at\/sv\/wp-json\/wp\/v2\/product_tag?post=52099"}],"curies":[{"name":"wp","href":"https:\/\/api.w.org\/{rel}","templated":true}]}}