{"id":52095,"date":"2020-06-03T11:41:26","date_gmt":"2020-06-03T11:41:26","guid":{"rendered":"https:\/\/donaulife-new.ogrisdigital.at\/produkt\/breit-dab-bong-am-breitesten-19-cm\/"},"modified":"2025-01-15T07:12:39","modified_gmt":"2025-01-15T07:12:39","slug":"breit-dab-bong-am-breitesten-19-cm","status":"publish","type":"product","link":"https:\/\/donaulife-new.ogrisdigital.at\/sv\/breit-dab-bong-am-breitesten-19-cm\/","title":{"rendered":"BREIT Dab Bong &#8216;Am breitesten&#8217; | 19 cm"},"content":{"rendered":"<h2>Breit Dab Rig mit 19 cm<\/h2>\n<p>Sehr handliche und entz\u00fcckende \u00d6lblubber der Marke &#8216;BREIT&#8217;. Aus bestem Borosilikatglas, 2farbig und mit Banger.<br \/>\nSelbstverst\u00e4ndlich eignet sich die kleine Wasserpfeife auch sehr gut zum Rauchen von Kr\u00e4utern. Daf\u00fcr einfach den \u00d6lbanger durch einen Kr\u00e4uterkopf mit NS 14 Schliff ersetzen.<\/p>\n<p>Der Bubbler besitzt einen Normschliff von 14,5 mm.<\/p>\n<h3>\u00dcber Breit:<\/h3>\n<p>Breit, breiter, am breitesten. Breitseite. Einfache Bongs &#8211; Einfach breit. Die Marke Breitseite von Black Leaf steht f\u00fcr basic Glasprodukte ohne Schnick Schnack.<\/p>\n","protected":false},"excerpt":{"rendered":"<p>Breit Dab Rig mit 19 cm Sehr handliche und entz\u00fcckende \u00d6lblubber der Marke &#8216;BREIT&#8217;. Aus bestem Borosilikatglas, 2farbig und mit<\/p>\n","protected":false},"featured_media":26843,"comment_status":"open","ping_status":"open","template":"","meta":{"_acf_changed":false},"product_cat":[2514,2459,2993,2549,2550,2507,2506,2463,2520,2551],"product_tag":[],"acf":[],"_links":{"self":[{"href":"https:\/\/donaulife-new.ogrisdigital.at\/sv\/wp-json\/wp\/v2\/product\/52095"}],"collection":[{"href":"https:\/\/donaulife-new.ogrisdigital.at\/sv\/wp-json\/wp\/v2\/product"}],"about":[{"href":"https:\/\/donaulife-new.ogrisdigital.at\/sv\/wp-json\/wp\/v2\/types\/product"}],"replies":[{"embeddable":true,"href":"https:\/\/donaulife-new.ogrisdigital.at\/sv\/wp-json\/wp\/v2\/comments?post=52095"}],"wp:featuredmedia":[{"embeddable":true,"href":"https:\/\/donaulife-new.ogrisdigital.at\/sv\/wp-json\/wp\/v2\/media\/26843"}],"wp:attachment":[{"href":"https:\/\/donaulife-new.ogrisdigital.at\/sv\/wp-json\/wp\/v2\/media?parent=52095"}],"wp:term":[{"taxonomy":"product_cat","embeddable":true,"href":"https:\/\/donaulife-new.ogrisdigital.at\/sv\/wp-json\/wp\/v2\/product_cat?post=52095"},{"taxonomy":"product_tag","embeddable":true,"href":"https:\/\/donaulife-new.ogrisdigital.at\/sv\/wp-json\/wp\/v2\/product_tag?post=52095"}],"curies":[{"name":"wp","href":"https:\/\/api.w.org\/{rel}","templated":true}]}}