{"id":52094,"date":"2020-06-03T10:57:07","date_gmt":"2020-06-03T10:57:07","guid":{"rendered":"https:\/\/donaulife-new.ogrisdigital.at\/produkt\/blaze-glass-glasblubber-yellow-lizzard-22-cm\/"},"modified":"2025-01-15T07:12:43","modified_gmt":"2025-01-15T07:12:43","slug":"blaze-glass-glasblubber-yellow-lizzard-22-cm","status":"publish","type":"product","link":"https:\/\/donaulife-new.ogrisdigital.at\/sv\/blaze-glass-glasblubber-yellow-lizzard-22-cm\/","title":{"rendered":"BLAZE GLASS Glasblubber &#8216;Yellow Lizzard&#8217; | 22 cm"},"content":{"rendered":"<h2>Blaze Glass Bubbler in Gelb<\/h2>\n<p>Stabile klein Dab Rig handgemacht aus Borosilikatglas mit silber gl\u00e4nzendem &#8216;Blaze Glass&#8217; logo und Trommelperkolator mit vielen Schlitzen f\u00fcr den k\u00fchlenden Blubbereffekt! Zugrohr, K\u00f6rper und Bangerkopf mit 4mm Wanddicke um die Hitze l\u00e4nger zu halten und feine milchmokka Glasteile machen es wert, sie zu haben!<\/p>\n<p>Die Glasbubbler eignet sich zum Genuss von \u00d6l und Wax. Sie ist daher mit einem Banger ausgestattet, der aber jederzeit mit einem Kr\u00e4uterkopf mit 14er Schliff ausgetauscht werden kann.<\/p>\n<p><em>Achtung:<br \/>\nDer \u00d6lkopf\/\u00d6lnagel darf nur an der Pfanne erhitzt werden, da sonst die Gefahr besteht, dass der Schliff wegen Ausdehnung des Materials bricht.<\/em><\/p>\n<h3>\u00dcber Blaze Glass:<\/h3>\n<div>\n<div>\n<p>Blaze-Glass-Bongs sind aus spannungsfreiem 3.1-Borosilikatglas (vergleichbar mit Duranglas) h\u00f6chster G\u00fcteklasse gefertigt. Mindestens 5 mm Wandst\u00e4rke machen eine Wasserpfeife robust.<br \/>\nWir verwenden extrem passgenaue Normschliffe in 14,5 bzw. 18,8 mm. Je nach Bong-Geometrie kommen normale Schliffe, verst\u00e4rkte Schliffe und bi-stabile Schliffe (doppelte Wand) in unseren Produkten zum Einsatz.<\/p>\n<\/div>\n<\/div>\n","protected":false},"excerpt":{"rendered":"<p>Blaze Glass Bubbler in Gelb Stabile klein Dab Rig handgemacht aus Borosilikatglas mit silber gl\u00e4nzendem &#8216;Blaze Glass&#8217; logo und Trommelperkolator<\/p>\n","protected":false},"featured_media":26832,"comment_status":"open","ping_status":"open","template":"","meta":{"_acf_changed":false},"product_cat":[2514,2545,2459,2513,2549,2550,2577,2506,2463,2551],"product_tag":[2547],"acf":[],"_links":{"self":[{"href":"https:\/\/donaulife-new.ogrisdigital.at\/sv\/wp-json\/wp\/v2\/product\/52094"}],"collection":[{"href":"https:\/\/donaulife-new.ogrisdigital.at\/sv\/wp-json\/wp\/v2\/product"}],"about":[{"href":"https:\/\/donaulife-new.ogrisdigital.at\/sv\/wp-json\/wp\/v2\/types\/product"}],"replies":[{"embeddable":true,"href":"https:\/\/donaulife-new.ogrisdigital.at\/sv\/wp-json\/wp\/v2\/comments?post=52094"}],"wp:featuredmedia":[{"embeddable":true,"href":"https:\/\/donaulife-new.ogrisdigital.at\/sv\/wp-json\/wp\/v2\/media\/26832"}],"wp:attachment":[{"href":"https:\/\/donaulife-new.ogrisdigital.at\/sv\/wp-json\/wp\/v2\/media?parent=52094"}],"wp:term":[{"taxonomy":"product_cat","embeddable":true,"href":"https:\/\/donaulife-new.ogrisdigital.at\/sv\/wp-json\/wp\/v2\/product_cat?post=52094"},{"taxonomy":"product_tag","embeddable":true,"href":"https:\/\/donaulife-new.ogrisdigital.at\/sv\/wp-json\/wp\/v2\/product_tag?post=52094"}],"curies":[{"name":"wp","href":"https:\/\/api.w.org\/{rel}","templated":true}]}}