{"id":52084,"date":"2020-05-26T10:39:08","date_gmt":"2020-05-26T10:39:08","guid":{"rendered":"https:\/\/donaulife-new.ogrisdigital.at\/produkt\/purize-grinder-2-teilig-o-50-mm\/"},"modified":"2024-07-01T00:41:44","modified_gmt":"2024-07-01T00:41:44","slug":"purize-grinder-2-teilig-o-50-mm","status":"publish","type":"product","link":"https:\/\/donaulife-new.ogrisdigital.at\/sv\/purize-grinder-2-teilig-o-50-mm\/","title":{"rendered":"PURIZE Grinder 2-teilig | \u00d8 50 mm"},"content":{"rendered":"<h2>Purize Grinder 2-teilig<\/h2>\n<div><\/div>\n<div>F\u00fcr alle F\u00e4lle: Unser 2-teiliger Aluminium Grinder in silber!<\/div>\n<div><\/div>\n<div>Du brauchst einen Grinder, den Du auch nach Jahren noch verwenden kannst? Wir helfen Dir: Mit unserem 2-teiligen Aluminium Grinder in silber! Der Grinder zerkleinert Deine Rauchutensilien perfekt und ist durch seinen einfachen Aufbau quasi unzerst\u00f6rbar. Die Z\u00e4hne sind nicht geklebt, sondern aus dem Material gefr\u00e4st und entgratet \u2013 dadurch sind diese messerscharf und \u00fcberzeugen im Grind-Verhalten gegen\u00fcber Plastik- oder Stiftgrindern extrem! Der Deckel wird durch einen leichten Magnet-Mechanismus fixiert, was zu einem sauberen Handling und sicherer Verwahrungsm\u00f6glichkeit f\u00fchrt und letztendlich einfach praktisch ist. Zus\u00e4tzlich ist auf der Oberseite unser PURIZE\u00ae Logo eingraviert.<\/div>\n<div><\/div>\n<div>Solltest Du einen Pollinator bevorzugen, k\u00f6nnen wir Dir mit unserem 4-teiligen Grinder helfen!<\/div>\n<div><\/div>\n<div>Vorteile:<\/div>\n<div>\u2013 Scharfe Z\u00e4hne<\/div>\n<div>\u2013 Magnetverschluss<\/div>\n<div>\u2013 Hochwertige Verarbeitung<\/div>\n<div><\/div>\n<div>Durchmesser: 48 mm<\/div>\n<div><\/div>\n<div>\n<h3 style=\"margin: 0in; font-family: Calibri; font-size: 16.0pt;\">\u00dcber Purize:<\/h3>\n<p style=\"margin: 0in; font-family: Calibri; font-size: 11.0pt;\">PURIZE\u00ae Filters verfolgt die Vision, genussorientierten Rauchern \u2013 mit Hilfe eines PURIZE\u00ae Aktivkohlefilters \u2013 ein deutlich schadstoffreduziertes &amp; angenehmeres Raucherlebnis aufzuzeigen.<\/p>\n<\/div>\n","protected":false},"excerpt":{"rendered":"<p>Purize Grinder 2-teilig F\u00fcr alle F\u00e4lle: Unser 2-teiliger Aluminium Grinder in silber! Du brauchst einen Grinder, den Du auch nach<\/p>\n","protected":false},"featured_media":26759,"comment_status":"open","ping_status":"open","template":"","meta":{"_acf_changed":false},"product_cat":[2570,2482,2489,2480,2451,2483,2861],"product_tag":[],"acf":[],"_links":{"self":[{"href":"https:\/\/donaulife-new.ogrisdigital.at\/sv\/wp-json\/wp\/v2\/product\/52084"}],"collection":[{"href":"https:\/\/donaulife-new.ogrisdigital.at\/sv\/wp-json\/wp\/v2\/product"}],"about":[{"href":"https:\/\/donaulife-new.ogrisdigital.at\/sv\/wp-json\/wp\/v2\/types\/product"}],"replies":[{"embeddable":true,"href":"https:\/\/donaulife-new.ogrisdigital.at\/sv\/wp-json\/wp\/v2\/comments?post=52084"}],"wp:featuredmedia":[{"embeddable":true,"href":"https:\/\/donaulife-new.ogrisdigital.at\/sv\/wp-json\/wp\/v2\/media\/26759"}],"wp:attachment":[{"href":"https:\/\/donaulife-new.ogrisdigital.at\/sv\/wp-json\/wp\/v2\/media?parent=52084"}],"wp:term":[{"taxonomy":"product_cat","embeddable":true,"href":"https:\/\/donaulife-new.ogrisdigital.at\/sv\/wp-json\/wp\/v2\/product_cat?post=52084"},{"taxonomy":"product_tag","embeddable":true,"href":"https:\/\/donaulife-new.ogrisdigital.at\/sv\/wp-json\/wp\/v2\/product_tag?post=52084"}],"curies":[{"name":"wp","href":"https:\/\/api.w.org\/{rel}","templated":true}]}}