{"id":51984,"date":"2020-05-05T10:07:47","date_gmt":"2020-05-05T10:07:47","guid":{"rendered":"https:\/\/donaulife-new.ogrisdigital.at\/produkt\/v-syndicate-grinder-card-xxx-kreditkarten-format\/"},"modified":"2024-07-01T00:40:26","modified_gmt":"2024-07-01T00:40:26","slug":"v-syndicate-grinder-card-xxx-kreditkarten-format","status":"publish","type":"product","link":"https:\/\/donaulife-new.ogrisdigital.at\/sv\/v-syndicate-grinder-card-xxx-kreditkarten-format\/","title":{"rendered":"V SYNDICATE Grinder Card &#8216;XXX&#8217; | Kreditkarten Format"},"content":{"rendered":"<h2>V Syndicate Grinder Karte<\/h2>\n<p>Du bist drau\u00dfen und willst mal schnell Kraut zerkleinern? Grinder sind zu klobig um Sie immer mit zu schleppen. Hier gibt\u00b4s praktische Hilfe:<\/p>\n<p>Die Grinder Card von V Syndicate ist immer und \u00fcberall dabei da Sie einfach in der Geldb\u00f6rse verstaubar.<br \/>\nGrinder Cards sind auch ne tolle Geschenkidee! &#8211; nur die bestausger\u00fcsteten Genie\u00dfer haben so ein praktisches Teil dabei.<\/p>\n<p>Alle Karten der Serie werden aus rostfreiem Stahl hergestellt.<\/p>\n<h3>\u00dcber V Syndicate:<\/h3>\n<p>V Syndicate\u00ae wurde 2010 gegr\u00fcndet und ist eine Lifestyle-Marke, die sich<br \/>\nFreizeit- und Raucherzubeh\u00f6r widmet. Unser Engagement f\u00fcr Innovation hat uns dazu inspiriert, die weltweit erste flache Kr\u00e4uterm\u00fchle in Form einer Karte im Brieftaschenformat zu entwickeln, die passenderweise &#8220;Grinder Card&#8221; genannt wird. Dieses elegante Ger\u00e4t ist umweltfreundlich, da es nur 5 % des Metalls verbraucht, das ein typischer Grinder ben\u00f6tigt. Der rostfreie Stahl in medizinischer Qualit\u00e4t verhindert Rost, w\u00e4hrend eine Vielzahl von Zahngr\u00f6\u00dfen drei verschiedene Bl\u00fctentexturen erm\u00f6glicht.<\/p>\n<p>&nbsp;<\/p>\n<p>&nbsp;<\/p>\n","protected":false},"excerpt":{"rendered":"<p>V Syndicate Grinder Karte Du bist drau\u00dfen und willst mal schnell Kraut zerkleinern? Grinder sind zu klobig um Sie immer<\/p>\n","protected":false},"featured_media":17988,"comment_status":"open","ping_status":"open","template":"","meta":{"_acf_changed":false},"product_cat":[2480,2814,2451],"product_tag":[2981],"acf":[],"_links":{"self":[{"href":"https:\/\/donaulife-new.ogrisdigital.at\/sv\/wp-json\/wp\/v2\/product\/51984"}],"collection":[{"href":"https:\/\/donaulife-new.ogrisdigital.at\/sv\/wp-json\/wp\/v2\/product"}],"about":[{"href":"https:\/\/donaulife-new.ogrisdigital.at\/sv\/wp-json\/wp\/v2\/types\/product"}],"replies":[{"embeddable":true,"href":"https:\/\/donaulife-new.ogrisdigital.at\/sv\/wp-json\/wp\/v2\/comments?post=51984"}],"wp:featuredmedia":[{"embeddable":true,"href":"https:\/\/donaulife-new.ogrisdigital.at\/sv\/wp-json\/wp\/v2\/media\/17988"}],"wp:attachment":[{"href":"https:\/\/donaulife-new.ogrisdigital.at\/sv\/wp-json\/wp\/v2\/media?parent=51984"}],"wp:term":[{"taxonomy":"product_cat","embeddable":true,"href":"https:\/\/donaulife-new.ogrisdigital.at\/sv\/wp-json\/wp\/v2\/product_cat?post=51984"},{"taxonomy":"product_tag","embeddable":true,"href":"https:\/\/donaulife-new.ogrisdigital.at\/sv\/wp-json\/wp\/v2\/product_tag?post=51984"}],"curies":[{"name":"wp","href":"https:\/\/api.w.org\/{rel}","templated":true}]}}