{"id":51895,"date":"2020-04-03T11:48:27","date_gmt":"2020-04-03T11:48:27","guid":{"rendered":"https:\/\/donaulife-new.ogrisdigital.at\/produkt\/bowantri-holz-siebkopf-redwood-braun-188-mm\/"},"modified":"2024-07-01T00:39:22","modified_gmt":"2024-07-01T00:39:22","slug":"bowantri-holz-siebkopf-redwood-braun-188-mm","status":"publish","type":"product","link":"https:\/\/donaulife-new.ogrisdigital.at\/sv\/bowantri-holz-siebkopf-redwood-braun-188-mm\/","title":{"rendered":"BOWANTRI Holz Siebkopf &#8216;Redwood&#8217; braun | 18,8 mm"},"content":{"rendered":"<h2>Bowantri Holz Siebkopf rot\/braun<\/h2>\n<p>Alle Bowantri K\u00f6pfchen werden nur aus den besten, FSC-zertifizierten H\u00f6lzern gefertigt und mit einem Pr\u00e4zisionsshliff aus dem Hause EHLE. versehen. Dadurch ist bei jedem unserer K\u00f6pfchen eine perfekte Passgenauigkeit garantiert.<\/p>\n<p>Zur leichteren Reinigung l\u00e4sst sich der Schliff herausnehmen.<br \/>\nSomit ist es auch m\u00f6glich, einen gebrochenen Schliff zu ersetzen.<\/p>\n<h3>\u00dcber Bowantri<\/h3>\n<p class=\"wei\u00df\">Unsere Firmengeschichte begann mit der Suche nach einem Grinder, der zu\u00a0<strong>100 % aus Holz<\/strong>\u00a0bestehen sollte.<br \/>\nDa die momentan auf dem Markt verf\u00fcgbaren Holzgrinder nur einfache Holzstifte als Mahlwerkzeug haben, die das Mahlgut eher zerrei\u00dfen als zermahlen, und die einzige Alternative Plastik oder Aluminium als Material war, hatten wir nur eine M\u00f6glichkeit:<br \/>\n<strong>Wir mussten unsere eigenen Grinder produzieren!<\/strong><br \/>\n<img fetchpriority=\"high\" decoding=\"async\" class=\"full alignright size-full wp-image-1499 lazyloaded\" src=\"https:\/\/bowantri.com\/content\/uploads\/2019\/05\/ueber-uns-holzhobel-mit-altem-holz.jpg\" sizes=\"(max-width: 500px) 100vw, 500px\" srcset=\"https:\/\/bowantri.com\/content\/uploads\/2019\/05\/ueber-uns-holzhobel-mit-altem-holz.jpg 500w, https:\/\/bowantri.com\/content\/uploads\/2019\/05\/ueber-uns-holzhobel-mit-altem-holz-300x200.jpg 300w, https:\/\/bowantri.com\/content\/uploads\/2019\/05\/ueber-uns-holzhobel-mit-altem-holz-324x216.jpg 324w, https:\/\/bowantri.com\/content\/uploads\/2019\/05\/ueber-uns-holzhobel-mit-altem-holz-416x277.jpg 416w\" alt=\"Altes Holz wird f\u00fcr Upcycling genutzt\" width=\"500\" height=\"333\" data-lazy-srcset=\"https:\/\/bowantri.com\/content\/uploads\/2019\/05\/ueber-uns-holzhobel-mit-altem-holz.jpg 500w, https:\/\/bowantri.com\/content\/uploads\/2019\/05\/ueber-uns-holzhobel-mit-altem-holz-300x200.jpg 300w, https:\/\/bowantri.com\/content\/uploads\/2019\/05\/ueber-uns-holzhobel-mit-altem-holz-324x216.jpg 324w, https:\/\/bowantri.com\/content\/uploads\/2019\/05\/ueber-uns-holzhobel-mit-altem-holz-416x277.jpg 416w\" data-lazy-sizes=\"(max-width: 500px) 100vw, 500px\" data-lazy-src=\"https:\/\/bowantri.com\/content\/uploads\/2019\/05\/ueber-uns-holzhobel-mit-altem-holz.jpg\" data-was-processed=\"true\" \/><br \/>\n<strong>Da kam als erstes die Frage auf: \u201eWelche Holzart h\u00e4lt unseren hohen Anforderungen stand?\u201c<\/strong><\/p>\n<p>Nach langer Recherche sind wir auf ein afrikanisches Hartholz gesto\u00dfen, das sowohl die mechanischen Belastungen beim Grinden als auch die thermische Belastung beim Rauchen m\u00fchelos aush\u00e4lt.<\/p>\n<p><strong>Also war nun die Frage: \u201eSchadet der Abbau den W\u00e4ldern in Afrika und wenn ja, wo bekommen wir dieses Holz nachhaltig her?\u201c<\/strong><\/p>\n<p>Die Antwort war recht schnell gefunden:\u00a0<strong>Durch Upcycling!<\/strong><br \/>\nWir stellten fest, dass die Holzart Bongossi in riesigen Mengen in der Industrie Verwendung findet z. B. in Form von Zaunpf\u00e4hlen, Bahntrassen oder sogar Br\u00fccken.<br \/>\nAufgrund seiner\u00a0<strong>extremen H\u00e4rte und Best\u00e4ndigkeit gegen\u00fcber Witterungseinfl\u00fcssen<\/strong>\u00a0sind wir in der Lage, von der Industrie nicht mehr ben\u00f6tigte alte H\u00f6lzer wiederzuverwenden und f\u00fcr unsere Produkte upzucyclen.<br \/>\nSomit k\u00f6nnen wir\u00a0<strong>hochwertiges Raucherzubeh\u00f6r aus Massivholz<\/strong>\u00a0anbieten,\u00a0<strong>ohne<\/strong>\u00a0dadurch\u00a0<strong>erneut in die Natur eingreifen zu m\u00fcssen<\/strong>.<\/p>\n<p>&nbsp;<\/p>\n<h2 class=\"wei\u00df\">Nachhaltigkeit<\/h2>\n<p class=\"wei\u00df\">Nicht nur bei der Beschaffung ihrer Rohstoffe, auch bei der Lagerung und Verpackung der Produkte setzt Bowantri auf einen m\u00f6glichst <strong>plastikfreien Betrieb<\/strong>.<\/p>\n<p class=\"wei\u00df\">Die Produkte versenden wir ausschlie\u00dflich mit einer <strong>D\u00e4mmung aus recycelter Pappe<\/strong>, um Styroporflocken zu vermeiden.<br \/>\nEinzig unsere Glaswaren werden in Luftpolsterfolie versendet. Aber auch hier kaufen wir keine neue ein, sondern verwenden die Verpackung, die wir mit unseren Glaslieferungen von unseren Partnern erhalten.<\/p>\n","protected":false},"excerpt":{"rendered":"<p>Bowantri Holz Siebkopf rot\/braun Alle Bowantri K\u00f6pfchen werden nur aus den besten, FSC-zertifizierten H\u00f6lzern gefertigt und mit einem Pr\u00e4zisionsshliff aus<\/p>\n","protected":false},"featured_media":25811,"comment_status":"open","ping_status":"open","template":"","meta":{"_acf_changed":false},"product_cat":[2462,2459,2461,2460],"product_tag":[2979],"acf":[],"_links":{"self":[{"href":"https:\/\/donaulife-new.ogrisdigital.at\/sv\/wp-json\/wp\/v2\/product\/51895"}],"collection":[{"href":"https:\/\/donaulife-new.ogrisdigital.at\/sv\/wp-json\/wp\/v2\/product"}],"about":[{"href":"https:\/\/donaulife-new.ogrisdigital.at\/sv\/wp-json\/wp\/v2\/types\/product"}],"replies":[{"embeddable":true,"href":"https:\/\/donaulife-new.ogrisdigital.at\/sv\/wp-json\/wp\/v2\/comments?post=51895"}],"wp:featuredmedia":[{"embeddable":true,"href":"https:\/\/donaulife-new.ogrisdigital.at\/sv\/wp-json\/wp\/v2\/media\/25811"}],"wp:attachment":[{"href":"https:\/\/donaulife-new.ogrisdigital.at\/sv\/wp-json\/wp\/v2\/media?parent=51895"}],"wp:term":[{"taxonomy":"product_cat","embeddable":true,"href":"https:\/\/donaulife-new.ogrisdigital.at\/sv\/wp-json\/wp\/v2\/product_cat?post=51895"},{"taxonomy":"product_tag","embeddable":true,"href":"https:\/\/donaulife-new.ogrisdigital.at\/sv\/wp-json\/wp\/v2\/product_tag?post=51895"}],"curies":[{"name":"wp","href":"https:\/\/api.w.org\/{rel}","templated":true}]}}