{"id":51828,"date":"2020-03-25T10:30:32","date_gmt":"2020-03-25T10:30:32","guid":{"rendered":"https:\/\/donaulife-new.ogrisdigital.at\/produkt\/grace-glass-vorkuehler-amsterdam-series-pickle-gruen-188-mm\/"},"modified":"2024-07-01T00:38:26","modified_gmt":"2024-07-01T00:38:26","slug":"grace-glass-vorkuehler-amsterdam-series-pickle-gruen-188-mm","status":"publish","type":"product","link":"https:\/\/donaulife-new.ogrisdigital.at\/sv\/grace-glass-vorkuehler-amsterdam-series-pickle-gruen-188-mm\/","title":{"rendered":"GRACE GLASS Vork\u00fchler Amsterdam Series &#8216;Granada&#8217; gr\u00fcn | 18,8>18,8mm"},"content":{"rendered":"<h2>Grace Glass Vork\u00fchler 18,8 mm<\/h2>\n<p>Dieses herausragende St\u00fcck von Grace Glass k\u00fchlt deinen s\u00fc\u00dflichen Qualm mit einem Trommelpercolator. Der Percolator und die Griffe am Bongkopf sind in gr\u00fcn akzentuiert was dem Vork\u00fchler den letzten Feinschliff verleiht. Auf der Vorderseite befindet sich das Grace Glass Logo, au\u00dferdem ist der Vork\u00fchler mit einem 45\u00b0 18,8 mm Schliff ausger\u00fcstet.<\/p>\n<h3>\u00dcber Grace Glass:<\/h3>\n<p>Unter dem Namen Grace Glass versteht man ausgefallene Bongdesigns kombiniert mit hochwertiger Verarbeitung. Durch diese Kombination hat sich diese 2010 gegr\u00fcndete niederl\u00e4ndische Marke, innerhalb k\u00fcrzester Zeit, einen Platz bei den ganz Gro\u00dfen der Industrie gesichert. Markenzeichen sind die perfekt gesetzten farbigen Akzente und gut verbauten Percolatoren. Die Marke bietet beides, sowohl individuelle Designs f\u00fcrs Auge als auch hervorragende Rauchleistung f\u00fcr den Benutzer. Neben Bongs findest du auch Chillums und Bongk\u00f6pfe von Grace Glass um deine Bong stylisch zu perfektionieren.<\/p>\n","protected":false},"excerpt":{"rendered":"<p>Grace Glass Vork\u00fchler 18,8 mm Dieses herausragende St\u00fcck von Grace Glass k\u00fchlt deinen s\u00fc\u00dflichen Qualm mit einem Trommelpercolator. Der Percolator<\/p>\n","protected":false},"featured_media":25417,"comment_status":"open","ping_status":"open","template":"","meta":{"_acf_changed":false},"product_cat":[2591,2459,2566,2613,2463,2582,2460],"product_tag":[],"acf":[],"_links":{"self":[{"href":"https:\/\/donaulife-new.ogrisdigital.at\/sv\/wp-json\/wp\/v2\/product\/51828"}],"collection":[{"href":"https:\/\/donaulife-new.ogrisdigital.at\/sv\/wp-json\/wp\/v2\/product"}],"about":[{"href":"https:\/\/donaulife-new.ogrisdigital.at\/sv\/wp-json\/wp\/v2\/types\/product"}],"replies":[{"embeddable":true,"href":"https:\/\/donaulife-new.ogrisdigital.at\/sv\/wp-json\/wp\/v2\/comments?post=51828"}],"wp:featuredmedia":[{"embeddable":true,"href":"https:\/\/donaulife-new.ogrisdigital.at\/sv\/wp-json\/wp\/v2\/media\/25417"}],"wp:attachment":[{"href":"https:\/\/donaulife-new.ogrisdigital.at\/sv\/wp-json\/wp\/v2\/media?parent=51828"}],"wp:term":[{"taxonomy":"product_cat","embeddable":true,"href":"https:\/\/donaulife-new.ogrisdigital.at\/sv\/wp-json\/wp\/v2\/product_cat?post=51828"},{"taxonomy":"product_tag","embeddable":true,"href":"https:\/\/donaulife-new.ogrisdigital.at\/sv\/wp-json\/wp\/v2\/product_tag?post=51828"}],"curies":[{"name":"wp","href":"https:\/\/api.w.org\/{rel}","templated":true}]}}