{"id":51764,"date":"2020-03-16T12:51:43","date_gmt":"2020-03-16T12:51:43","guid":{"rendered":"https:\/\/donaulife-new.ogrisdigital.at\/produkt\/elements-ultra-thin-rice-paper-king-size-slim-33-blatt\/"},"modified":"2024-07-01T00:37:40","modified_gmt":"2024-07-01T00:37:40","slug":"elements-ultra-thin-rice-paper-king-size-slim-33-blatt","status":"publish","type":"product","link":"https:\/\/donaulife-new.ogrisdigital.at\/sv\/elements-ultra-thin-rice-paper-king-size-slim-33-blatt\/","title":{"rendered":"ELEMENTS KSS &#8216;Ultra thin rice&#8217; Papers | 32 Blatt"},"content":{"rendered":"<h2>Elements Kingsize slim Papers<\/h2>\n<div><\/div>\n<div>Elements Rolling Papers sind im Einklang mit der Natur entstanden. Die originalen Elements bestehen aus Reis Papier und brennen fast vollst\u00e4ndig ohne R\u00fcckst\u00e4nde auf.<\/div>\n<div>\n<p>&nbsp;<\/p>\n<\/div>\n<div class=\"std\">[row ][col span=&#8221;1\/4&#8243; ]<br \/>\n<img decoding=\"async\" class=\"alignnone size-full wp-image-20681\" style=\"color: #333333; font-size: 14.4px;\" src=\"https:\/\/www.donaulife.com\/wp-content\/uploads\/2020\/03\/icon_home_col1.png\" alt=\"\" width=\"185\" height=\"130\" \/>Elements Rolling Papers werden aus nat\u00fcrlichen Materialien hergestellt. Sie brennen fast ohne Asche, mit Ausnahme des nat\u00fcrlichen Zuckers, der sich bei der Verbrennung in Karamell verwandelt. Das Ergebnis? Das beste roll Papier, das der Mensch je gesehen hat.[\/col]<br \/>\n[col span=&#8221;1\/4&#8243; ]<br \/>\n<img decoding=\"async\" class=\"alignnone size-full wp-image-20683\" style=\"font-size: 14.4px;\" src=\"https:\/\/www.donaulife.com\/wp-content\/uploads\/2020\/03\/icon_home_col3.png\" alt=\"\" width=\"185\" height=\"130\" \/>Elements Rolling Papers beinhalten auch das Element Wind. Die Produktion f\u00fcr diese sch\u00f6nen Papiere findet in einer kleinen Region Spaniens namens Alcoy statt, in den Bergen n\u00f6rdlich von Alicante, Spanien. Alcoy ist bekannt als die Geburtsst\u00e4tte der Rolling Papers (ca. um 1700).[\/col]<br \/>\n[col span=&#8221;1\/4&#8243; ]<br \/>\n<img decoding=\"async\" class=\"alignnone size-full wp-image-20682\" src=\"https:\/\/www.donaulife.com\/wp-content\/uploads\/2020\/03\/icon_home_col2.png\" alt=\"\" width=\"185\" height=\"130\" \/>Jedes Blatt ist mit dem firmeneigenen, kreuz und quer verlaufenden Wasserzeichen bedruckt. Dieses Wasserzeichen erm\u00f6glicht ein glattes und gleichm\u00e4\u00dfiges Abbrennen. H\u00e4lst du ein Blatt Elements Rolling Papers ans Licht wirst du sehen wie das sch\u00f6ne Wasserzeichen in jedes Blatt gepresst wird.[\/col]<br \/>\n[col span=&#8221;1\/4&#8243; ]<br \/>\n<img loading=\"lazy\" decoding=\"async\" class=\"alignnone size-full wp-image-20684\" src=\"https:\/\/www.donaulife.com\/wp-content\/uploads\/2020\/03\/icon_home_col4.png\" alt=\"\" width=\"185\" height=\"130\" \/>Elements Rolling Papers sind f\u00fcr das Feuer konzipiert, und leider verbrennen sie fast perfekt mit keiner Asche. Die Papers sind so konzipiert, dass sie unglaublich sauber brennen und den Geschmack deines Rauchs nicht ver\u00e4ndern.[\/col][\/row]<\/div>\n","protected":false},"excerpt":{"rendered":"<p>Elements Kingsize slim Papers Elements Rolling Papers sind im Einklang mit der Natur entstanden. Die originalen Elements bestehen aus Reis<\/p>\n","protected":false},"featured_media":25160,"comment_status":"open","ping_status":"open","template":"","meta":{"_acf_changed":false},"product_cat":[3145,2451,2453,2452],"product_tag":[3144],"acf":[],"_links":{"self":[{"href":"https:\/\/donaulife-new.ogrisdigital.at\/sv\/wp-json\/wp\/v2\/product\/51764"}],"collection":[{"href":"https:\/\/donaulife-new.ogrisdigital.at\/sv\/wp-json\/wp\/v2\/product"}],"about":[{"href":"https:\/\/donaulife-new.ogrisdigital.at\/sv\/wp-json\/wp\/v2\/types\/product"}],"replies":[{"embeddable":true,"href":"https:\/\/donaulife-new.ogrisdigital.at\/sv\/wp-json\/wp\/v2\/comments?post=51764"}],"wp:featuredmedia":[{"embeddable":true,"href":"https:\/\/donaulife-new.ogrisdigital.at\/sv\/wp-json\/wp\/v2\/media\/25160"}],"wp:attachment":[{"href":"https:\/\/donaulife-new.ogrisdigital.at\/sv\/wp-json\/wp\/v2\/media?parent=51764"}],"wp:term":[{"taxonomy":"product_cat","embeddable":true,"href":"https:\/\/donaulife-new.ogrisdigital.at\/sv\/wp-json\/wp\/v2\/product_cat?post=51764"},{"taxonomy":"product_tag","embeddable":true,"href":"https:\/\/donaulife-new.ogrisdigital.at\/sv\/wp-json\/wp\/v2\/product_tag?post=51764"}],"curies":[{"name":"wp","href":"https:\/\/api.w.org\/{rel}","templated":true}]}}