{"id":51739,"date":"2020-02-16T18:00:49","date_gmt":"2020-02-16T18:00:49","guid":{"rendered":"https:\/\/donaulife-new.ogrisdigital.at\/produkt\/hstlbox-home-box\/"},"modified":"2024-07-01T00:37:18","modified_gmt":"2024-07-01T00:37:18","slug":"hstlbox-home-box","status":"publish","type":"product","link":"https:\/\/donaulife-new.ogrisdigital.at\/sv\/hstlbox-home-box\/","title":{"rendered":"HSTLBOX Monaco &#8216;Home Box&#8217;"},"content":{"rendered":"<p><strong>HSTLBOX Home<\/strong><\/p>\n<p>&#8220;Eleganz hei\u00dft nicht aufzufallen, sondern im Ged\u00e4chtnis zu bleiben&#8221;<br \/>\nGiorgio Armani<\/p>\n<p>Die meisten Zubeh\u00f6r Sets f\u00fcr Raucher sind \u00fcberladen mit Klischees und falschen Stereotypen. Oft entsprechen diese Designs nicht deinen Vorstellungen von sch\u00f6nen Dingen. Sie m\u00f6chten, dass dein Raucher Ritual etwas Besonderes ist. Deswegen entwickeln sie edle, hochwertige und praktische Sets. Eben Zubeh\u00f6r f\u00fcr den modernen Raucher mit Stil!<\/p>\n<p>Die HSTLBOX Home besteht aus:<\/p>\n<p><strong>Herb Grinder<\/strong> 4-teilig mit abgerundeten Ecken im Pollenfach<br \/>\nDrei Aufbewahrungsdosen aus schwarzem UV Glas<br \/>\nUnauff\u00e4llige, edle Aufbewahrungsbox f\u00fcr Dosen und Grinder<br \/>\nHerb Grinder<\/p>\n<p>Der Grinder ist gefertigt aus stabilen Aluminium. So kann beim Grinden kein Abrieb entstehen und es gelangen keine Lackteile in deine Zigarette. Das Pollenfach hat abgerundete Ecken. Damit wird das Pollensammeln zum Kinderspiel!<\/p>\n<p><strong>Aufbewahrungsdosen<\/strong><\/p>\n<p>Licht und Sauerstoff sind die gr\u00f6\u00dften Feinde von Kr\u00e4utern, Tees und Tabak. Deswegen enth\u00e4lt die Box drei Vorratsdosen aus UV-Glas. Jede Dose hat ein farbiges Label, damit du wei\u00dft was in den Dosen ist. Die Tabakdosen sind luftdicht. Das hat mehrere Vorteile:<\/p>\n<p>Wirkung von Heilkr\u00e4utern bleibt erhalten!<br \/>\nKeine Ger\u00fcche gelangen nach au\u00dfen!<br \/>\nGeschmack der Kr\u00e4uter bleibt erhalten!<br \/>\nTabak trocknet nicht aus!<br \/>\nDie Box ist ein eleganter Showroom f\u00fcr deine Kr\u00e4uter. Ein echter Hingucker wenn du sie deinen G\u00e4sten pr\u00e4sentierst! Wenn du die Box gerade nicht brauchst steht sie absolut unauff\u00e4llig im Regal!<\/p>\n<p>Sicher dir jetzt deine Box und <strong>genie\u00dfe mit Stil!<\/strong><\/p>\n<p>Zubeh\u00f6r Set bestehend aus:<\/p>\n<p>\u2022 Grinder vierteilig, \u00d8 66mm (ohne Logo)<br \/>\n\u2022 drei luftdichte Aufbewahrungsdosen<br \/>\n\u2022 hochwertige St\u00fclpschachtel mit EVA Inlay<br \/>\nund dezentem UV-Logo<\/p>\n<p>Elegante Box f\u00fcr anspruchsvolle Raucher.<br \/>\nGrinder aus eloxiertem Aluminium f\u00fcr abriebfreies Mahlen. Abgerundete Ecken im Pollenfach f\u00fcr einfaches Kiefsammeln. Dosen aus<br \/>\nUV-Glas um Inhalt vor Licht zu sch\u00fctzen.<\/p>\n<h3>\u00dcber HSTLBOX<\/h3>\n<p>HSTLBOX hat es sich zur Aufgabe gemacht die hochwertigste Roll Zubeh\u00f6r Brand zu kreieren. Mit der Serie Monaco wird dies auch geliefert. Von der feinen Metallbox zum mitnehmen bis hin zur high end Aufbewahrung in den eigenen vier W\u00e4nden ist f\u00fcr jeden was dabei.<\/p>\n","protected":false},"excerpt":{"rendered":"<p>HSTLBOX Home &#8220;Eleganz hei\u00dft nicht aufzufallen, sondern im Ged\u00e4chtnis zu bleiben&#8221; Giorgio Armani Die meisten Zubeh\u00f6r Sets f\u00fcr Raucher sind<\/p>\n","protected":false},"featured_media":24973,"comment_status":"open","ping_status":"open","template":"","meta":{"_acf_changed":false},"product_cat":[2607,3142,2451],"product_tag":[3141],"acf":[],"_links":{"self":[{"href":"https:\/\/donaulife-new.ogrisdigital.at\/sv\/wp-json\/wp\/v2\/product\/51739"}],"collection":[{"href":"https:\/\/donaulife-new.ogrisdigital.at\/sv\/wp-json\/wp\/v2\/product"}],"about":[{"href":"https:\/\/donaulife-new.ogrisdigital.at\/sv\/wp-json\/wp\/v2\/types\/product"}],"replies":[{"embeddable":true,"href":"https:\/\/donaulife-new.ogrisdigital.at\/sv\/wp-json\/wp\/v2\/comments?post=51739"}],"wp:featuredmedia":[{"embeddable":true,"href":"https:\/\/donaulife-new.ogrisdigital.at\/sv\/wp-json\/wp\/v2\/media\/24973"}],"wp:attachment":[{"href":"https:\/\/donaulife-new.ogrisdigital.at\/sv\/wp-json\/wp\/v2\/media?parent=51739"}],"wp:term":[{"taxonomy":"product_cat","embeddable":true,"href":"https:\/\/donaulife-new.ogrisdigital.at\/sv\/wp-json\/wp\/v2\/product_cat?post=51739"},{"taxonomy":"product_tag","embeddable":true,"href":"https:\/\/donaulife-new.ogrisdigital.at\/sv\/wp-json\/wp\/v2\/product_tag?post=51739"}],"curies":[{"name":"wp","href":"https:\/\/api.w.org\/{rel}","templated":true}]}}