{"id":51619,"date":"2019-12-09T12:16:43","date_gmt":"2019-12-09T12:16:43","guid":{"rendered":"https:\/\/donaulife-new.ogrisdigital.at\/produkt\/stinksack-always-wakenbakin-bag-medium\/"},"modified":"2024-07-01T00:35:42","modified_gmt":"2024-07-01T00:35:42","slug":"stinksack-always-wakenbakin-bag-medium","status":"publish","type":"product","link":"https:\/\/donaulife-new.ogrisdigital.at\/sv\/stinksack-always-wakenbakin-bag-medium\/","title":{"rendered":"STINKSACK Always Wake&#8217;n&#8217;Bakin&#8217; Bag | Medium"},"content":{"rendered":"<div>Der Stinksack Bag l\u00e4sst sich besonders unauff\u00e4llig in dein Gep\u00e4ck integrieren. Der Klickverschluss ist extra am oberen Ende angebracht und du bist immer bereit f\u00fcr Wake n Bake. Das Bag misst 19.15 x 17.7 cm und kann bis zu 28 Gramm Pflanzenmaterial beherbergen.<\/div>\n<div class=\"std\">\n<div class=\"std\"><\/div>\n<\/div>\n","protected":false},"excerpt":{"rendered":"<p>Der Stinksack Bag l\u00e4sst sich besonders unauff\u00e4llig in dein Gep\u00e4ck integrieren. Der Klickverschluss ist extra am oberen Ende angebracht und<\/p>\n","protected":false},"featured_media":24191,"comment_status":"open","ping_status":"closed","template":"","meta":{"_acf_changed":false},"product_cat":[2607,2982,2451],"product_tag":[],"acf":[],"_links":{"self":[{"href":"https:\/\/donaulife-new.ogrisdigital.at\/sv\/wp-json\/wp\/v2\/product\/51619"}],"collection":[{"href":"https:\/\/donaulife-new.ogrisdigital.at\/sv\/wp-json\/wp\/v2\/product"}],"about":[{"href":"https:\/\/donaulife-new.ogrisdigital.at\/sv\/wp-json\/wp\/v2\/types\/product"}],"replies":[{"embeddable":true,"href":"https:\/\/donaulife-new.ogrisdigital.at\/sv\/wp-json\/wp\/v2\/comments?post=51619"}],"wp:featuredmedia":[{"embeddable":true,"href":"https:\/\/donaulife-new.ogrisdigital.at\/sv\/wp-json\/wp\/v2\/media\/24191"}],"wp:attachment":[{"href":"https:\/\/donaulife-new.ogrisdigital.at\/sv\/wp-json\/wp\/v2\/media?parent=51619"}],"wp:term":[{"taxonomy":"product_cat","embeddable":true,"href":"https:\/\/donaulife-new.ogrisdigital.at\/sv\/wp-json\/wp\/v2\/product_cat?post=51619"},{"taxonomy":"product_tag","embeddable":true,"href":"https:\/\/donaulife-new.ogrisdigital.at\/sv\/wp-json\/wp\/v2\/product_tag?post=51619"}],"curies":[{"name":"wp","href":"https:\/\/api.w.org\/{rel}","templated":true}]}}