{"id":51568,"date":"2019-11-26T19:13:06","date_gmt":"2019-11-26T19:13:06","guid":{"rendered":"https:\/\/donaulife-new.ogrisdigital.at\/produkt\/paradise-bongs-modulare-zylinderbong-bernstein-40-cm\/"},"modified":"2024-07-01T00:35:03","modified_gmt":"2024-07-01T00:35:03","slug":"paradise-bongs-modulare-zylinderbong-bernstein-40-cm","status":"publish","type":"product","link":"https:\/\/donaulife-new.ogrisdigital.at\/sv\/paradise-bongs-modulare-zylinderbong-bernstein-40-cm\/","title":{"rendered":"PARADICE &#8216;Top Class&#8217; modulare Glasbong bernstein | 40 cm"},"content":{"rendered":"<h2>Paradice modulare Bong mit 40 cm<\/h2>\n<p><a href=\"https:\/\/www.donaulife.com\/wp-content\/uploads\/2019\/11\/qualitaetssiegel.png\" target=\"_blank\" rel=\"noopener\"><img decoding=\"async\" class=\"aligncenter size-full wp-image-18706\" src=\"https:\/\/www.donaulife.com\/wp-content\/uploads\/2019\/11\/qualitaetssiegel.png\" alt=\"\" width=\"300\" height=\"85\" \/><\/a><\/p>\n<p>Paradice m\u00f6chte das Bong Rauchen revolutionieren, Nachhaltigkeit und Umwelt ist Ihnen sehr wichtig. Oft geht beim reinigen die Bong kaputt. Mit einer Paradice Bong ist das Geschichte. Aufgrund des Modulsystems ist die Reinigung sehr effizient und ganz einfach.<\/p>\n<p>Selbstverst\u00e4ndlich ist Paradice die Gesundheit der Kunden sehr wichtig, zus\u00e4tzlich erlebt man ein<br \/>\nneues Raucherlebnis beginnend mit dem Hut. Der Hut\/Bongkopf hat nicht in der Mitte ein Loch, wie bei jeder anderen Bong, da bei starkem ziehen, \u201eschie\u00dfen\u201c die Asche durch das Chillum in das Wasser gelangt und somit schneller schmutzig wird.<\/p>\n<p>Der Hut hat auf der Seite drei Griffpunkte, somit kann man sich nicht die Finger verbrennen, wenn man mehrere Hutis in kurzer Zeit raucht, bzw. mehrere Personen von einer Bong rauchen.<br \/>\nBei einer Paradice Bong ist das Loch vom Hut versetzt, somit sammelt sich die Asche im Kopf an und die Bong wird nicht so schnell schmutzig. Sollte jemandem der Hut nicht gefallen, kann ganz einfach aufgrund des 14,5er Schliffs jeder andere verwendet werden.<\/p>\n<p>Eine weitere Revolution ist die Filterkammer bei der Paradice Bong. Bei herk\u00f6mmlichen Bongs ist das Wasser im Body, beim Kickloch angesammelt. Das Wasser hinterl\u00e4sst nach h\u00e4ufigem Gebrauch den bekannten Schmutzring und sieht bei einer Glasbong nicht sch\u00f6n aus.<br \/>\nBei einer Paradice Bong ist das Wasser in der Filterkammer, ein eigenes Modul mit 4 Austrittsl\u00f6chern und separat vom Body.<br \/>\nWill man das Wasser wechseln, kann man ganz einfach die Filterkammer rausnehmen, Wasser ausleeren und neues rein. Ganz einfach in wenigen Sekunden.<br \/>\nEin weiterer Vorteil ist, da das Wasser in der Filterkammer ist und nicht im Body, stinkt die Bong nicht und verteilt den Geruch auch nicht in den eigenen vier W\u00e4nden.<\/p>\n<p>Zum Thema Gesundheit gibt es entscheidende Vorteile beim Rauchen:<br \/>\nDie Asche sammelt sich im Kopf\/Hut, der Rauch gelangt in die Filterkammer und abschlie\u00dfend in den Body, wo das Mundst\u00fcck ist. Einige ziehen so lange an der Bong, sodass man den unangenehmen Geschmack von Asche mitraucht.<br \/>\nDie Paradice Bong hat ein Schutzsystem (Filterkammer) und verhindert, dass die letzte Rauchentstehung (der Rauch, der schlecht schmeckt und ungesund ist \u2013 in die Lunge des Kunden gelangt), weil sie in der Filterkammer \u201egefangen bleibt\u201c. Somit ist der Rauch angenehm leicht und besonders interessant f\u00fcr Anf\u00e4nger.<\/p>\n<p>Bong-Profis sch\u00e4tzen und lieben das Konzept von Paradice Bong.<\/p>\n<p>Dies ist ein weiterer Garant f\u00fcr Langlebigkeit.<\/p>\n<p>Jede einzelne Bong wurde in liebevoller Handarbeit gemacht und ist somit einzigartig.<\/p>\n<h3>\u00dcber Paradice Bongs:<\/h3>\n<div class=\"heading heading-with-icon icon-left\">\n<p class=\"content-box-heading fusion-responsive-typography-calculated\" data-fontsize=\"18\" data-lineheight=\"23.04px\"><strong>Vision<\/strong><\/p>\n<\/div>\n<div class=\"fusion-clearfix\"><span style=\"color: #555555; font-size: 14.4px;\">Folge dem Weg zum Paradies \u2013 Einfachste Reinigung, Neues Raucherlebnis, Nachhaltigkeit, die Revolution des Bong rauchen beginnt mit dir!<\/span><\/div>\n<div class=\"content-container\">\n<p>Ver\u00e4ndere die Welt mit uns!<\/p>\n<p><strong>Erlebnis<\/strong><\/p>\n<p>Aufgrund des einzigartigen Modulsystems ist die Anwendung f\u00fcr jeden ein wahres Erlebnis Bist du bereit Geschichte zu schreiben anstatt Geschichten zu lesen?<\/p>\n<p>Dann werde Teil der PARADICE Community und ver\u00e4ndere die Welt des Bong Rauchen mit uns!<\/p>\n<p><strong>Probleml\u00f6sung<\/strong><\/p>\n<p>Wer kennt es nicht? Die Reinigung ist m\u00fchsam, schnell geht sie auch mal beim Reinigen kaputt. Mit deiner PARADICE BONG ist das Geschichte. Bei jeder Paradice Bong erfolgt die Fertigung in liebevoller Handarbeit. Jedes einzelne St\u00fcck ist somit einzigartig. Die Verwendung von Borosilikat-Laborglas, garantieren enorme Robustheit und Langlebigkeit.<\/p>\n<p>Erlebe die Zukunft des Bong Rauchen schon heute!<\/p>\n<p><strong>Genuss<\/strong><\/p>\n<p>Die Art und Weise wie der Rauch entfaltet und gefiltert wird, ist ein wahrer Genuss.<\/p>\n<p>Follow the way to PARADICE!<\/p>\n<ul>\n<li>Einfachste Reinigung<\/li>\n<li>Neues Erlebnis zu Rauchen<\/li>\n<li>Nachhaltigkeit<\/li>\n<li>Die einzigartige Bong f\u00fcr besondere Momente!<\/li>\n<\/ul>\n<\/div>\n","protected":false},"excerpt":{"rendered":"<p>Paradice modulare Bong mit 40 cm Paradice m\u00f6chte das Bong Rauchen revolutionieren, Nachhaltigkeit und Umwelt ist Ihnen sehr wichtig. Oft<\/p>\n","protected":false},"featured_media":23399,"comment_status":"open","ping_status":"open","template":"","meta":{"_acf_changed":false},"product_cat":[2514,2459,2513,2515,2577,2506,2463,3070,2817],"product_tag":[3071],"acf":[],"_links":{"self":[{"href":"https:\/\/donaulife-new.ogrisdigital.at\/sv\/wp-json\/wp\/v2\/product\/51568"}],"collection":[{"href":"https:\/\/donaulife-new.ogrisdigital.at\/sv\/wp-json\/wp\/v2\/product"}],"about":[{"href":"https:\/\/donaulife-new.ogrisdigital.at\/sv\/wp-json\/wp\/v2\/types\/product"}],"replies":[{"embeddable":true,"href":"https:\/\/donaulife-new.ogrisdigital.at\/sv\/wp-json\/wp\/v2\/comments?post=51568"}],"wp:featuredmedia":[{"embeddable":true,"href":"https:\/\/donaulife-new.ogrisdigital.at\/sv\/wp-json\/wp\/v2\/media\/23399"}],"wp:attachment":[{"href":"https:\/\/donaulife-new.ogrisdigital.at\/sv\/wp-json\/wp\/v2\/media?parent=51568"}],"wp:term":[{"taxonomy":"product_cat","embeddable":true,"href":"https:\/\/donaulife-new.ogrisdigital.at\/sv\/wp-json\/wp\/v2\/product_cat?post=51568"},{"taxonomy":"product_tag","embeddable":true,"href":"https:\/\/donaulife-new.ogrisdigital.at\/sv\/wp-json\/wp\/v2\/product_tag?post=51568"}],"curies":[{"name":"wp","href":"https:\/\/api.w.org\/{rel}","templated":true}]}}