{"id":51557,"date":"2019-11-18T13:20:54","date_gmt":"2019-11-18T13:20:54","guid":{"rendered":"https:\/\/donaulife-new.ogrisdigital.at\/produkt\/purize-papers-king-size-slim\/"},"modified":"2024-07-01T00:34:52","modified_gmt":"2024-07-01T00:34:52","slug":"purize-papers-king-size-slim","status":"publish","type":"product","link":"https:\/\/donaulife-new.ogrisdigital.at\/sv\/purize-papers-king-size-slim\/","title":{"rendered":"PURIZE &#8216;classic&#8217; KSS Papers | 32 Blatt"},"content":{"rendered":"<h2>PURIZE\u00ae King Size Slim Longpaper<\/h2>\n<p>32 Bl\u00e4ttchen \u2013 unbleached mit nat\u00fcrlicher Gummierung.<\/p>\n<p>Gleichm\u00e4\u00dfige und langsame, sowie fast r\u00fcckstandsfreie Verbrennung.<\/p>\n<h3>\u00dcber Purize:<\/h3>\n<p>PURIZE\u00ae Filters verfolgt die Vision, genussorientierten Rauchern \u2013 mit Hilfe eines PURIZE\u00ae Aktivkohlefilters \u2013 ein deutlich schadstoffreduziertes &amp; angenehmeres Raucherlebnis aufzuzeigen.<\/p>\n","protected":false},"excerpt":{"rendered":"<p>PURIZE\u00ae King Size Slim Longpaper 32 Bl\u00e4ttchen \u2013 unbleached mit nat\u00fcrlicher Gummierung. Gleichm\u00e4\u00dfige und langsame, sowie fast r\u00fcckstandsfreie Verbrennung. \u00dcber<\/p>\n","protected":false},"featured_media":23333,"comment_status":"open","ping_status":"open","template":"","meta":{"_acf_changed":false},"product_cat":[2489,2451,2453,2452,2861,2492],"product_tag":[],"acf":[],"_links":{"self":[{"href":"https:\/\/donaulife-new.ogrisdigital.at\/sv\/wp-json\/wp\/v2\/product\/51557"}],"collection":[{"href":"https:\/\/donaulife-new.ogrisdigital.at\/sv\/wp-json\/wp\/v2\/product"}],"about":[{"href":"https:\/\/donaulife-new.ogrisdigital.at\/sv\/wp-json\/wp\/v2\/types\/product"}],"replies":[{"embeddable":true,"href":"https:\/\/donaulife-new.ogrisdigital.at\/sv\/wp-json\/wp\/v2\/comments?post=51557"}],"wp:featuredmedia":[{"embeddable":true,"href":"https:\/\/donaulife-new.ogrisdigital.at\/sv\/wp-json\/wp\/v2\/media\/23333"}],"wp:attachment":[{"href":"https:\/\/donaulife-new.ogrisdigital.at\/sv\/wp-json\/wp\/v2\/media?parent=51557"}],"wp:term":[{"taxonomy":"product_cat","embeddable":true,"href":"https:\/\/donaulife-new.ogrisdigital.at\/sv\/wp-json\/wp\/v2\/product_cat?post=51557"},{"taxonomy":"product_tag","embeddable":true,"href":"https:\/\/donaulife-new.ogrisdigital.at\/sv\/wp-json\/wp\/v2\/product_tag?post=51557"}],"curies":[{"name":"wp","href":"https:\/\/api.w.org\/{rel}","templated":true}]}}