{"id":51545,"date":"2019-11-12T10:13:28","date_gmt":"2019-11-12T10:13:28","guid":{"rendered":"https:\/\/donaulife-new.ogrisdigital.at\/produkt\/dipse-digitalwaage-tp-500\/"},"modified":"2025-01-15T07:13:31","modified_gmt":"2025-01-15T07:13:31","slug":"dipse-digitalwaage-tp-500","status":"publish","type":"product","link":"https:\/\/donaulife-new.ogrisdigital.at\/sv\/dipse-digitalwaage-tp-500\/","title":{"rendered":"DIPSE Digitalwaage &#8216;TP-500&#8217;"},"content":{"rendered":"<h3>TP-Serie &#8211; Pr\u00e4zise und kompakte Tischwaage<\/h3>\n<p>Die digitalen Tischwaagen der DIPSE TP-Serie sind der Klassiker im Sortiment. Die H\u00f6chstlast<br \/>\nbetr\u00e4gt 500g und die Teilung 0.01g. Die gro\u00dfe Wiegefl\u00e4che<br \/>\n(100 x 95mm) bietet Ihnen viele Einsatzm\u00f6glichkeiten.<br \/>\nDie TP-Serie wird mit 2 Schutzdeckeln geliefert, so ist die Waage auch bei einem Transport optimal<br \/>\ngesichert. Ein Schutzdeckel h\u00e4lt Sch\u00e4den von der Wiegefl\u00e4che fern und der zweite Deckel sch\u00fctzt<br \/>\nDisplay und Wiegefl\u00e4che. Beide Deckel sind auch als Wiegeschalen nutzbar.<\/p>\n<p>&nbsp;<\/p>\n<p><img decoding=\"async\" src=\"https:\/\/www.digitalwaagen.de\/img\/cms\/Bilder_Produktseite\/vergleich_org_joshs_tp-500_feinwaage_testsieger.png\" alt=\"DIPSE TP-500. Testsieger im vergleich.org Feinwaagen Test 2016.\" \/><\/p>\n<p>&nbsp;<\/p>\n<p>Weitere Eigenschaften der TP-Serie Tischwaage:<\/p>\n<ul>\n<li>W\u00e4geeinheiten: g (Gramm), oz (Unze), ct (Karat), gn (Grain)<\/li>\n<li>Funktionen: Tare und digitale Autokalibrierung<\/li>\n<li>Automatische Abschaltung nach 60 Sekunden<\/li>\n<li>LCD Anzeige mit blauer LED Hintergrundbeleuchtung<\/li>\n<li>2 Jahre deutsche Gew\u00e4hrleistung<\/li>\n<\/ul>\n","protected":false},"excerpt":{"rendered":"<p>TP-Serie &#8211; Pr\u00e4zise und kompakte Tischwaage Die digitalen Tischwaagen der DIPSE TP-Serie sind der Klassiker im Sortiment. Die H\u00f6chstlast betr\u00e4gt<\/p>\n","protected":false},"featured_media":23221,"comment_status":"open","ping_status":"open","template":"","meta":{"_acf_changed":false},"product_cat":[2767,2451],"product_tag":[],"acf":[],"_links":{"self":[{"href":"https:\/\/donaulife-new.ogrisdigital.at\/sv\/wp-json\/wp\/v2\/product\/51545"}],"collection":[{"href":"https:\/\/donaulife-new.ogrisdigital.at\/sv\/wp-json\/wp\/v2\/product"}],"about":[{"href":"https:\/\/donaulife-new.ogrisdigital.at\/sv\/wp-json\/wp\/v2\/types\/product"}],"replies":[{"embeddable":true,"href":"https:\/\/donaulife-new.ogrisdigital.at\/sv\/wp-json\/wp\/v2\/comments?post=51545"}],"wp:featuredmedia":[{"embeddable":true,"href":"https:\/\/donaulife-new.ogrisdigital.at\/sv\/wp-json\/wp\/v2\/media\/23221"}],"wp:attachment":[{"href":"https:\/\/donaulife-new.ogrisdigital.at\/sv\/wp-json\/wp\/v2\/media?parent=51545"}],"wp:term":[{"taxonomy":"product_cat","embeddable":true,"href":"https:\/\/donaulife-new.ogrisdigital.at\/sv\/wp-json\/wp\/v2\/product_cat?post=51545"},{"taxonomy":"product_tag","embeddable":true,"href":"https:\/\/donaulife-new.ogrisdigital.at\/sv\/wp-json\/wp\/v2\/product_tag?post=51545"}],"curies":[{"name":"wp","href":"https:\/\/api.w.org\/{rel}","templated":true}]}}