{"id":51530,"date":"2019-10-29T14:09:05","date_gmt":"2019-10-29T14:09:05","guid":{"rendered":"https:\/\/donaulife-new.ogrisdigital.at\/produkt\/smono-no-3-schwarz\/"},"modified":"2024-07-01T00:34:28","modified_gmt":"2024-07-01T00:34:28","slug":"smono-no-3-schwarz","status":"publish","type":"product","link":"https:\/\/donaulife-new.ogrisdigital.at\/sv\/smono-no-3-schwarz\/","title":{"rendered":"SMONO No. 3 | schwarz"},"content":{"rendered":"<h2 class=\"grid12-12\">Smono 3 Bubble<\/h2>\n<div class=\"grid12-8\">\n<div class=\"details\">\n<div class=\"grid12-4\">Der Smono 3 besitz ein in sich geschlossenes Konvektionsheizsystem. Hierbei wird der erhitzte Dampf durch die Edelstahlkr\u00e4uterkammer geleitet um die gew\u00fcnschten Stoffe schonend aus dem Kraut zu ziehen und weichen Dampf zu produzieren. Mit der enthaltenen Quartz- Glaskammer lassen sich auch \u00d6le und Wachse effizient verdampfen. Sein Geh\u00e4u\u00dfe wurde mit einer angenehm weichen Soft- Touch Oberfl\u00e4che ausgestattet.<\/div>\n<div class=\"grid12-4\">Trotz seiner geringen Gr\u00f6\u00dfe verf\u00fcgt er \u00fcber einige tolle Features.<br \/>\nDas Glasmundst\u00fcck zeigt durch farbige LEDs an, ob der Smono 3 gerade heizt (rot) oder bereits einsatzbereit ist (gr\u00fcn). Auch eine Abschaltautomatik nach 4 Minuten Nichtbenutzung wurde diesem kleinem Powerpaket mitgegeben.<\/div>\n<div class=\"grid12-4\">Der Smono 3 kommt mit nur 3 Bedienungskn\u00f6pfen aus. Einem Ein-\/ und Ausschalter, sowie einer &#8220;-&#8221; und &#8220;+&#8221; &#8211; Taste um die Temperatur auf die gew\u00fcnschte Gradzahl zu bringen. Der Vaporizer ist in unter 2 Stunden per USB &#8211; Kabel vollst\u00e4ndig aufgeladen und besitzt eine stufenlose Temperaturregulierung zwischen 170\u00b0C und 210\u00b0C. Um von Fahrenheit auf Celsius zu wechseln bet\u00e4tigt man einfach den Ein-\/Ausschalter und die &#8220;-&#8220;-Taste gleichzeitig f\u00fcr ca. 3 Sekunden.<\/div>\n<\/div>\n<\/div>\n<div class=\"grid12-4\">\n<h3><strong>Lieferumfang<\/strong><\/h3>\n<ul>\n<li>1x Smono 3 Vaporizer<\/li>\n<li>1x Geschenkbox<\/li>\n<li>1x \u00d6l-\/Wachskammer<\/li>\n<li>1x Reinigungsb\u00fcrste<\/li>\n<li>1x Pinzette<\/li>\n<li>1x F\u00fcllwerkzeug<\/li>\n<li>1x USB Kabel<\/li>\n<li>1x Anleitung in Deutsch und Englisch<\/li>\n<\/ul>\n<\/div>\n<p>&nbsp;<\/p>\n<h3><strong>Highlights<\/strong><\/h3>\n<ul>\n<li class=\"checkmark\">stufenlos Temperatureinstellung: 170\u00b0C-210\u00b0C<\/li>\n<li class=\"checkmark\">F\u00fcr Kr\u00e4uter, \u00d6le und Wachse<\/li>\n<li class=\"checkmark\">Digitales OLED Display<\/li>\n<li class=\"checkmark\">Glasmundst\u00fcck aus Laborglas<\/li>\n<li class=\"checkmark\">regulierbarer Luftstrom<\/li>\n<li class=\"checkmark\">Ma\u00dfe: 50mm x 27,3mm x 81mm<\/li>\n<li class=\"checkmark\">sehr ausf\u00fchrliche deutsche Anleitung<\/li>\n<\/ul>\n","protected":false},"excerpt":{"rendered":"<p>Smono 3 Bubble Der Smono 3 besitz ein in sich geschlossenes Konvektionsheizsystem. Hierbei wird der erhitzte Dampf durch die Edelstahlkr\u00e4uterkammer<\/p>\n","protected":false},"featured_media":23095,"comment_status":"open","ping_status":"closed","template":"","meta":{"_acf_changed":false},"product_cat":[2625,2623],"product_tag":[],"acf":[],"_links":{"self":[{"href":"https:\/\/donaulife-new.ogrisdigital.at\/sv\/wp-json\/wp\/v2\/product\/51530"}],"collection":[{"href":"https:\/\/donaulife-new.ogrisdigital.at\/sv\/wp-json\/wp\/v2\/product"}],"about":[{"href":"https:\/\/donaulife-new.ogrisdigital.at\/sv\/wp-json\/wp\/v2\/types\/product"}],"replies":[{"embeddable":true,"href":"https:\/\/donaulife-new.ogrisdigital.at\/sv\/wp-json\/wp\/v2\/comments?post=51530"}],"wp:featuredmedia":[{"embeddable":true,"href":"https:\/\/donaulife-new.ogrisdigital.at\/sv\/wp-json\/wp\/v2\/media\/23095"}],"wp:attachment":[{"href":"https:\/\/donaulife-new.ogrisdigital.at\/sv\/wp-json\/wp\/v2\/media?parent=51530"}],"wp:term":[{"taxonomy":"product_cat","embeddable":true,"href":"https:\/\/donaulife-new.ogrisdigital.at\/sv\/wp-json\/wp\/v2\/product_cat?post=51530"},{"taxonomy":"product_tag","embeddable":true,"href":"https:\/\/donaulife-new.ogrisdigital.at\/sv\/wp-json\/wp\/v2\/product_tag?post=51530"}],"curies":[{"name":"wp","href":"https:\/\/api.w.org\/{rel}","templated":true}]}}