{"id":51453,"date":"2019-09-03T08:26:59","date_gmt":"2019-09-03T08:26:59","guid":{"rendered":"https:\/\/donaulife-new.ogrisdigital.at\/produkt\/clean-u-spezialunterwaesche-mit-versteck-groesse-s-xl\/"},"modified":"2024-07-01T00:33:32","modified_gmt":"2024-07-01T00:33:32","slug":"clean-u-spezialunterwaesche-mit-versteck-groesse-s-xl","status":"publish","type":"product","link":"https:\/\/donaulife-new.ogrisdigital.at\/sv\/clean-u-spezialunterwaesche-mit-versteck-groesse-s-xl\/","title":{"rendered":"CLEAN U Boxershots mit Geheimfach | Gr\u00f6\u00dfe S-XXL"},"content":{"rendered":"<h2 align=\"left\">Clean U Boxershots mit Versteck<\/h2>\n<p align=\"left\">Boxershort aus 100% Baumwolle, sitzt sehr locker und ist angenehm zu tragen. Der Stoff ist aus sehr hochwertiger, weicher und angenehmer Baumwolle. Wenn du Bequemlichkeit und Tragekomfort sch\u00e4tzt, dann ist dieses Produkt richtig f\u00fcr dich. Au\u00dferdem besitzt die Unterhose zudem ein Geheimversteck und h\u00fctet ALLE Wertsachen an der Stelle, an der dich niemand kontrollieren darf und wird.<\/p>\n<p align=\"left\">Auf Festivals, Reisen und Partys h\u00fctet sie ALLE deine Geheimnisse. Gibt dir ein sicheres Gef\u00fchl, auf das du nie mehr verzichten m\u00f6chtest. \ud83d\ude09<\/p>\n<p align=\"left\"><img fetchpriority=\"high\" decoding=\"async\" class=\"alignnone size-medium wp-image-42598\" src=\"https:\/\/www.donaulife.com\/wp-content\/uploads\/2019\/09\/sum_boxer_1060x596-300x169.jpg\" alt=\"\" width=\"300\" height=\"169\" \/> <img decoding=\"async\" class=\"alignnone wp-image-42599\" src=\"https:\/\/www.donaulife.com\/wp-content\/uploads\/2019\/09\/CleanU-boxershorts-hidden-pocket-how-to-use_1060x596-300x200.jpg\" alt=\"\" width=\"251\" height=\"167\" \/> <img decoding=\"async\" class=\"alignnone wp-image-42600\" src=\"https:\/\/www.donaulife.com\/wp-content\/uploads\/2019\/09\/UOMO-FOL-Boxer_1060x596-300x169.png\" alt=\"\" width=\"304\" height=\"171\" \/><\/p>\n<p><iframe title=\"Mai von Rotzepiml erkl\u00e4rt den Anti-Paranoia-Pack von CleanU\" width=\"500\" height=\"281\" src=\"https:\/\/www.youtube.com\/embed\/lqRs1F_2byU?feature=oembed\" frameborder=\"0\" allow=\"accelerometer; autoplay; clipboard-write; encrypted-media; gyroscope; picture-in-picture; web-share\" referrerpolicy=\"strict-origin-when-cross-origin\" allowfullscreen><\/iframe><\/p>\n<h3 align=\"left\">\u00dcber Clean U:<\/h3>\n<p>Der Erfinder hatte das Ziel, den weltbesten und zuverl\u00e4ssigsten Fake-Penis auf den Markt zu bringen. Als Orientierung diente ihm die Kalaschnikow, die durch ihre hohe Zuverl\u00e4ssigkeit unter widrigsten Bedingungen ber\u00fchmt wurde. Daf\u00fcr gab er sein bestes St\u00fcck als Vorlage, um damit m\u00f6glichst viele Menschen zu begl\u00fccken.<\/p>\n<h3>FAQ:<\/h3>\n<h3>Besteht CleanUrin einen Urin-Verf\u00e4lschungstest?<\/h3>\n<p>Ja, er besteht alle g\u00e4ngigen Verf\u00e4lschungstests!<\/p>\n<h3>Kann man feststellen, dass es synthetischer Urin ist?<\/h3>\n<p>Seit 2008 ist uns noch kein Fall bekannt.<\/p>\n<h3>Kann der Befund das Geschlecht oder eine Schwangerschaft anzeigen?<\/h3>\n<p>Nein, CleanUrin ist vollsynthetisch und kommt aus dem Labor. Unterschiede bei den Geschlechtern bestehen nur in der Pubert\u00e4t oder bei Schwangerschaft. Danach gibt es einen Schnittwert, den Frauen &amp; M\u00e4nner haben k\u00f6nnen.<\/p>\n<h3>Mit welcher Temperatur kommt echter Urin aus dem K\u00f6rper?<\/h3>\n<p>Die Temperatur von echtem Urin liegt beim verlassen des K\u00f6rpers zwischen 33 und 34\u00b0.<\/p>\n<h3>Was bedeutet pH-Wert?<\/h3>\n<p>Der pH-Wert ist ein Ma\u00df f\u00fcr den sauren oder basischen Charakter einer Fl\u00fcssigkeit. Je nach Ern\u00e4hrung \u00e4ndert sich dieser Wert im menschlichen Urin.<\/p>\n<h3>Was ist der Kreatinin-Wert?<\/h3>\n<p>Kreatinin ist ein Stoffwechselprodukt, welches durch den Harn ausgeschieden werden muss. Dieser Wert schwankt durch Faktoren wie Ern\u00e4hrung und Nierenleistung.<\/p>\n<h3>Wie ist die Haltbarkeit und Aufbewahrung, wenn der Beutel angebrochen und bereits erw\u00e4rmt wurde?<\/h3>\n<p>&#8211;\u00a0<strong>Clean Urin (25ml)<\/strong>\u00a0ist originalverschlossen und ungek\u00fchlt mindestens 3 Jahre haltbar. Der Beutel kann problemlos mehrfach erw\u00e4rmt und abgek\u00fchlt werden. Nach dem \u00d6ffnen sollte der Urin z\u00fcgig verwendet werden.<\/p>\n<p>&#8211;\u00a0<strong>Screen Urin (80 ml)<\/strong>\u00a0sollte nach dem \u00d6ffnen mit m\u00f6glichst wenig Luftkontakt im K\u00fchlschrank lagern. Bei Wiederbenutzung: Sichtpr\u00fcfung, wenn der Urin tr\u00fcb ist oder Flocken sichtbar sind, ist er verdorben. Erf\u00fcllt der Screen Urin all diese Kriterien, ist er ohne Bedenken wiederbenutzbar.<\/p>\n<h3>Lassen sich CleanUrin Beutel leicht \u00f6ffnen?<\/h3>\n<p>Ja, sie haben zwei \u00d6ffnungen an den Seiten, die sich auch mit schwitzigen H\u00e4nden leicht \u00f6ffnen lassen.<\/p>\n<h3>Ist CleanUrin und dessen Besitz illegal?<\/h3>\n<p>Nein, das Mitf\u00fchren von CleanUrin ist nicht strafbar.<\/p>\n<h3>Wann Anti-Paranoia-Pack und wann ScreenyWeeny?<\/h3>\n<p>Der Anti-Paranoia-Pack wurde f\u00fcr den t\u00e4glichen mobilen Gebrauch und zur Vorsorge entwickelt. Der ScreenyWeeny ist praktisch zur Nachsorge.<\/p>\n<h3>Warum ist der ScreenyWeeny in der Farbe white\/mulatte dunkler als die normale Hautfarbe?<\/h3>\n<p>Weil Penisse im nicht erigierten Zustand dunkler sind.<\/p>\n<div style=\"position: static !important;\"><\/div>\n","protected":false},"excerpt":{"rendered":"<p>Clean U Boxershots mit Versteck Boxershort aus 100% Baumwolle, sitzt sehr locker und ist angenehm zu tragen. Der Stoff ist<\/p>\n","protected":false},"featured_media":22644,"comment_status":"open","ping_status":"open","template":"","meta":{"_acf_changed":false},"product_cat":[2489,2872,2451],"product_tag":[2873,2874],"acf":[],"_links":{"self":[{"href":"https:\/\/donaulife-new.ogrisdigital.at\/sv\/wp-json\/wp\/v2\/product\/51453"}],"collection":[{"href":"https:\/\/donaulife-new.ogrisdigital.at\/sv\/wp-json\/wp\/v2\/product"}],"about":[{"href":"https:\/\/donaulife-new.ogrisdigital.at\/sv\/wp-json\/wp\/v2\/types\/product"}],"replies":[{"embeddable":true,"href":"https:\/\/donaulife-new.ogrisdigital.at\/sv\/wp-json\/wp\/v2\/comments?post=51453"}],"wp:featuredmedia":[{"embeddable":true,"href":"https:\/\/donaulife-new.ogrisdigital.at\/sv\/wp-json\/wp\/v2\/media\/22644"}],"wp:attachment":[{"href":"https:\/\/donaulife-new.ogrisdigital.at\/sv\/wp-json\/wp\/v2\/media?parent=51453"}],"wp:term":[{"taxonomy":"product_cat","embeddable":true,"href":"https:\/\/donaulife-new.ogrisdigital.at\/sv\/wp-json\/wp\/v2\/product_cat?post=51453"},{"taxonomy":"product_tag","embeddable":true,"href":"https:\/\/donaulife-new.ogrisdigital.at\/sv\/wp-json\/wp\/v2\/product_tag?post=51453"}],"curies":[{"name":"wp","href":"https:\/\/api.w.org\/{rel}","templated":true}]}}