{"id":51307,"date":"2019-02-20T11:11:52","date_gmt":"2019-02-20T11:11:52","guid":{"rendered":"https:\/\/donaulife-new.ogrisdigital.at\/produkt\/blaze-glass-zickzack-bong-gold-honeypot-33-cm\/"},"modified":"2025-01-15T07:14:17","modified_gmt":"2025-01-15T07:14:17","slug":"blaze-glass-zickzack-bong-gold-honeypot-33-cm","status":"publish","type":"product","link":"https:\/\/donaulife-new.ogrisdigital.at\/sv\/blaze-glass-zickzack-bong-gold-honeypot-33-cm\/","title":{"rendered":"BLAZE GLASS Zickzack Bong &#8216;Gold Honeypot&#8217; | 33 cm"},"content":{"rendered":"<div class=\"std\">\n<h2>Blaze Glass Zickzack Bong 33 cm<\/h2>\n<p>Zick-Zack-Bong mal anders: Die Bong von &#8216;BLAZE GLASS&#8217; hat einen auff\u00e4lligen Look und liegt besonders gut in der Hand.<\/p>\n<p>Das Shillumstecksystem der goldig schimmernden und edel mitternachtsblau gef\u00e4rbten Bong aus Borosilikatglas besteht aus einem Adapter mit Diffursorschlitzen und einen Trichterkopf f\u00fcr Kr\u00e4uter. Zum komfortablen Hochziehen des Kopfes f\u00fcr den finalen Kick hat der Kopf einen stabilen Griff und Rollstop.<\/p>\n<\/div>\n<p>Die Bong ist wegen ihrem Design auch sehr gut f\u00fcr 45\u00b0 Vork\u00fchler geeignet.<\/p>\n<div><span style=\"font-size: 20.16px;\">\u00dcber Blaze Glass:<\/span><\/div>\n<div>\n<div>\n<p>Blaze-Glass-Bongs sind aus spannungsfreiem 3.1-Borosilikatglas (vergleichbar mit Duranglas) h\u00f6chster G\u00fcteklasse gefertigt. Mindestens 5 mm Wandst\u00e4rke machen eine Wasserpfeife robust.<br \/>\nWir verwenden extrem passgenaue Normschliffe in 14,5 bzw. 18,8 mm. Je nach Bong-Geometrie kommen normale Schliffe, verst\u00e4rkte Schliffe und bi-stabile Schliffe (doppelte Wand) in unseren Produkten zum Einsatz.<\/p>\n<\/div>\n<\/div>\n","protected":false},"excerpt":{"rendered":"<p>Blaze Glass Zickzack Bong 33 cm Zick-Zack-Bong mal anders: Die Bong von &#8216;BLAZE GLASS&#8217; hat einen auff\u00e4lligen Look und liegt<\/p>\n","protected":false},"featured_media":21450,"comment_status":"open","ping_status":"open","template":"","meta":{"_acf_changed":false},"product_cat":[2514,2545,2459,2566,2523,2515,2506,2463],"product_tag":[2547],"acf":[],"_links":{"self":[{"href":"https:\/\/donaulife-new.ogrisdigital.at\/sv\/wp-json\/wp\/v2\/product\/51307"}],"collection":[{"href":"https:\/\/donaulife-new.ogrisdigital.at\/sv\/wp-json\/wp\/v2\/product"}],"about":[{"href":"https:\/\/donaulife-new.ogrisdigital.at\/sv\/wp-json\/wp\/v2\/types\/product"}],"replies":[{"embeddable":true,"href":"https:\/\/donaulife-new.ogrisdigital.at\/sv\/wp-json\/wp\/v2\/comments?post=51307"}],"wp:featuredmedia":[{"embeddable":true,"href":"https:\/\/donaulife-new.ogrisdigital.at\/sv\/wp-json\/wp\/v2\/media\/21450"}],"wp:attachment":[{"href":"https:\/\/donaulife-new.ogrisdigital.at\/sv\/wp-json\/wp\/v2\/media?parent=51307"}],"wp:term":[{"taxonomy":"product_cat","embeddable":true,"href":"https:\/\/donaulife-new.ogrisdigital.at\/sv\/wp-json\/wp\/v2\/product_cat?post=51307"},{"taxonomy":"product_tag","embeddable":true,"href":"https:\/\/donaulife-new.ogrisdigital.at\/sv\/wp-json\/wp\/v2\/product_tag?post=51307"}],"curies":[{"name":"wp","href":"https:\/\/api.w.org\/{rel}","templated":true}]}}