{"id":51168,"date":"2018-12-07T14:18:55","date_gmt":"2018-12-07T14:18:55","guid":{"rendered":"https:\/\/donaulife-new.ogrisdigital.at\/produkt\/aluminium-grinder-propeller-3-teilig\/"},"modified":"2024-07-01T00:29:52","modified_gmt":"2024-07-01T00:29:52","slug":"aluminium-grinder-propeller-3-teilig","status":"publish","type":"product","link":"https:\/\/donaulife-new.ogrisdigital.at\/sv\/aluminium-grinder-propeller-3-teilig\/","title":{"rendered":"Aluminium Grinder &#8216;Shredder&#8217; 3-teilig | \u00d8 62 mm"},"content":{"rendered":"<h2>Shredder Grinder 3-teilig<\/h2>\n<p>Der 3-teilige Grinder &#8216;Shredder&#8217; aus Aluminium hat perfekt angeordnete und aufeinander abgestimmte Mahlz\u00e4hne, die auch h\u00e4rteres Pflanzenmaterial zuverl\u00e4ssig zershreddern. Das Kunststoff-Pollensieb mit Edelstahlmaschen l\u00e4sst sich bequem und easy herausziehen und wieder hinein setzen. Ein Schaber liegt bei.<\/p>\n<p>Die griffige Kr\u00e4uterm\u00fchle wird durch starke Magneten zusammen gehalten, w\u00e4hrend das Hin- und Herdrehen v\u00f6llig m\u00fchelos von der Hand geht.<\/p>\n","protected":false},"excerpt":{"rendered":"<p>Shredder Grinder 3-teilig Der 3-teilige Grinder &#8216;Shredder&#8217; aus Aluminium hat perfekt angeordnete und aufeinander abgestimmte Mahlz\u00e4hne, die auch h\u00e4rteres Pflanzenmaterial<\/p>\n","protected":false},"featured_media":20356,"comment_status":"open","ping_status":"open","template":"","meta":{"_acf_changed":false},"product_cat":[2619,2482,2480,2451,2483],"product_tag":[],"acf":[],"_links":{"self":[{"href":"https:\/\/donaulife-new.ogrisdigital.at\/sv\/wp-json\/wp\/v2\/product\/51168"}],"collection":[{"href":"https:\/\/donaulife-new.ogrisdigital.at\/sv\/wp-json\/wp\/v2\/product"}],"about":[{"href":"https:\/\/donaulife-new.ogrisdigital.at\/sv\/wp-json\/wp\/v2\/types\/product"}],"replies":[{"embeddable":true,"href":"https:\/\/donaulife-new.ogrisdigital.at\/sv\/wp-json\/wp\/v2\/comments?post=51168"}],"wp:featuredmedia":[{"embeddable":true,"href":"https:\/\/donaulife-new.ogrisdigital.at\/sv\/wp-json\/wp\/v2\/media\/20356"}],"wp:attachment":[{"href":"https:\/\/donaulife-new.ogrisdigital.at\/sv\/wp-json\/wp\/v2\/media?parent=51168"}],"wp:term":[{"taxonomy":"product_cat","embeddable":true,"href":"https:\/\/donaulife-new.ogrisdigital.at\/sv\/wp-json\/wp\/v2\/product_cat?post=51168"},{"taxonomy":"product_tag","embeddable":true,"href":"https:\/\/donaulife-new.ogrisdigital.at\/sv\/wp-json\/wp\/v2\/product_tag?post=51168"}],"curies":[{"name":"wp","href":"https:\/\/api.w.org\/{rel}","templated":true}]}}