{"id":51138,"date":"2018-09-24T14:10:48","date_gmt":"2018-09-24T14:10:48","guid":{"rendered":"https:\/\/donaulife-new.ogrisdigital.at\/produkt\/aluminium-grinder-a-symetric-grau-4-teilig\/"},"modified":"2025-01-15T07:14:38","modified_gmt":"2025-01-15T07:14:38","slug":"aluminium-grinder-a-symetric-grau-4-teilig","status":"publish","type":"product","link":"https:\/\/donaulife-new.ogrisdigital.at\/sv\/aluminium-grinder-a-symetric-grau-4-teilig\/","title":{"rendered":"Aluminium Grinder &#8216;A-Symetric&#8217; grau | 4-teilig"},"content":{"rendered":"<h2>Asymetrischer Grinder aus Aluminium<\/h2>\n<p>Der Aluminium Grinder ist zu seinen Kollegen einfach mal etwas anderes und zeigt sich in einem eigenwilligen asymmetrischen Design. Die Grinder Oberseite ist dadurch gut griffig und er steht Standfest da. Die Z\u00e4hne sind messerscharf geschliffen und malen alles sekundenschnell klein. Durch das Pollensieb hast du auch f\u00fcr sp\u00e4ter noch was.<\/p>\n","protected":false},"excerpt":{"rendered":"<p>Asymetrischer Grinder aus Aluminium Der Aluminium Grinder ist zu seinen Kollegen einfach mal etwas anderes und zeigt sich in einem<\/p>\n","protected":false},"featured_media":19992,"comment_status":"open","ping_status":"open","template":"","meta":{"_acf_changed":false},"product_cat":[2482,2480,2451,2483],"product_tag":[],"acf":[],"_links":{"self":[{"href":"https:\/\/donaulife-new.ogrisdigital.at\/sv\/wp-json\/wp\/v2\/product\/51138"}],"collection":[{"href":"https:\/\/donaulife-new.ogrisdigital.at\/sv\/wp-json\/wp\/v2\/product"}],"about":[{"href":"https:\/\/donaulife-new.ogrisdigital.at\/sv\/wp-json\/wp\/v2\/types\/product"}],"replies":[{"embeddable":true,"href":"https:\/\/donaulife-new.ogrisdigital.at\/sv\/wp-json\/wp\/v2\/comments?post=51138"}],"wp:featuredmedia":[{"embeddable":true,"href":"https:\/\/donaulife-new.ogrisdigital.at\/sv\/wp-json\/wp\/v2\/media\/19992"}],"wp:attachment":[{"href":"https:\/\/donaulife-new.ogrisdigital.at\/sv\/wp-json\/wp\/v2\/media?parent=51138"}],"wp:term":[{"taxonomy":"product_cat","embeddable":true,"href":"https:\/\/donaulife-new.ogrisdigital.at\/sv\/wp-json\/wp\/v2\/product_cat?post=51138"},{"taxonomy":"product_tag","embeddable":true,"href":"https:\/\/donaulife-new.ogrisdigital.at\/sv\/wp-json\/wp\/v2\/product_tag?post=51138"}],"curies":[{"name":"wp","href":"https:\/\/api.w.org\/{rel}","templated":true}]}}