{"id":51026,"date":"2018-06-30T16:33:49","date_gmt":"2018-06-30T16:33:49","guid":{"rendered":"https:\/\/donaulife-new.ogrisdigital.at\/produkt\/harmony-battery-pen-ladegeraet\/"},"modified":"2024-03-08T14:16:42","modified_gmt":"2024-03-08T14:16:42","slug":"harmony-battery-pen-ladegeraet","status":"publish","type":"product","link":"https:\/\/donaulife-new.ogrisdigital.at\/sv\/harmony-battery-pen-ladegeraet\/","title":{"rendered":"Harmony&#8217; Battery Pen + Ladeger\u00e4t"},"content":{"rendered":"<p>Hier gibts den Battery Pen alleine falls ihr Battery oder Ladeger\u00e4t &#8220;verlegt&#8221; habt.<\/p>\n<p>Einfach Cartridge draufschrauben und los gehts mit dem dampfen. Der Akku des Pen h\u00e4lt f\u00fcr bis zu 500 Z\u00fcge durch.<\/p>\n","protected":false},"excerpt":{"rendered":"<p>Hier gibts den Battery Pen alleine falls ihr Battery oder Ladeger\u00e4t &#8220;verlegt&#8221; habt. Einfach Cartridge draufschrauben und los gehts mit<\/p>\n","protected":false},"featured_media":19113,"comment_status":"open","ping_status":"open","template":"","meta":{"_acf_changed":false},"product_cat":[2625,2623],"product_tag":[],"acf":[],"_links":{"self":[{"href":"https:\/\/donaulife-new.ogrisdigital.at\/sv\/wp-json\/wp\/v2\/product\/51026"}],"collection":[{"href":"https:\/\/donaulife-new.ogrisdigital.at\/sv\/wp-json\/wp\/v2\/product"}],"about":[{"href":"https:\/\/donaulife-new.ogrisdigital.at\/sv\/wp-json\/wp\/v2\/types\/product"}],"replies":[{"embeddable":true,"href":"https:\/\/donaulife-new.ogrisdigital.at\/sv\/wp-json\/wp\/v2\/comments?post=51026"}],"wp:featuredmedia":[{"embeddable":true,"href":"https:\/\/donaulife-new.ogrisdigital.at\/sv\/wp-json\/wp\/v2\/media\/19113"}],"wp:attachment":[{"href":"https:\/\/donaulife-new.ogrisdigital.at\/sv\/wp-json\/wp\/v2\/media?parent=51026"}],"wp:term":[{"taxonomy":"product_cat","embeddable":true,"href":"https:\/\/donaulife-new.ogrisdigital.at\/sv\/wp-json\/wp\/v2\/product_cat?post=51026"},{"taxonomy":"product_tag","embeddable":true,"href":"https:\/\/donaulife-new.ogrisdigital.at\/sv\/wp-json\/wp\/v2\/product_tag?post=51026"}],"curies":[{"name":"wp","href":"https:\/\/api.w.org\/{rel}","templated":true}]}}