{"id":50971,"date":"2018-06-15T07:50:19","date_gmt":"2018-06-15T07:50:19","guid":{"rendered":"https:\/\/donaulife-new.ogrisdigital.at\/produkt\/boost-vorkuehler-crystal-clear-klar-188-mm\/"},"modified":"2024-07-01T00:27:38","modified_gmt":"2024-07-01T00:27:38","slug":"boost-vorkuehler-crystal-clear-klar-188-mm","status":"publish","type":"product","link":"https:\/\/donaulife-new.ogrisdigital.at\/sv\/boost-vorkuehler-crystal-clear-klar-188-mm\/","title":{"rendered":"BOOST Vork\u00fchler &#8216;Crystal Clear&#8217; klar | 18,8 mm"},"content":{"rendered":"<h2>Boost Vork\u00fchler mit 18,8 mm Schliff<\/h2>\n<p>Dieser simpel aber effektiv aufgebaute Vork\u00fchler aus dem Hause Boost filtert den gr\u00f6bsten Schmutz aus dem Rauch. Da das Chillum mit integrierten Bongkopf entfernt werden kann ist dieses einfach zu reinigen. Auf der Vorderseite ziert das Boost Logo und in Kombination mit einer Boost Bong vervollst\u00e4ndigt sich der Look dieses sch\u00f6nen St\u00fcck Glaskunstes. Der Schliff betr\u00e4gt auf beiden enden 18NS und ist somit mit dem gr\u00f6\u00dften Teil der verf\u00fcgbaren Bongs kompatibel.<\/p>\n<h3>\u00dcber Boost:<\/h3>\n<p>Die Bongschmiede von Boost zeigt das gute Qualit\u00e4t nicht immer extrem teuer sein muss. Von einfachen geraden Bongs bis hin zu Percolator Bongs und au\u00dfergew\u00f6hlichen Formen bietet Boost f\u00fcr jeden Geschmack die richtige Glasvase. Auch beim Zubeh\u00f6r bietet der Hersteller hochwertige Bong K\u00f6pfe, Vork\u00fchler sowie Diffusor Chillums die mit vielen Modellen kompatibel sind. Wer noch stabilere Glaswaren sucht sollte auf den Zusatz Boost PRO achten. Diese sind dicker und meist mit weiteren Gimmicks wie zum Beispiel einem Eisfach ausgestattet.<\/p>\n","protected":false},"excerpt":{"rendered":"<p>Boost Vork\u00fchler mit 18,8 mm Schliff Dieser simpel aber effektiv aufgebaute Vork\u00fchler aus dem Hause Boost filtert den gr\u00f6bsten Schmutz<\/p>\n","protected":false},"featured_media":18747,"comment_status":"open","ping_status":"open","template":"","meta":{"_acf_changed":false},"product_cat":[2514,2459,2706,2506,2463,2582,2460],"product_tag":[2707],"acf":[],"_links":{"self":[{"href":"https:\/\/donaulife-new.ogrisdigital.at\/sv\/wp-json\/wp\/v2\/product\/50971"}],"collection":[{"href":"https:\/\/donaulife-new.ogrisdigital.at\/sv\/wp-json\/wp\/v2\/product"}],"about":[{"href":"https:\/\/donaulife-new.ogrisdigital.at\/sv\/wp-json\/wp\/v2\/types\/product"}],"replies":[{"embeddable":true,"href":"https:\/\/donaulife-new.ogrisdigital.at\/sv\/wp-json\/wp\/v2\/comments?post=50971"}],"wp:featuredmedia":[{"embeddable":true,"href":"https:\/\/donaulife-new.ogrisdigital.at\/sv\/wp-json\/wp\/v2\/media\/18747"}],"wp:attachment":[{"href":"https:\/\/donaulife-new.ogrisdigital.at\/sv\/wp-json\/wp\/v2\/media?parent=50971"}],"wp:term":[{"taxonomy":"product_cat","embeddable":true,"href":"https:\/\/donaulife-new.ogrisdigital.at\/sv\/wp-json\/wp\/v2\/product_cat?post=50971"},{"taxonomy":"product_tag","embeddable":true,"href":"https:\/\/donaulife-new.ogrisdigital.at\/sv\/wp-json\/wp\/v2\/product_tag?post=50971"}],"curies":[{"name":"wp","href":"https:\/\/api.w.org\/{rel}","templated":true}]}}