{"id":50920,"date":"2018-06-02T23:04:54","date_gmt":"2018-06-02T23:04:54","guid":{"rendered":"https:\/\/donaulife-new.ogrisdigital.at\/produkt\/boost-bong-blue-swirl-5mm-49-cm\/"},"modified":"2024-07-01T00:26:56","modified_gmt":"2024-07-01T00:26:56","slug":"boost-bong-blue-swirl-5mm-49-cm","status":"publish","type":"product","link":"https:\/\/donaulife-new.ogrisdigital.at\/sv\/boost-bong-blue-swirl-5mm-49-cm\/","title":{"rendered":"BOOST Glasbong &#8216;Blue Swirl&#8217; | 49 cm"},"content":{"rendered":"<h2>Boost Glasbong mit 49 cm<\/h2>\n<p>Die Blue Swirl Bong von Boost besticht mit blauen Akzenten und vor allem mit Einfachheit! Stabil ragt die 49cm hohe Boost auf ihrem blauen Fu\u00df und weist neben einen Kick Loch auch Eiszacken auf. Ein wei\u00dfer Boost Schriftzug ist auf dem Hauptrohr sowie dem Chillum zu finden. Das ebenfalls kr\u00e4ftig blaue Glash\u00fctchen besitzt einen 18,8 mm Schliff und kann somit auch mit allen Vork\u00fchlern dieses Schliffs erweitert werden.<\/p>\n<p>Der Rauch wird bei dieser Bong\u00a0durch das Chillum zus\u00e4tzlich verwirbelt unc durch den langen 49 cm langen Hals gek\u00fchlt. Zus\u00e4tzlich kann diese bis obenhin mit Eis gef\u00fcllt werden um die Hits unglaublich k\u00fchl zu halten.<\/p>\n<h3>\u00dcber Boost:<\/h3>\n<p>Die Bongschmiede von Boost zeigt das gute Qualit\u00e4t nicht immer extrem teuer sein muss. Von einfachen geraden Bongs bis hin zu Percolator Bongs und au\u00dfergew\u00f6hlichen Formen bietet Boost f\u00fcr jeden Geschmack die richtige Glasvase. Auch beim Zubeh\u00f6r bietet der Hersteller hochwertige Bong K\u00f6pfe, Vork\u00fchler sowie Diffusor Chillums die mit vielen Modellen kompatibel sind. Wer noch stabilere Glaswaren sucht sollte auf den Zusatz Boost PRO achten. Diese sind dicker und meist mit weiteren Gimmicks wie zum Beispiel einem Eisfach ausgestattet.<\/p>\n","protected":false},"excerpt":{"rendered":"<p>Boost Glasbong mit 49 cm Die Blue Swirl Bong von Boost besticht mit blauen Akzenten und vor allem mit Einfachheit!<\/p>\n","protected":false},"featured_media":18325,"comment_status":"open","ping_status":"open","template":"","meta":{"_acf_changed":false},"product_cat":[2514,2459,2706,2510,2515,2506,2463],"product_tag":[2707],"acf":[],"_links":{"self":[{"href":"https:\/\/donaulife-new.ogrisdigital.at\/sv\/wp-json\/wp\/v2\/product\/50920"}],"collection":[{"href":"https:\/\/donaulife-new.ogrisdigital.at\/sv\/wp-json\/wp\/v2\/product"}],"about":[{"href":"https:\/\/donaulife-new.ogrisdigital.at\/sv\/wp-json\/wp\/v2\/types\/product"}],"replies":[{"embeddable":true,"href":"https:\/\/donaulife-new.ogrisdigital.at\/sv\/wp-json\/wp\/v2\/comments?post=50920"}],"wp:featuredmedia":[{"embeddable":true,"href":"https:\/\/donaulife-new.ogrisdigital.at\/sv\/wp-json\/wp\/v2\/media\/18325"}],"wp:attachment":[{"href":"https:\/\/donaulife-new.ogrisdigital.at\/sv\/wp-json\/wp\/v2\/media?parent=50920"}],"wp:term":[{"taxonomy":"product_cat","embeddable":true,"href":"https:\/\/donaulife-new.ogrisdigital.at\/sv\/wp-json\/wp\/v2\/product_cat?post=50920"},{"taxonomy":"product_tag","embeddable":true,"href":"https:\/\/donaulife-new.ogrisdigital.at\/sv\/wp-json\/wp\/v2\/product_tag?post=50920"}],"curies":[{"name":"wp","href":"https:\/\/api.w.org\/{rel}","templated":true}]}}