{"id":50797,"date":"2018-02-17T15:41:58","date_gmt":"2018-02-17T15:41:58","guid":{"rendered":"https:\/\/donaulife-new.ogrisdigital.at\/produkt\/clipper-bong-feuerzeug-3d-animals\/"},"modified":"2024-07-01T00:25:29","modified_gmt":"2024-07-01T00:25:29","slug":"clipper-bong-feuerzeug-3d-animals","status":"publish","type":"product","link":"https:\/\/donaulife-new.ogrisdigital.at\/sv\/clipper-bong-feuerzeug-3d-animals\/","title":{"rendered":"CLIPPER Bong Feuerzeug &#8216;3D Animals&#8217;"},"content":{"rendered":"<h2>Clipper Bong Feuerzeug 3D Animals<\/h2>\n<p>Hier siehst du ein CLIPPER Feuerzeug, perfekt daf\u00fcr geeignet den Inhalt von Bongk\u00f6pfchen zu entz\u00fcnden, da sich die Flamme verdoppelt wenn es verkehrt gehalten wird. Dies ist die CLIPPER Serie &#8216;3D Animals&#8217;.<\/p>\n<h3>\u00dcber Clipper:<\/h3>\n<p>Clipper ist ein Synonym f\u00fcr Zuverl\u00e4ssigkeit und dieses Modell ist keine Ausnahme! Das erste Clipper-Feuerzeug wurde 1972 hergestellt, und jetzt das weltweite Niveau der Produktion ist rund 450 Millionen Einheiten pro Jahr. Eines der Merkmale in Clipper Feuerzeuge, die es genial macht, ist das abnehmbare Feuerstein-System, das es einfach erm\u00f6glicht selbst Zigaretten zu rollen.<\/p>\n","protected":false},"excerpt":{"rendered":"<p>Clipper Bong Feuerzeug 3D Animals Hier siehst du ein CLIPPER Feuerzeug, perfekt daf\u00fcr geeignet den Inhalt von Bongk\u00f6pfchen zu entz\u00fcnden,<\/p>\n","protected":false},"featured_media":17325,"comment_status":"open","ping_status":"open","template":"","meta":{"_acf_changed":false},"product_cat":[2494,2489,2774,2775,2451],"product_tag":[2776],"acf":[],"_links":{"self":[{"href":"https:\/\/donaulife-new.ogrisdigital.at\/sv\/wp-json\/wp\/v2\/product\/50797"}],"collection":[{"href":"https:\/\/donaulife-new.ogrisdigital.at\/sv\/wp-json\/wp\/v2\/product"}],"about":[{"href":"https:\/\/donaulife-new.ogrisdigital.at\/sv\/wp-json\/wp\/v2\/types\/product"}],"replies":[{"embeddable":true,"href":"https:\/\/donaulife-new.ogrisdigital.at\/sv\/wp-json\/wp\/v2\/comments?post=50797"}],"wp:featuredmedia":[{"embeddable":true,"href":"https:\/\/donaulife-new.ogrisdigital.at\/sv\/wp-json\/wp\/v2\/media\/17325"}],"wp:attachment":[{"href":"https:\/\/donaulife-new.ogrisdigital.at\/sv\/wp-json\/wp\/v2\/media?parent=50797"}],"wp:term":[{"taxonomy":"product_cat","embeddable":true,"href":"https:\/\/donaulife-new.ogrisdigital.at\/sv\/wp-json\/wp\/v2\/product_cat?post=50797"},{"taxonomy":"product_tag","embeddable":true,"href":"https:\/\/donaulife-new.ogrisdigital.at\/sv\/wp-json\/wp\/v2\/product_tag?post=50797"}],"curies":[{"name":"wp","href":"https:\/\/api.w.org\/{rel}","templated":true}]}}