{"id":50782,"date":"2018-02-16T18:59:13","date_gmt":"2018-02-16T18:59:13","guid":{"rendered":"https:\/\/donaulife-new.ogrisdigital.at\/produkt\/blscale-digitalwaage-calculus-taschenrechner\/"},"modified":"2025-01-15T07:15:26","modified_gmt":"2025-01-15T07:15:26","slug":"blscale-digitalwaage-calculus-taschenrechner","status":"publish","type":"product","link":"https:\/\/donaulife-new.ogrisdigital.at\/sv\/blscale-digitalwaage-calculus-taschenrechner\/","title":{"rendered":"BLscale Digitalwaage &#8216;Calculus&#8217; Taschenrechner"},"content":{"rendered":"<p>Nur ein normaler Taschenrechner? Fast richtig geraten, hierbei handelt es sich um eine Waage getarnt als herk\u00f6mmlicher Taschenrechner. Der Taschenrechner ist voll Funktionst\u00fcchtig und kann leicht von der Waage abezogen werden um Die Waage nutzen zu k\u00f6nnen. Der Messbereich betr\u00e4gt 0,01 &#8211; 300g, das Wiegetablett besteht aus Edelstahl und die Waage wird inklusive 2x AAA Batterien geliefert.<\/p>\n<table>\n<tbody>\n<tr class=\"txtattr\">\n<td>\u00a0\u00a0<em>Farbe:<\/em><\/td>\n<td>schwarz<\/td>\n<\/tr>\n<tr class=\"txtattr\">\n<td>\u00a0\u00a0<em>Ma\u00dfe:<\/em><\/td>\n<td>122x68x25mm<\/td>\n<\/tr>\n<tr class=\"txtattr\">\n<td>\u00a0\u00a0<em>Gr\u00f6\u00dfe:<\/em><\/td>\n<td>Plattform 77x64mm<\/td>\n<\/tr>\n<tr class=\"txtattr\">\n<td>\u00a0\u00a0<em>Power:<\/em><\/td>\n<td>2xAAA Batterien (inkl.)<\/td>\n<\/tr>\n<tr class=\"txtattr\">\n<td>\u00a0<em>Sonstiges:<\/em><\/td>\n<td>\u0153berlastungsschutz, Auto Off, Tara\/Cal<\/td>\n<\/tr>\n<tr class=\"txtattr\">\n<td>\u00a0<em>Zubeh\u00f6r:<\/em><\/td>\n<td>Bedienungsanleitung in DE, EN, ES, FR, IT, NL<\/td>\n<\/tr>\n<tr class=\"txtattr\">\n<td>\u00a0\u00a0<em>Garantie:<\/em><\/td>\n<td>3 Jahre Garantie<\/td>\n<\/tr>\n<\/tbody>\n<\/table>\n","protected":false},"excerpt":{"rendered":"<p>Nur ein normaler Taschenrechner? Fast richtig geraten, hierbei handelt es sich um eine Waage getarnt als herk\u00f6mmlicher Taschenrechner. Der Taschenrechner<\/p>\n","protected":false},"featured_media":17233,"comment_status":"open","ping_status":"open","template":"","meta":{"_acf_changed":false},"product_cat":[2767,2451],"product_tag":[2521],"acf":[],"_links":{"self":[{"href":"https:\/\/donaulife-new.ogrisdigital.at\/sv\/wp-json\/wp\/v2\/product\/50782"}],"collection":[{"href":"https:\/\/donaulife-new.ogrisdigital.at\/sv\/wp-json\/wp\/v2\/product"}],"about":[{"href":"https:\/\/donaulife-new.ogrisdigital.at\/sv\/wp-json\/wp\/v2\/types\/product"}],"replies":[{"embeddable":true,"href":"https:\/\/donaulife-new.ogrisdigital.at\/sv\/wp-json\/wp\/v2\/comments?post=50782"}],"wp:featuredmedia":[{"embeddable":true,"href":"https:\/\/donaulife-new.ogrisdigital.at\/sv\/wp-json\/wp\/v2\/media\/17233"}],"wp:attachment":[{"href":"https:\/\/donaulife-new.ogrisdigital.at\/sv\/wp-json\/wp\/v2\/media?parent=50782"}],"wp:term":[{"taxonomy":"product_cat","embeddable":true,"href":"https:\/\/donaulife-new.ogrisdigital.at\/sv\/wp-json\/wp\/v2\/product_cat?post=50782"},{"taxonomy":"product_tag","embeddable":true,"href":"https:\/\/donaulife-new.ogrisdigital.at\/sv\/wp-json\/wp\/v2\/product_tag?post=50782"}],"curies":[{"name":"wp","href":"https:\/\/api.w.org\/{rel}","templated":true}]}}