{"id":50747,"date":"2018-02-11T11:17:01","date_gmt":"2018-02-11T11:17:01","guid":{"rendered":"https:\/\/donaulife-new.ogrisdigital.at\/produkt\/black-leaf-bio-reinigungskonzentrat\/"},"modified":"2025-01-15T07:15:33","modified_gmt":"2025-01-15T07:15:33","slug":"black-leaf-bio-reinigungskonzentrat","status":"publish","type":"product","link":"https:\/\/donaulife-new.ogrisdigital.at\/sv\/black-leaf-bio-reinigungskonzentrat\/","title":{"rendered":"BLACK LEAF Bio Reinigungskonzentrat"},"content":{"rendered":"<h2>Black Leaf Reinigungskonzentrat Biologisch abbaubar<\/h2>\n<p>Das &#8216;Black Leaf&#8217; Bio Reinigungskonzentrat eignet sich perfekt um deine Lieblingsbong, Pfeife oder Bubbler wieder rein zu bekommen. Aus Gr\u00fcnden der Nachhaltigkeit ist dieser vollst\u00e4ndig Biologisch abbaubar und eignet sich ebenfalls f\u00fcr die Reinigung von Shishas. Einfach ein paar Spritzer davon in die Bong dann noch Wasser hinzugeben, die \u00d6ffnungen abdichten und schon kann gesch\u00fcttelt werden.<\/p>\n<h3><span style=\"font-size: 20.16px;\">\u00dcber Black Leaf:<\/span><\/h3>\n<div>\n<p>In Weed We Trust ? Smoking\u00a0<em>Paraphernalia<\/em> seit 1988: Bongs, Pfeifen, Vaporizer, Grinder, Dabbing Zubeh\u00f6r, Paper &amp; Filter, Lifestyle Produkte. Es gibt viele Innovative Produkte der Marke die auch die ein oder andere Weltneuheit erschaffen haben. Im Shop bieten wir von allen Produkten die beste Auswahl.<\/p>\n<\/div>\n","protected":false},"excerpt":{"rendered":"<p>Black Leaf Reinigungskonzentrat Biologisch abbaubar Das &#8216;Black Leaf&#8217; Bio Reinigungskonzentrat eignet sich perfekt um deine Lieblingsbong, Pfeife oder Bubbler wieder<\/p>\n","protected":false},"featured_media":16978,"comment_status":"open","ping_status":"open","template":"","meta":{"_acf_changed":false},"product_cat":[2459,2718,2734,2460],"product_tag":[2521],"acf":[],"_links":{"self":[{"href":"https:\/\/donaulife-new.ogrisdigital.at\/sv\/wp-json\/wp\/v2\/product\/50747"}],"collection":[{"href":"https:\/\/donaulife-new.ogrisdigital.at\/sv\/wp-json\/wp\/v2\/product"}],"about":[{"href":"https:\/\/donaulife-new.ogrisdigital.at\/sv\/wp-json\/wp\/v2\/types\/product"}],"replies":[{"embeddable":true,"href":"https:\/\/donaulife-new.ogrisdigital.at\/sv\/wp-json\/wp\/v2\/comments?post=50747"}],"wp:featuredmedia":[{"embeddable":true,"href":"https:\/\/donaulife-new.ogrisdigital.at\/sv\/wp-json\/wp\/v2\/media\/16978"}],"wp:attachment":[{"href":"https:\/\/donaulife-new.ogrisdigital.at\/sv\/wp-json\/wp\/v2\/media?parent=50747"}],"wp:term":[{"taxonomy":"product_cat","embeddable":true,"href":"https:\/\/donaulife-new.ogrisdigital.at\/sv\/wp-json\/wp\/v2\/product_cat?post=50747"},{"taxonomy":"product_tag","embeddable":true,"href":"https:\/\/donaulife-new.ogrisdigital.at\/sv\/wp-json\/wp\/v2\/product_tag?post=50747"}],"curies":[{"name":"wp","href":"https:\/\/api.w.org\/{rel}","templated":true}]}}