{"id":50746,"date":"2018-02-11T11:12:00","date_gmt":"2018-02-11T11:12:00","guid":{"rendered":"https:\/\/donaulife-new.ogrisdigital.at\/produkt\/black-leaf-glas-tips-3er-set-7-mm\/"},"modified":"2025-01-15T07:15:34","modified_gmt":"2025-01-15T07:15:34","slug":"black-leaf-glas-tips-3er-set-7-mm","status":"publish","type":"product","link":"https:\/\/donaulife-new.ogrisdigital.at\/sv\/black-leaf-glas-tips-3er-set-7-mm\/","title":{"rendered":"BLACK LEAF Glas Tips 3er Set 7mm"},"content":{"rendered":"<h2>Black Leaf Glastips 7mm<\/h2>\n<p>Die von Hand gefertigten Glas-Tips von &#8216;Black Leaf&#8217; bestehen aus hochwertigem Borosilikatglas und haben in diesem Pack 3 St\u00fcck mit einem Innen-Durchmesser von 7 mm f\u00fcr selbstgdrehte Zigaretten oder versch. Filter. Nach Wunsch kann man auch vorher einen passenden Aktivkohlefilter oder Tip einsetzten. Durch das geschmacksneutrale Borosilikatglas sorgen diese Glastips f\u00fcr den unverf\u00e4lschten Genu\u00df mit Stil. Nie wieder Papiergeschmack oder aufgeweichte Endst\u00fccke!<\/p>\n<h3>\u00dcber Black Leaf:<\/h3>\n<div>\n<p>In Weed We Trust ? Smoking\u00a0<em>Paraphernalia<\/em>\u00a0seit 1988: Bongs, Pfeifen, Vaporizer, Grinder, Dabbing Zubeh\u00f6r, Paper &amp; Filter, Lifestyle Produkte. Es gibt viele Innovative Produkte der Marke die auch die ein oder andere Weltneuheit erschaffen haben. Im Shop bieten wir von allen Produkten die beste Auswahl.<\/p>\n<\/div>\n","protected":false},"excerpt":{"rendered":"<p>Black Leaf Glastips 7mm Die von Hand gefertigten Glas-Tips von &#8216;Black Leaf&#8217; bestehen aus hochwertigem Borosilikatglas und haben in diesem<\/p>\n","protected":false},"featured_media":16973,"comment_status":"open","ping_status":"open","template":"","meta":{"_acf_changed":false},"product_cat":[2499,2732,2451],"product_tag":[2521],"acf":[],"_links":{"self":[{"href":"https:\/\/donaulife-new.ogrisdigital.at\/sv\/wp-json\/wp\/v2\/product\/50746"}],"collection":[{"href":"https:\/\/donaulife-new.ogrisdigital.at\/sv\/wp-json\/wp\/v2\/product"}],"about":[{"href":"https:\/\/donaulife-new.ogrisdigital.at\/sv\/wp-json\/wp\/v2\/types\/product"}],"replies":[{"embeddable":true,"href":"https:\/\/donaulife-new.ogrisdigital.at\/sv\/wp-json\/wp\/v2\/comments?post=50746"}],"wp:featuredmedia":[{"embeddable":true,"href":"https:\/\/donaulife-new.ogrisdigital.at\/sv\/wp-json\/wp\/v2\/media\/16973"}],"wp:attachment":[{"href":"https:\/\/donaulife-new.ogrisdigital.at\/sv\/wp-json\/wp\/v2\/media?parent=50746"}],"wp:term":[{"taxonomy":"product_cat","embeddable":true,"href":"https:\/\/donaulife-new.ogrisdigital.at\/sv\/wp-json\/wp\/v2\/product_cat?post=50746"},{"taxonomy":"product_tag","embeddable":true,"href":"https:\/\/donaulife-new.ogrisdigital.at\/sv\/wp-json\/wp\/v2\/product_tag?post=50746"}],"curies":[{"name":"wp","href":"https:\/\/api.w.org\/{rel}","templated":true}]}}