{"id":50721,"date":"2018-01-03T13:12:56","date_gmt":"2018-01-03T13:12:56","guid":{"rendered":"https:\/\/donaulife-new.ogrisdigital.at\/produkt\/bongbuerste-rasta-style\/"},"modified":"2024-07-01T00:24:17","modified_gmt":"2024-07-01T00:24:17","slug":"bongbuerste-rasta-style","status":"publish","type":"product","link":"https:\/\/donaulife-new.ogrisdigital.at\/sv\/bongbuerste-rasta-style\/","title":{"rendered":"Bongb\u00fcrste Rasta Style | 30\/45\/95 cm"},"content":{"rendered":"<h2>Bongb\u00fcrste Rasta Style mit 30, 45 oder 95 cm<\/h2>\n<p>Nie wieder verdreckte Bongs, mit dieser Rasta Bongb\u00fcrste bekommst du selbst die Bongs wieder sauber. In kombination mit starkem Reinigungsalkohol verwandelst du mit dieser B\u00fcrste deine alte verdreckte Bong wieder in das gl\u00e4nzende Schmuckst\u00fcck das sie einst war!<\/p>\n","protected":false},"excerpt":{"rendered":"<p>Bongb\u00fcrste Rasta Style mit 30, 45 oder 95 cm Nie wieder verdreckte Bongs, mit dieser Rasta Bongb\u00fcrste bekommst du selbst<\/p>\n","protected":false},"featured_media":16793,"comment_status":"open","ping_status":"open","template":"","meta":{"_acf_changed":false},"product_cat":[2459,2719,2718,2460],"product_tag":[],"acf":[],"_links":{"self":[{"href":"https:\/\/donaulife-new.ogrisdigital.at\/sv\/wp-json\/wp\/v2\/product\/50721"}],"collection":[{"href":"https:\/\/donaulife-new.ogrisdigital.at\/sv\/wp-json\/wp\/v2\/product"}],"about":[{"href":"https:\/\/donaulife-new.ogrisdigital.at\/sv\/wp-json\/wp\/v2\/types\/product"}],"replies":[{"embeddable":true,"href":"https:\/\/donaulife-new.ogrisdigital.at\/sv\/wp-json\/wp\/v2\/comments?post=50721"}],"wp:featuredmedia":[{"embeddable":true,"href":"https:\/\/donaulife-new.ogrisdigital.at\/sv\/wp-json\/wp\/v2\/media\/16793"}],"wp:attachment":[{"href":"https:\/\/donaulife-new.ogrisdigital.at\/sv\/wp-json\/wp\/v2\/media?parent=50721"}],"wp:term":[{"taxonomy":"product_cat","embeddable":true,"href":"https:\/\/donaulife-new.ogrisdigital.at\/sv\/wp-json\/wp\/v2\/product_cat?post=50721"},{"taxonomy":"product_tag","embeddable":true,"href":"https:\/\/donaulife-new.ogrisdigital.at\/sv\/wp-json\/wp\/v2\/product_tag?post=50721"}],"curies":[{"name":"wp","href":"https:\/\/api.w.org\/{rel}","templated":true}]}}