{"id":50653,"date":"2017-10-08T13:12:56","date_gmt":"2017-10-08T13:12:56","guid":{"rendered":"https:\/\/donaulife-new.ogrisdigital.at\/produkt\/amsterdam-behaelter-rolling-tray\/"},"modified":"2024-07-01T00:23:24","modified_gmt":"2024-07-01T00:23:24","slug":"amsterdam-behaelter-rolling-tray","status":"publish","type":"product","link":"https:\/\/donaulife-new.ogrisdigital.at\/sv\/amsterdam-behaelter-rolling-tray\/","title":{"rendered":"Amsterdam Beh\u00e4lter mit Rolling Tray | S"},"content":{"rendered":"<p>Diese Box im edlen Holz Design ist nicht nur eine gew\u00f6hnlicher Beh\u00e4lter f\u00fcr all dein Rollzubeh\u00f6r. Sie ist gleichzeitig ein Rollingtray mit dem man die H\u00e4nde frei hat f\u00fcr die wirklich wichtigen Dinge.<\/p>\n","protected":false},"excerpt":{"rendered":"<p>Diese Box im edlen Holz Design ist nicht nur eine gew\u00f6hnlicher Beh\u00e4lter f\u00fcr all dein Rollzubeh\u00f6r. Sie ist gleichzeitig ein<\/p>\n","protected":false},"featured_media":16090,"comment_status":"open","ping_status":"open","template":"","meta":{"_acf_changed":false},"product_cat":[2607,2451,2678],"product_tag":[],"acf":[],"_links":{"self":[{"href":"https:\/\/donaulife-new.ogrisdigital.at\/sv\/wp-json\/wp\/v2\/product\/50653"}],"collection":[{"href":"https:\/\/donaulife-new.ogrisdigital.at\/sv\/wp-json\/wp\/v2\/product"}],"about":[{"href":"https:\/\/donaulife-new.ogrisdigital.at\/sv\/wp-json\/wp\/v2\/types\/product"}],"replies":[{"embeddable":true,"href":"https:\/\/donaulife-new.ogrisdigital.at\/sv\/wp-json\/wp\/v2\/comments?post=50653"}],"wp:featuredmedia":[{"embeddable":true,"href":"https:\/\/donaulife-new.ogrisdigital.at\/sv\/wp-json\/wp\/v2\/media\/16090"}],"wp:attachment":[{"href":"https:\/\/donaulife-new.ogrisdigital.at\/sv\/wp-json\/wp\/v2\/media?parent=50653"}],"wp:term":[{"taxonomy":"product_cat","embeddable":true,"href":"https:\/\/donaulife-new.ogrisdigital.at\/sv\/wp-json\/wp\/v2\/product_cat?post=50653"},{"taxonomy":"product_tag","embeddable":true,"href":"https:\/\/donaulife-new.ogrisdigital.at\/sv\/wp-json\/wp\/v2\/product_tag?post=50653"}],"curies":[{"name":"wp","href":"https:\/\/api.w.org\/{rel}","templated":true}]}}