{"id":50394,"date":"2016-09-12T20:01:48","date_gmt":"2016-09-12T20:01:48","guid":{"rendered":"https:\/\/donaulife-new.ogrisdigital.at\/produkt\/midas-glaspfeife-gold-bedampft-zacken\/"},"modified":"2024-07-01T00:20:41","modified_gmt":"2024-07-01T00:20:41","slug":"midas-glaspfeife-gold-bedampft-zacken","status":"publish","type":"product","link":"https:\/\/donaulife-new.ogrisdigital.at\/sv\/midas-glaspfeife-gold-bedampft-zacken\/","title":{"rendered":"BLACK LEAF Purpfeife aus Glas &#8216;Midas&#8217; | 11 cm"},"content":{"rendered":"<h2>Black Leaf Glaspfeife mit Zacken<\/h2>\n<p>Diese goldbedampfte Handpfeife wurde von &#8216;Midas&#8217; pers\u00f6nlich ber\u00fchrt. Mit ihren Zacken liegt sie perfekt in der Hand und l\u00e4uft nicht Gefahr Richtung Boden zu fallen. Mit einer L\u00e4nge von 11 cm passt sie perfekt in jede noch so kleine Schublade.<\/p>\n<h3><span style=\"font-size: 20.16px;\">\u00dcber Black Leaf:<\/span><\/h3>\n<div>\n<p>In Weed We Trust ? Smoking\u00a0<em>Paraphernalia<\/em> seit 1988: Bongs, Pfeifen, Vaporizer, Grinder, Dabbing Zubeh\u00f6r, Paper &amp; Filter, Lifestyle Produkte. Es gibt viele Innovative Produkte der Marke die auch die ein oder andere Weltneuheit erschaffen haben. Im Shop bieten wir von allen Produkten die beste Auswahl.<\/p>\n<\/div>\n","protected":false},"excerpt":{"rendered":"<p>Black Leaf Glaspfeife mit Zacken Diese goldbedampfte Handpfeife wurde von &#8216;Midas&#8217; pers\u00f6nlich ber\u00fchrt. Mit ihren Zacken liegt sie perfekt in<\/p>\n","protected":false},"featured_media":14401,"comment_status":"open","ping_status":"open","template":"","meta":{"_acf_changed":false},"product_cat":[2502,2451,2501],"product_tag":[2521],"acf":[],"_links":{"self":[{"href":"https:\/\/donaulife-new.ogrisdigital.at\/sv\/wp-json\/wp\/v2\/product\/50394"}],"collection":[{"href":"https:\/\/donaulife-new.ogrisdigital.at\/sv\/wp-json\/wp\/v2\/product"}],"about":[{"href":"https:\/\/donaulife-new.ogrisdigital.at\/sv\/wp-json\/wp\/v2\/types\/product"}],"replies":[{"embeddable":true,"href":"https:\/\/donaulife-new.ogrisdigital.at\/sv\/wp-json\/wp\/v2\/comments?post=50394"}],"wp:featuredmedia":[{"embeddable":true,"href":"https:\/\/donaulife-new.ogrisdigital.at\/sv\/wp-json\/wp\/v2\/media\/14401"}],"wp:attachment":[{"href":"https:\/\/donaulife-new.ogrisdigital.at\/sv\/wp-json\/wp\/v2\/media?parent=50394"}],"wp:term":[{"taxonomy":"product_cat","embeddable":true,"href":"https:\/\/donaulife-new.ogrisdigital.at\/sv\/wp-json\/wp\/v2\/product_cat?post=50394"},{"taxonomy":"product_tag","embeddable":true,"href":"https:\/\/donaulife-new.ogrisdigital.at\/sv\/wp-json\/wp\/v2\/product_tag?post=50394"}],"curies":[{"name":"wp","href":"https:\/\/api.w.org\/{rel}","templated":true}]}}